{"id":22089,"date":"2022-07-06T21:19:45","date_gmt":"2022-07-06T19:19:45","guid":{"rendered":"http:\/\/www.europagymnasium.at\/?page_id=22089"},"modified":"2025-12-22T08:49:48","modified_gmt":"2025-12-22T07:49:48","slug":"host-familiy","status":"publish","type":"page","link":"https:\/\/www.europagymnasium.at\/en\/host-familiy\/","title":{"rendered":"Partner Schools"},"content":{"rendered":"\n<p><span style=\"font-family: Aptos Narrow, serif;\">Finland:<\/span><\/p>\n<ul>\n<li><span style=\"font-family: Aptos Narrow, serif;\">Helsinki Upper Secondary School of Languages (Helsinki)<\/span><\/li>\n<\/ul>\n<p><span style=\"font-family: Aptos Narrow, serif;\">France:<\/span><\/p>\n<ul>\n<li><span style=\"font-family: Aptos Narrow, serif;\">Lyc\u00e9e d&#8217;Arsonval (Paris)<\/span><\/li>\n<li><span style=\"font-family: Aptos Narrow, serif;\">Lyc\u00e9e Benjamin Franklin (Auray)<\/span><\/li>\n<li><span style=\"font-family: Aptos Narrow, serif;\">Lyc\u00e9e Blaise Pascal (Segr\u00e9-en-Anjou-Bleu)<\/span><\/li>\n<\/ul>\n<p><span style=\"font-family: Aptos Narrow, serif;\">Italy:<\/span><\/p>\n<ul>\n<li><span style=\"font-family: Aptos Narrow, serif;\">Liceo Irene da Spilimbergo (San Pietro al Natisone)<\/span><\/li>\n<li><span style=\"font-family: Aptos Narrow, serif;\">Liceo Scientifico di Stato \u201cA. Calini\u201d (Brescia)<\/span><\/li>\n<\/ul>\n<p><span style=\"font-family: Aptos Narrow, serif;\">Sweden:<\/span><\/p>\n<ul>\n<li><span style=\"font-family: Aptos Narrow, serif;\">Midsommarkransensgymnasium (Stockholm)<\/span><\/li>\n<\/ul>\n<p><span style=\"font-family: Aptos Narrow, serif;\">Slovenia:<\/span><\/p>\n<ul>\n<li><span style=\"font-family: Aptos Narrow, serif;\">Gimnazija \u017delimlje (\u017delimlje)<\/span><\/li>\n<\/ul>\n<p><span style=\"font-family: Aptos Narrow, serif;\">Spain:<\/span><\/p>\n<ul>\n<li><span style=\"font-family: Aptos Narrow, serif;\">IES Fidiana (C\u00f3rdoba)<\/span><\/li>\n<\/ul>\n\n\n","protected":false},"excerpt":{"rendered":"<p class=\"post-excerpt\">Finland: Helsinki Upper Secondary School of Languages (Helsinki) France: Lyc\u00e9e d&#8217;Arsonval (Paris) Lyc\u00e9e Benjamin Franklin (Auray) Lyc\u00e9e Blaise Pascal (Segr\u00e9-en-Anjou-Bleu)&hellip;<\/p>\n<div class=\"link-more\"><a href=\"https:\/\/www.europagymnasium.at\/en\/host-familiy\/\">Continue reading<span class=\"screen-reader-text\"> \"Partner Schools\"<\/span>&hellip;<\/a><\/div>","protected":false},"author":1,"featured_media":0,"parent":0,"menu_order":0,"comment_status":"closed","ping_status":"closed","template":"","meta":{"ngg_post_thumbnail":0,"footnotes":""},"class_list":["post-22089","page","type-page","status-publish","hentry"],"_links":{"self":[{"href":"https:\/\/www.europagymnasium.at\/en\/wp-json\/wp\/v2\/pages\/22089","targetHints":{"allow":["GET"]}}],"collection":[{"href":"https:\/\/www.europagymnasium.at\/en\/wp-json\/wp\/v2\/pages"}],"about":[{"href":"https:\/\/www.europagymnasium.at\/en\/wp-json\/wp\/v2\/types\/page"}],"author":[{"embeddable":true,"href":"https:\/\/www.europagymnasium.at\/en\/wp-json\/wp\/v2\/users\/1"}],"replies":[{"embeddable":true,"href":"https:\/\/www.europagymnasium.at\/en\/wp-json\/wp\/v2\/comments?post=22089"}],"version-history":[{"count":4,"href":"https:\/\/www.europagymnasium.at\/en\/wp-json\/wp\/v2\/pages\/22089\/revisions"}],"predecessor-version":[{"id":27279,"href":"https:\/\/www.europagymnasium.at\/en\/wp-json\/wp\/v2\/pages\/22089\/revisions\/27279"}],"wp:attachment":[{"href":"https:\/\/www.europagymnasium.at\/en\/wp-json\/wp\/v2\/media?parent=22089"}],"curies":[{"name":"wp","href":"https:\/\/api.w.org\/{rel}","templated":true}]}}