{"id":21415,"date":"2021-11-28T14:35:27","date_gmt":"2021-11-28T13:35:27","guid":{"rendered":"http:\/\/www.europagymnasium.at\/?page_id=21415"},"modified":"2021-12-28T13:30:45","modified_gmt":"2021-12-28T12:30:45","slug":"laptops-and-more","status":"publish","type":"page","link":"https:\/\/www.europagymnasium.at\/en\/laptops-and-more\/","title":{"rendered":"IT&#038;Laptops"},"content":{"rendered":"<p><strong>Auf dieser Seite erhalten sie weitere Informationen \u00fcber die Ger\u00e4teinitiative.<\/strong><\/p>\n<p>Sollten sie technische Probleme haben wenden Sie sich bitte direkt an die Firma Cancom.<br \/>\n<a href=\"https:\/\/acer.cancom.at\/schulnotebooks\/\" target=\"_blank\" rel=\"noopener\">https:\/\/acer.cancom.at\/schulnotebooks\/<\/a><\/p>\n<p>Um einen Garantiefall (<strong>verl\u00e4ngerte Garantie von 4 Jahren<\/strong>) einzureichen ben\u00f6tigen sie den <strong>Eigentumsnachweis<\/strong>. Dieser wird von der Schule sicher aufbewahrt und kann bei Bedarf jederzeit im Sekretariat abgeholt und gestempelt werden.<\/p>\n<p>&nbsp;<\/p>\n<p>&nbsp;<\/p>\n<p><strong>Ger\u00e4tetyp:<\/strong><br \/>\nAcer Travelmate 14<\/p>\n<p><a href=\"http:\/\/www.europagymnasium.at\/wp-content\/uploads\/2021\/11\/acer-travelmate-p2-tmp215-53-52d3-1-e1638107203706.jpg\"><img loading=\"lazy\" decoding=\"async\" class=\"alignnone wp-image-14803 size-thumbnail\" src=\"http:\/\/www.europagymnasium.at\/wp-content\/uploads\/2021\/11\/acer-travelmate-p2-tmp215-53-52d3-1-e1638107203706-420x298.jpg\" alt=\"\" width=\"420\" height=\"298\" srcset=\"https:\/\/www.europagymnasium.at\/wp-content\/uploads\/2021\/11\/acer-travelmate-p2-tmp215-53-52d3-1-e1638107203706-420x298.jpg 420w, https:\/\/www.europagymnasium.at\/wp-content\/uploads\/2021\/11\/acer-travelmate-p2-tmp215-53-52d3-1-e1638107203706-744x528.jpg 744w, https:\/\/www.europagymnasium.at\/wp-content\/uploads\/2021\/11\/acer-travelmate-p2-tmp215-53-52d3-1-e1638107203706-768x545.jpg 768w, https:\/\/www.europagymnasium.at\/wp-content\/uploads\/2021\/11\/acer-travelmate-p2-tmp215-53-52d3-1-e1638107203706-423x300.jpg 423w, https:\/\/www.europagymnasium.at\/wp-content\/uploads\/2021\/11\/acer-travelmate-p2-tmp215-53-52d3-1-e1638107203706.jpg 888w\" sizes=\"auto, (max-width: 420px) 100vw, 420px\" \/><\/a><\/p>\n<p>&nbsp;<\/p>\n<p><strong><a href=\"https:\/\/digitaleslernen.oead.at\/de\/fuer-eltern\/worum-geht-es\" target=\"_blank\" rel=\"noopener\">&gt; Die Ger\u00e4teinitiative: Worum geht es?<\/a><\/strong><\/p>\n<p><a href=\"http:\/\/www.europagymnasium.at\/wp-content\/uploads\/2021\/10\/Screenshot_20211015_085255.png\"><img loading=\"lazy\" decoding=\"async\" class=\"alignnone size-medium wp-image-14686\" src=\"http:\/\/www.europagymnasium.at\/wp-content\/uploads\/2021\/10\/Screenshot_20211015_085255-744x216.png\" alt=\"\" width=\"744\" height=\"216\" srcset=\"https:\/\/www.europagymnasium.at\/wp-content\/uploads\/2021\/10\/Screenshot_20211015_085255-744x216.png 744w, https:\/\/www.europagymnasium.at\/wp-content\/uploads\/2021\/10\/Screenshot_20211015_085255-420x122.png 420w, https:\/\/www.europagymnasium.at\/wp-content\/uploads\/2021\/10\/Screenshot_20211015_085255-768x223.png 768w, https:\/\/www.europagymnasium.at\/wp-content\/uploads\/2021\/10\/Screenshot_20211015_085255-450x130.png 450w, https:\/\/www.europagymnasium.at\/wp-content\/uploads\/2021\/10\/Screenshot_20211015_085255.png 1097w\" sizes=\"auto, (max-width: 744px) 100vw, 744px\" \/><\/a><\/p>\n<p><strong><a href=\"https:\/\/digitaleslernen.oead.at\/de\/fuer-eltern\/geraete-support\" target=\"_blank\" rel=\"noopener\">&gt; Ger\u00e4te &amp; Support<\/a><\/strong><\/p>\n<p><a href=\"http:\/\/www.europagymnasium.at\/wp-content\/uploads\/2021\/10\/Screenshot_20211015_085240.png\"><img loading=\"lazy\" decoding=\"async\" class=\"alignnone size-medium wp-image-14685\" src=\"http:\/\/www.europagymnasium.at\/wp-content\/uploads\/2021\/10\/Screenshot_20211015_085240-744x216.png\" alt=\"\" width=\"744\" height=\"216\" srcset=\"https:\/\/www.europagymnasium.at\/wp-content\/uploads\/2021\/10\/Screenshot_20211015_085240-744x216.png 744w, https:\/\/www.europagymnasium.at\/wp-content\/uploads\/2021\/10\/Screenshot_20211015_085240-420x122.png 420w, https:\/\/www.europagymnasium.at\/wp-content\/uploads\/2021\/10\/Screenshot_20211015_085240-768x223.png 768w, https:\/\/www.europagymnasium.at\/wp-content\/uploads\/2021\/10\/Screenshot_20211015_085240-450x130.png 450w, https:\/\/www.europagymnasium.at\/wp-content\/uploads\/2021\/10\/Screenshot_20211015_085240.png 1097w\" sizes=\"auto, (max-width: 744px) 100vw, 744px\" \/><\/a><\/p>\n<p><strong><a href=\"https:\/\/digitaleslernen.oead.at\/de\/fuer-eltern\/bezahlung-befreiung\" target=\"_blank\" rel=\"noopener\">&gt; Bezahlung &amp; Befreiung<\/a><\/strong><\/p>\n<p><a href=\"http:\/\/www.europagymnasium.at\/wp-content\/uploads\/2021\/10\/Screenshot_20211015_085334.png\"><img loading=\"lazy\" decoding=\"async\" class=\"alignnone size-medium wp-image-14687\" src=\"http:\/\/www.europagymnasium.at\/wp-content\/uploads\/2021\/10\/Screenshot_20211015_085334-744x216.png\" alt=\"\" width=\"744\" height=\"216\" srcset=\"https:\/\/www.europagymnasium.at\/wp-content\/uploads\/2021\/10\/Screenshot_20211015_085334-744x216.png 744w, https:\/\/www.europagymnasium.at\/wp-content\/uploads\/2021\/10\/Screenshot_20211015_085334-420x122.png 420w, https:\/\/www.europagymnasium.at\/wp-content\/uploads\/2021\/10\/Screenshot_20211015_085334-768x223.png 768w, https:\/\/www.europagymnasium.at\/wp-content\/uploads\/2021\/10\/Screenshot_20211015_085334-450x130.png 450w, https:\/\/www.europagymnasium.at\/wp-content\/uploads\/2021\/10\/Screenshot_20211015_085334.png 1097w\" sizes=\"auto, (max-width: 744px) 100vw, 744px\" \/><\/a><\/p>\n<p><strong><a href=\"https:\/\/digitaleslernen.oead.at\/de\/garantie-versicherung\" target=\"_blank\" rel=\"noopener\">&gt; Garantie und Versicherung<\/a><\/strong><\/p>\n<p><a href=\"http:\/\/www.europagymnasium.at\/wp-content\/uploads\/2021\/10\/Screenshot_20211015_085353.png\"><img loading=\"lazy\" decoding=\"async\" class=\"alignnone size-medium wp-image-14688\" src=\"http:\/\/www.europagymnasium.at\/wp-content\/uploads\/2021\/10\/Screenshot_20211015_085353-744x216.png\" alt=\"\" width=\"744\" height=\"216\" srcset=\"https:\/\/www.europagymnasium.at\/wp-content\/uploads\/2021\/10\/Screenshot_20211015_085353-744x216.png 744w, https:\/\/www.europagymnasium.at\/wp-content\/uploads\/2021\/10\/Screenshot_20211015_085353-420x122.png 420w, https:\/\/www.europagymnasium.at\/wp-content\/uploads\/2021\/10\/Screenshot_20211015_085353-768x223.png 768w, https:\/\/www.europagymnasium.at\/wp-content\/uploads\/2021\/10\/Screenshot_20211015_085353-450x130.png 450w, https:\/\/www.europagymnasium.at\/wp-content\/uploads\/2021\/10\/Screenshot_20211015_085353.png 1097w\" sizes=\"auto, (max-width: 744px) 100vw, 744px\" \/><\/a><\/p>\n<p><strong><a href=\"https:\/\/digitaleslernen.oead.at\/de\/faqs\/faqs-fuer-erziehungsberechtigte\" target=\"_blank\" rel=\"noopener\">&gt; H\u00e4ufig gestellte Fragen<\/a><\/strong><\/p>\n<p><a href=\"http:\/\/www.europagymnasium.at\/wp-content\/uploads\/2021\/10\/Screenshot_20211015_085840.png\"><img loading=\"lazy\" decoding=\"async\" class=\"alignnone size-full wp-image-14690\" src=\"http:\/\/www.europagymnasium.at\/wp-content\/uploads\/2021\/10\/Screenshot_20211015_085840.png\" alt=\"\" width=\"355\" height=\"268\"><\/a><\/p>\n<p>&nbsp;<\/p>\n<p>&nbsp;<\/p>\n<p><strong><a href=\"https:\/\/digitaleslernen.oead.at\/fileadmin\/Dokumente\/digitaleslernen.oead.at\/Allgemeine_Vertragsbedingungen.pdf\" target=\"_blank\" rel=\"noopener\">&gt; Allgemeine Vertragsbedingungen&nbsp;<\/a><br \/>\n<\/strong>Hier finden Sie die Allgemeinen Vertragsbedinungen zur Ausstattung mit digitalen Endger\u00e4ten (AVB). Diese m\u00fcssen nicht ausgedruckt werden, da die &#8220;Unterschrift&#8221; digital mittels Online-Formular erfolgt.<\/p>\n<p><strong><a href=\"https:\/\/digitaleslernen.oead.at\/fileadmin\/Dokumente\/digitaleslernen.oead.at\/OeAD_Hilfestellung_AVB_Bezahlung_Befreiung.pdf\" target=\"_blank\" rel=\"noopener\">&gt; Hilfestellung zur Best\u00e4tigung der AVB, Bezahlung &amp; Befreiung<\/a><br \/>\n<\/strong>Das folgende Dokument gibt Ihnen eine Schritt-f\u00fcr-Schritt Anleitung, wie Sie bei der Best\u00e4tigung der AVB, der Bezahlung bzw. Befreiung vorgehen m\u00fcssen.<\/p>\n","protected":false},"excerpt":{"rendered":"<p class=\"post-excerpt\">Auf dieser Seite erhalten sie weitere Informationen \u00fcber die Ger\u00e4teinitiative. Sollten sie technische Probleme haben wenden Sie sich bitte direkt&hellip;<\/p>\n<div class=\"link-more\"><a href=\"https:\/\/www.europagymnasium.at\/en\/laptops-and-more\/\">Continue reading<span class=\"screen-reader-text\"> \"IT&#038;Laptops\"<\/span>&hellip;<\/a><\/div>","protected":false},"author":1,"featured_media":21315,"parent":0,"menu_order":0,"comment_status":"closed","ping_status":"closed","template":"","meta":{"ngg_post_thumbnail":0,"footnotes":""},"class_list":["post-21415","page","type-page","status-publish","has-post-thumbnail","hentry"],"_links":{"self":[{"href":"https:\/\/www.europagymnasium.at\/en\/wp-json\/wp\/v2\/pages\/21415","targetHints":{"allow":["GET"]}}],"collection":[{"href":"https:\/\/www.europagymnasium.at\/en\/wp-json\/wp\/v2\/pages"}],"about":[{"href":"https:\/\/www.europagymnasium.at\/en\/wp-json\/wp\/v2\/types\/page"}],"author":[{"embeddable":true,"href":"https:\/\/www.europagymnasium.at\/en\/wp-json\/wp\/v2\/users\/1"}],"replies":[{"embeddable":true,"href":"https:\/\/www.europagymnasium.at\/en\/wp-json\/wp\/v2\/comments?post=21415"}],"version-history":[{"count":5,"href":"https:\/\/www.europagymnasium.at\/en\/wp-json\/wp\/v2\/pages\/21415\/revisions"}],"predecessor-version":[{"id":25705,"href":"https:\/\/www.europagymnasium.at\/en\/wp-json\/wp\/v2\/pages\/21415\/revisions\/25705"}],"wp:featuredmedia":[{"embeddable":true,"href":"https:\/\/www.europagymnasium.at\/en\/wp-json\/wp\/v2\/media\/21315"}],"wp:attachment":[{"href":"https:\/\/www.europagymnasium.at\/en\/wp-json\/wp\/v2\/media?parent=21415"}],"curies":[{"name":"wp","href":"https:\/\/api.w.org\/{rel}","templated":true}]}}