{"id":17260,"date":"2011-12-21T21:18:06","date_gmt":"2011-12-21T20:18:06","guid":{"rendered":"http:\/\/www.europagymnasium.at\/bibliotheksordnung\/"},"modified":"2011-12-21T21:18:06","modified_gmt":"2011-12-21T20:18:06","slug":"bibliotheksordnung","status":"publish","type":"page","link":"https:\/\/www.europagymnasium.at\/en\/bibliotheksordnung\/","title":{"rendered":"Bibliotheksordnung"},"content":{"rendered":"<p>1. Die Bibliothek ist ein Ort des Studiums. Jedes L\u00e4rmen, unn\u00f6tiges Herumlaufen, das Betreten der Bibliothek mit Esswaren, S\u00fc\u00dfigkeiten und Getr\u00e4nken ist zu unterlassen. Eine entspannte, ruhige Atmosph\u00e4re soll ein gutes Arbeitsklima gew\u00e4hrleisten. B\u00fccher und Ger\u00e4te d\u00fcrfen nur mit sauberen H\u00e4nden angefasst und nicht besch\u00e4digt werden.<\/p>\n<p>2. In der Regel d\u00fcrfen nicht mehr als 4 B\u00fccher gleichzeitig ausgeliehen werden. Die Entlehnzeit betr\u00e4gt 3 Wochen, kann jedoch durch Vorzeigen des Buches verl\u00e4ngert werden.<\/p>\n<p>3. Sch\u00fcler der 8. Klasse m\u00fcssen im 2. Semester beim Bibliotheksleiter 40,- Euro Kaution hinterlegen, die sie nach der Matura bei R\u00fcckgabe aller B\u00fccher zur\u00fcckerhalten.<\/p>\n<p>4. Eine Abgangsbest\u00e4tigung von der Schule wird nur ausgestellt, wenn alle B\u00fccher an die Bibliothek zur\u00fcckgestellt wurden.<\/p>\n<p>5. Jegliches Ausleihen von B\u00fcchern ist nur m\u00f6glich, wenn das Buch vom Bibliothekar in den Computer eingetragen wurde. Jede Selbstentnahme und Mitnahme von B\u00fcchern und Zeitschriften, die Hinterlassung von Zetteln mit subjektiven Entlehnvermerken und \u00c4hnliches ist zu unterlassen.<\/p>\n<p>6. Nachschlagewerke (Systematikgruppe 1.1 bis 1.5 \/ wei\u00dfes Pickerl) sind nicht entlehnbar und d\u00fcrfen nur innerhalb der Bibliothek benutzt werden.<\/p>\n<p>7. Die Sitzstufen sind f\u00fcr den Unterricht oder f\u00fcr Dialogveranstaltungen in der Bibliothek vorgesehen, nicht zum Liegen oder Jausnen w\u00e4hrend der Pausen. Die Sitzstufen d\u00fcrfen nur mit Hausschuhen oder Zweitschuhen betreten werden, auch in der Zeit, in der die Hausschuhpflicht im Schulgeb\u00e4ude allgemein aufgehoben ist.<\/p>\n<p>8. Der Verwaltungscomputer der Schulbibliothek darf ausschlie\u00dflich von den dazu befugten Schulbibliothekaren benutzt werden.<\/p>\n<p>9. Das Internet in der Bibliothek dient prim\u00e4r der Informationsbeschaffung und Bildung, nicht aber reinen Unterhaltungszwecken und privaten, au\u00dferschulischen Interessen. Das Aufrufen von Spielen und von Seiten mit gewaltt\u00e4tigen oder sonstigen fragw\u00fcrdigen Inhalten ist untersagt. Unterrichtsbezogene Recherchen haben Vorrang.<\/p>\n<p>10. Jeder Benutzer einer PC-Workstation ist f\u00fcr den normalen Umgang mit den Ger\u00e4ten und f\u00fcr die Sauberkeit des Arbeitsplatzes verantwortlich. Sch\u00e4den an den Ger\u00e4ten sind sofort zu melden. M\u00fcll ist in den Abfallk\u00fcbel zu werfen, jede Verschmutzung ist vom Verursacher in angemessener Weise zu beseitigen.<\/p>\n<p>11. Die Bibliothekare haben die Pflicht und das Recht, die Einhaltung der Bibliotheksregeln zu kontrollieren und Nutzer, die sich nicht daran halten, n\u00f6tigenfalls aus der Bibliothek zu verweisen.<\/p>\n<p>\u00a0<\/p>\n<p><strong>Grunds\u00e4tzlich gelten auch in der Bibliothek die Verhaltensrichtlinien der Schule.<\/strong> <\/p>\n","protected":false},"excerpt":{"rendered":"<p class=\"post-excerpt\">1. Die Bibliothek ist ein Ort des Studiums. Jedes L\u00e4rmen, unn\u00f6tiges Herumlaufen, das Betreten der Bibliothek mit Esswaren, S\u00fc\u00dfigkeiten und&hellip;<\/p>\n<div class=\"link-more\"><a href=\"https:\/\/www.europagymnasium.at\/en\/bibliotheksordnung\/\">Continue reading<span class=\"screen-reader-text\"> \"Bibliotheksordnung\"<\/span>&hellip;<\/a><\/div>","protected":false},"author":1,"featured_media":0,"parent":0,"menu_order":0,"comment_status":"open","ping_status":"open","template":"","meta":{"footnotes":""},"class_list":["post-17260","page","type-page","status-publish","hentry"],"_links":{"self":[{"href":"https:\/\/www.europagymnasium.at\/en\/wp-json\/wp\/v2\/pages\/17260","targetHints":{"allow":["GET"]}}],"collection":[{"href":"https:\/\/www.europagymnasium.at\/en\/wp-json\/wp\/v2\/pages"}],"about":[{"href":"https:\/\/www.europagymnasium.at\/en\/wp-json\/wp\/v2\/types\/page"}],"author":[{"embeddable":true,"href":"https:\/\/www.europagymnasium.at\/en\/wp-json\/wp\/v2\/users\/1"}],"replies":[{"embeddable":true,"href":"https:\/\/www.europagymnasium.at\/en\/wp-json\/wp\/v2\/comments?post=17260"}],"version-history":[{"count":0,"href":"https:\/\/www.europagymnasium.at\/en\/wp-json\/wp\/v2\/pages\/17260\/revisions"}],"wp:attachment":[{"href":"https:\/\/www.europagymnasium.at\/en\/wp-json\/wp\/v2\/media?parent=17260"}],"curies":[{"name":"wp","href":"https:\/\/api.w.org\/{rel}","templated":true}]}}