{"id":989,"date":"2012-01-27T01:31:44","date_gmt":"2012-01-27T00:31:44","guid":{"rendered":"http:\/\/www.europagymnasium.at\/\/?page_id=989"},"modified":"2012-01-27T01:31:44","modified_gmt":"2012-01-27T00:31:44","slug":"maja-haderlap-im-europagymnasium","status":"publish","type":"page","link":"https:\/\/www.europagymnasium.at\/de\/maja-haderlap-im-europagymnasium\/","title":{"rendered":"Maja Haderlap zu Gast in der Schulbibliothek"},"content":{"rendered":"<table style=\"width: 692px; height: 483px;\" border=\"0\">\n<tbody>\n<tr>\n<td><a href=\"http:\/\/www.europagymnasium.at\/wp-content\/uploads\/2012\/01\/Haderlap_2.jpg\"><img loading=\"lazy\" decoding=\"async\" class=\"alignleft  wp-image-1173\" title=\"Maja Haderlap zu Gast in der Schulbibliothek\" src=\"http:\/\/www.europagymnasium.at\/wp-content\/uploads\/2012\/01\/Haderlap_2.jpg\" alt=\"Haderlap_2\" width=\"682\" height=\"473\" \/><\/a><\/td>\n<\/tr>\n<\/tbody>\n<\/table>\n<p>&nbsp;<\/p>\n<p>Am 26. J\u00e4nner 2012 begegneten unsere drei 7. Klassen der Autorin Maja Haderlap in der 5. und 6. Stunde in der Schulbibliothek.<\/p>\n<p>Haderlap, geboren 1961 in Bad Eisenkappel\/\u017delezna Kapla, fand bereits 1983 mit ihrem ersten Gedichtband <em>\u017dalik pesmi<\/em> als Lyrikerin Beachtung. Die K\u00e4rntner Slowenin schreibt und dichtet in beiden Landessprachen und arbeitet auch als \u00dcbersetzerin aus dem Slowenischen ins Deutsche.<\/p>\n<p>Die Ingeborg-Bachmann-Preistr\u00e4gerin 2011 las zun\u00e4chst etwa eine halbe Stunde aus ihrem Deb\u00fctroman <em>Engel des Vergessens<\/em> und antwortete anschlie\u00dfend auf die zahlreichen Fragen aus der Zuh\u00f6rerschaft.<\/p>\n<p>Dabei gew\u00e4hrte sie einen tiefen Einblick in ihre schriftstellerische Arbeit: <br \/>Der einmal aufgeschriebene Text ist noch nicht endg\u00fcltig, nicht fertig. Am n\u00e4chsten Tag ordnen sich die W\u00f6rter, die S\u00e4tze schon wieder neu \u2013 wie eine Wanderd\u00fcne, deren Sand sich zu einer neuen Gestalt formt, die sich immer wieder wandeln kann. Haderlap hat ihren Brotberuf als Chefdramaturgin am Klagenfurter Stadttheater aufgegeben und hat als 48-J\u00e4hrige den Schritt gewagt, freie Schriftstellerin zu werden. Der Erinnerungsschatz ihrer Kindheit und Jugend, den sie jahrzehntelang in sich getragen hatte, konnte nun gehoben werden. Nach einem zwei- bis dreij\u00e4hrigen konzentrierten Schreibprozess ist der Text so g\u00fcltig formuliert, dass er gleichsam zugeschn\u00fcrt und wie in einem Koffer hingestellt werden kann \u2013 unab\u00e4nderbar.<\/p>\n<p>Der Aspekt, dass der erfolgreiche Roman in <em>deutscher<\/em> Sprache geschrieben wurde \u2013 eine von Stefan Vevar besorgte <em>slowenische<\/em> \u00dcbersetzung <em>Angel pozabe<\/em> wird Ende September 2012 vom Drava Verlag herausgebracht \u2013, wurde in der anregenden Diskussion mehrfach ber\u00fchrt.<\/p>\n<p>Durch die Auszeichnung des Bachmannpreises und den Erfolg ihres Erstlingsromans f\u00fchlt sich die Autorin selbst nicht ver\u00e4ndert, aber ihr Alltag ist mittlerweile st\u00e4rker davon beeinflusst, etwa durch Lesereisen \u00fcber die Grenzen des Landes hinaus. Und die Bewertungskriterien f\u00fcr ihre literarische Arbeit sind nun h\u00f6her, strenger. <br \/>Viele Landsleute bedanken sich bei ihr f\u00fcr das Buch, in dem sich so manche eigenen Erfahrungen oder Erinnerungen dieser Leser widerspiegeln m\u00f6gen. Eine Freude ist es f\u00fcr Haderlap auch, jetzt in ihrer Herkunftsgegend wieder \u201eeingemeindet\u201c worden zu sein. Das Echo auf ihre literarische Arbeit ist durchwegs positiv.<\/p>\n<table style=\"width: 858px; height: 310px;\" border=\"0\">\n<tbody>\n<tr>\n<td>\u00a0<a href=\"http:\/\/www.europagymnasium.at\/wp-content\/uploads\/2012\/01\/Haderlap_3.jpg\" rel=\"lightbox\"><img loading=\"lazy\" decoding=\"async\" class=\"alignleft  wp-image-1175\" title=\"Die Autorin signiert ihren Roman &quot;Engel des Vergessens&quot;\" src=\"http:\/\/www.europagymnasium.at\/wp-content\/uploads\/2012\/01\/Haderlap_3.jpg\" alt=\"Haderlap_3\" width=\"315\" height=\"300\" \/><\/a><\/td>\n<td>\u00a0<a href=\"http:\/\/www.europagymnasium.at\/wp-content\/uploads\/2012\/01\/Haderlap_4.jpg\" rel=\"lightbox\"><img loading=\"lazy\" decoding=\"async\" class=\"alignleft size-full wp-image-1176\" title=\"... und noch eine Autogrammj\u00e4gerin!\" src=\"http:\/\/www.europagymnasium.at\/wp-content\/uploads\/2012\/01\/Haderlap_4.jpg\" alt=\"Haderlap_4\" width=\"400\" height=\"300\" \/><\/a><\/td>\n<\/tr>\n<\/tbody>\n<\/table>\n<p>&nbsp;<\/p>\n<p>Ihr Besuch im Europagymnasium ist die erste Lesung vor Sch\u00fclern. Die Begegnung mit Maja Haderlap endet diesmal mit dem Signieren der B\u00fccher, die von einzelnen Teilnehmern mitgebracht worden sind. Eine neuerliche Einladung an unsere Schule will sie gerne annehmen.<\/p>\n<p style=\"text-align: right;\">Dr. Norbert Pessentheiner, Schulbibliothekar<\/p>\n<p>&nbsp;<\/p>\n<p>PS. Diese Dialogveranstaltung wurde von Prof. Ernst Sigot (BG Tanzenberg) und der Initiative &#8222;SYNART TANZENBERG&#8220; organisiert und vom Land K\u00e4rnten finanziert, wof\u00fcr wir uns aufrichtig bedanken.<\/p>\n<p>&nbsp;<\/p>\n<p><a title=\"Impressionen zu Maja Haderlap\" href=\"http:\/\/www.europagymnasium.at\/?p=1186\" target=\"_blank\">Impressionen zu Maja Haderlap<\/a> (von Christina und Elisabeth Wolf, 7b)<\/p>\n<p><a title=\"Rezension\" href=\"http:\/\/www.glanzundelend.de\/Artikel\/abc\/h\/maja_haderlap.htm\" target=\"_blank\">Rezension des Romans &#8222;Engel des Vergessens&#8220;<\/a> (von Lothar Struck)<\/p>\n","protected":false},"excerpt":{"rendered":"<p class=\"post-excerpt\">&nbsp; Am 26. J\u00e4nner 2012 begegneten unsere drei 7. Klassen der Autorin Maja Haderlap in der 5. und 6. Stunde&hellip;<\/p>\n<div class=\"link-more\"><a href=\"https:\/\/www.europagymnasium.at\/de\/maja-haderlap-im-europagymnasium\/\">Continue reading<span class=\"screen-reader-text\"> \"Maja Haderlap zu Gast in der Schulbibliothek\"<\/span>&hellip;<\/a><\/div>","protected":false},"author":1,"featured_media":0,"parent":0,"menu_order":0,"comment_status":"open","ping_status":"closed","template":"","meta":{"footnotes":""},"class_list":["post-989","page","type-page","status-publish","hentry"],"_links":{"self":[{"href":"https:\/\/www.europagymnasium.at\/de\/wp-json\/wp\/v2\/pages\/989","targetHints":{"allow":["GET"]}}],"collection":[{"href":"https:\/\/www.europagymnasium.at\/de\/wp-json\/wp\/v2\/pages"}],"about":[{"href":"https:\/\/www.europagymnasium.at\/de\/wp-json\/wp\/v2\/types\/page"}],"author":[{"embeddable":true,"href":"https:\/\/www.europagymnasium.at\/de\/wp-json\/wp\/v2\/users\/1"}],"replies":[{"embeddable":true,"href":"https:\/\/www.europagymnasium.at\/de\/wp-json\/wp\/v2\/comments?post=989"}],"version-history":[{"count":0,"href":"https:\/\/www.europagymnasium.at\/de\/wp-json\/wp\/v2\/pages\/989\/revisions"}],"wp:attachment":[{"href":"https:\/\/www.europagymnasium.at\/de\/wp-json\/wp\/v2\/media?parent=989"}],"curies":[{"name":"wp","href":"https:\/\/api.w.org\/{rel}","templated":true}]}}