{"id":932,"date":"2012-01-18T21:50:03","date_gmt":"2012-01-18T20:50:03","guid":{"rendered":"http:\/\/www.europagymnasium.at\/?page_id=932"},"modified":"2021-12-28T13:04:51","modified_gmt":"2021-12-28T12:04:51","slug":"ganztagsklasse","status":"publish","type":"page","link":"https:\/\/www.europagymnasium.at\/de\/ganztagsklasse\/","title":{"rendered":"Gymnasium | Ganztagsklasse"},"content":{"rendered":"<p><span style=\"font-weight: 400;\">Das Europagymnasium bietet seit dem Schuljahr 2012\/13 f\u00fcr die 5. und 6. Schulstufe (1. und 2. Klasse) jeweils eine verschr\u00e4nkte Ganztagsklasse an. Dieser Ganztagsbetrieb leistet einen wichtigen Beitrag zur Vereinbarkeit von Familie und Beruf und nimmt auf die Bed\u00fcrfnisse von Sch\u00fclern und Sch\u00fclerinnen verst\u00e4rkt R\u00fccksicht. Speziell f\u00fcr die Ganztagsklassen wurde ein neues p\u00e4dagogisches Konzept entwickelt.&nbsp;<\/span><\/p>\n<p>&nbsp;<\/p>\n<p><b>Ziele<\/b><span style=\"font-weight: 400;\">&nbsp;<\/span><\/p>\n<ul>\n<li><span style=\"font-weight: 400;\"> den anstrengenden, bis zu sechs Unterrichtsstunden durchgehend verlaufenden <\/span>Vormittagsunterricht zu unterbrechen<\/li>\n<li><span style=\"font-weight: 400;\"> die ganzt\u00e4gige Betreuung im Klassenverband zu erm\u00f6glichen<\/span><\/li>\n<li><span style=\"font-weight: 400;\"> Unterrichts-, Lern- und Freizeit zu rhythmisieren<\/span><\/li>\n<li><span style=\"font-weight: 400;\">eigenverantwortliches Lernen und positives Lernverhalten zu f\u00f6rdern<\/span><\/li>\n<li><span style=\"font-weight: 400;\"> Eltern zu entlasten<\/span><\/li>\n<\/ul>\n<p>&nbsp;<\/p>\n<p><b>Unterrichtszeit 1. Klasse<\/b><\/p>\n<p><span style=\"font-weight: 400;\">Montag<\/span> <span style=\"font-weight: 400;\">7.50 \u2013 16.30 Uhr<\/span><span style=\"font-weight: 400;\"><br \/>\n<\/span><span style=\"font-weight: 400;\">Dienstag<\/span> <span style=\"font-weight: 400;\">7.50 \u2013 15.40 Uhr <\/span><span style=\"font-weight: 400;\"><br \/>\n<\/span><span style=\"font-weight: 400;\">Mittwoch<\/span> <span style=\"font-weight: 400;\">7.50 \u2013 15.40 Uhr<br \/>\n<\/span><span style=\"font-weight: 400;\">Donnerstag<\/span> <span style=\"font-weight: 400;\">7.50 \u2013 15.40 Uhr&nbsp;<br \/>\n<\/span><span style=\"font-weight: 400;\">Freitag<\/span> <span style=\"font-weight: 400;\">7.50 \u2013 14.40 Uhr<\/span><\/p>\n<p><span style=\"font-weight: 400;\">Im Anschluss an den Unterricht kann t\u00e4glich bis 16.30 Uhr die Nachmittagsbetreuung ohne zus\u00e4tzliche Kosten besucht werden.<\/span><\/p>\n<p>&nbsp;<\/p>\n<p><b>Kosten&nbsp;<\/b><\/p>\n<p><span style=\"font-weight: 400;\">88,\u2013 Euro gesetzlicher Tagesbetreuungsbeitrag monatlich (Erm\u00e4\u00dfigung m\u00f6glich) <\/span><span style=\"font-weight: 400;\"><br \/>\n<\/span><span style=\"font-weight: 400;\">74,\u2013 Euro pro Monat f\u00fcr das Mittagessen (Kolpinghaus Klagenfurt)&nbsp;<\/span><\/p>\n<p>&nbsp;<\/p>\n<p><b>GTK-Koordination<br \/>\n<\/b><span style=\"font-weight: 400;\">OStR.<\/span><span style=\"font-weight: 400;\">in<\/span><span style=\"font-weight: 400;\"> Mag.\u00aa Iris Mallweger-Grasser<br \/>\n<\/span><span style=\"font-weight: 400;\">OStR.<\/span><span style=\"font-weight: 400;\">in<\/span><span style=\"font-weight: 400;\"> Mag.\u00aa Carmen Rauter<\/span><\/p>\n<p>&nbsp;<\/p>\n<blockquote><p><span style=\"font-weight: 400;\">\u00bb<\/span><span style=\"font-weight: 400;\">Die Ganztagsschule entlastet Sch\u00fcler und Sch\u00fclerinnen, st\u00e4rkt den&nbsp;<\/span><span style=\"font-weight: 400;\">Klassenverband und leistet einen wichtigen Beitrag zur Vereinbarkeit&nbsp;<\/span><span style=\"font-weight: 400;\">von Familie und Beruf.<\/span><span style=\"font-weight: 400;\">\u00ab<\/span><span style=\"font-weight: 400;\">&nbsp;<\/span><\/p><\/blockquote>\n<p>&nbsp;<\/p>\n<h3><span style=\"font-weight: 400;\">P\u00e4dagogisches Konzept&nbsp;<\/span><\/h3>\n<p><b>Unterricht, \u00dcbung, Vertiefung und Freizeit<\/b><span style=\"font-weight: 400;\"> finden im ausgewogenen Wechsel statt. Dies f\u00fchrt zu einer rhythmisierten Gestaltung des Schulalltags.<\/span><\/p>\n<p><b>&nbsp;Zus\u00e4tzliche Klassenvorstandsstunde in der 1. Klasse.<\/b><span style=\"font-weight: 400;\"> Diese bietet die M\u00f6glichkeit, den Gruppenentwicklungsprozess effizient und nachhaltig zu unterst\u00fctzen (Lernorganisation, Gemeinschaft st\u00e4rken, soziales Lernen).<\/span><\/p>\n<p><b>EVA (Eigenverantwortliches Arbeiten)<\/b><span style=\"font-weight: 400;\"> In den EVA-Stunden bearbeiten Sch\u00fcler*innen selbstst\u00e4ndig Arbeitsauftr\u00e4ge und werden dabei von zwei Lehrkr\u00e4ften unterst\u00fctzt. Durch diese t\u00e4gliche Lernzeit in der Schule ist gesichert, dass ein Gro\u00dfteil der schriftlichen Haus\u00fcbungen in der Schule erledigt wird.<\/span><\/p>\n<p><b>F3 (F\u00f6rdern, Fordern, Festigen)<\/b><span style=\"font-weight: 400;\"> Die F3-Stunden sind 75-Minuten-Einheiten in den F\u00e4chern Deutsch, Englisch und Mathematik, in denen zwei Lehrpersonen im Team unterrichten. Dasselbe Lehrerteam betreut noch eine zus\u00e4tzliche Lerneinheit. Somit gibt es in Deutsch, Mathematik und Englisch 5,5 Stunden Unterricht f\u00fcr jedes dieser F\u00e4cher.<\/span><\/p>\n<p><b>Digitale Kompetenzen<\/b><span style=\"font-weight: 400;\"> werden in einer extra ausgewiesenen Einheit (Digital Basics, EVA digital) bereits ab der 1. Klasse erworben. Der Unterricht erfolgt im Team Teaching im Computerraum. Jeder Sch\u00fclerin und jedem Sch\u00fcler steht eine eigene Arbeitsstation zur Verf\u00fcgung. In der 1. Klasse werden grundlegende digitale Inhalte vermittelt und in der 2. Klasse werden in einer&nbsp; EVA digital-Stunde digitale Medien f\u00fcr alle&nbsp; Unterrichtsgegenst\u00e4nde genutzt.<\/span><\/p>\n<p><b>Angebot von Freizeitkursen<\/b><span style=\"font-weight: 400;\"> und unverbindlichen \u00dcbungen erm\u00f6glichen Spielraum f\u00fcr individuelle Interessen (Sch\u00fclerliga Fu\u00dfball\/Volleyball, Fit for Life, Kreativwerkstatt).<\/span><\/p>\n<p><b>Ein und dasselbe Lehrerteam<\/b><span style=\"font-weight: 400;\"> begleitet die Sch\u00fcler*innen am Vormittag und am Nachmittag, dadurch wird eine bessere Beziehung zwischen Lehrer*innen und Sch\u00fcler*innen erm\u00f6glicht.<\/span><\/p>\n<p><b>Zus\u00e4tzliche R\u00e4umlichkeiten f\u00fcr ihre Lern- und Freizeit<\/b><span style=\"font-weight: 400;\"> stehen unseren Sch\u00fcler*innen der Ganztagsklassen zur Verf\u00fcgung. So k\u00f6nnen sie einen Freizeitraum, einen R\u00fcckzugs- und&nbsp; Arbeitsraum mit Terrasse, Informatikr\u00e4ume, die Bibliothek und Sportanlagen in der Schule und beim Kolpingheim nutzen.<\/span><\/p>\n<p><span style=\"font-weight: 400;\">Das Modell der Ganztagsklasse wird in der 1. und 2. Klasse angeboten. <\/span><span style=\"font-weight: 400;\"><br \/>\n<\/span><span style=\"font-weight: 400;\">Genauere Informationen zum gesetzlichen Tagesbetreuungsbeitrag&nbsp; und den Kosten f\u00fcr das Mittagessen entnehmen Sie bitte der aktuellen Beilage.<\/span><\/p>\n<p><span style=\"font-size: medium;\"><b>GTK-Koordination:<\/b><\/span><span style=\"font-size: medium;\">&nbsp;OStR.<\/span><sup><span style=\"font-size: medium;\">in<\/span><\/sup><span style=\"font-size: medium;\">&nbsp;Mag.<\/span><sup><span style=\"font-size: medium;\">a<\/span><\/sup><span style=\"font-size: medium;\">&nbsp;Iris Mallweger-Grasser\/ OStR.<\/span><sup><span style=\"font-size: medium;\">in<\/span><\/sup><span style=\"font-size: medium;\">&nbsp;Mag.<\/span><sup><span style=\"font-size: medium;\">a<\/span><\/sup><span style=\"font-size: medium;\">&nbsp;Carmen Rauter<\/span><\/p>\n<p>&nbsp;<\/p>\n<p><strong>Folder<\/strong><\/p>\n<p><a href=\"http:\/\/www.europagymnasium.at\/wp-content\/uploads\/2020\/11\/Flyer_Ganztag_scr.pdf\">Flyer Ganztagsklasse<\/a> (pdf)<\/p>\n<p>&nbsp;<\/p>\n<p><strong>Stundenpl\u00e4ne<\/strong><\/p>\n<p><a href=\"http:\/\/www.europagymnasium.at\/wp-content\/uploads\/2018\/10\/Screenshot_20181009_110636.png\"><img loading=\"lazy\" decoding=\"async\" class=\"alignnone size-thumbnail wp-image-11944\" src=\"http:\/\/www.europagymnasium.at\/wp-content\/uploads\/2018\/10\/Screenshot_20181009_110636-420x246.png\" alt=\"\" width=\"420\" height=\"246\" srcset=\"https:\/\/www.europagymnasium.at\/wp-content\/uploads\/2018\/10\/Screenshot_20181009_110636-420x246.png 420w, https:\/\/www.europagymnasium.at\/wp-content\/uploads\/2018\/10\/Screenshot_20181009_110636-450x264.png 450w, https:\/\/www.europagymnasium.at\/wp-content\/uploads\/2018\/10\/Screenshot_20181009_110636.png 695w\" sizes=\"auto, (max-width: 420px) 100vw, 420px\" \/><\/a><\/p>\n<p><a href=\"http:\/\/www.europagymnasium.at\/wp-content\/uploads\/2018\/10\/Screenshot_20181009_110659.png\"><img loading=\"lazy\" decoding=\"async\" class=\"alignnone size-thumbnail wp-image-11945\" src=\"http:\/\/www.europagymnasium.at\/wp-content\/uploads\/2018\/10\/Screenshot_20181009_110659-420x239.png\" alt=\"\" width=\"420\" height=\"239\" srcset=\"https:\/\/www.europagymnasium.at\/wp-content\/uploads\/2018\/10\/Screenshot_20181009_110659-420x239.png 420w, https:\/\/www.europagymnasium.at\/wp-content\/uploads\/2018\/10\/Screenshot_20181009_110659-450x256.png 450w, https:\/\/www.europagymnasium.at\/wp-content\/uploads\/2018\/10\/Screenshot_20181009_110659.png 697w\" sizes=\"auto, (max-width: 420px) 100vw, 420px\" \/><\/a><\/p>\n<p>&nbsp;<\/p>\n<p><strong>Artikel:<\/strong><\/p>\n<p><a href=\"http:\/\/www.europagymnasium.at\/2018\/05\/02\/inclusia-2018\/\">http:\/\/www.europagymnasium.at\/2018\/05\/02\/inclusia-2018\/<\/a><br \/>\n<a href=\"http:\/\/www.europagymnasium.at\/2018\/02\/28\/workshop-ganztagsklasse\/\">http:\/\/www.europagymnasium.at\/2018\/02\/28\/workshop-ganztagsklasse\/<\/a><br \/>\n<a href=\"http:\/\/www.europagymnasium.at\/2018\/02\/23\/spass-im-schnee\/\">http:\/\/www.europagymnasium.at\/2018\/02\/23\/spass-im-schnee\/<\/a><br \/>\n<a href=\"http:\/\/www.europagymnasium.at\/2017\/12\/20\/adventfeier-gtk-2017\/\">http:\/\/www.europagymnasium.at\/2017\/12\/20\/adventfeier-gtk-2017\/<\/a><br \/>\n<a href=\"http:\/\/www.europagymnasium.at\/2017\/10\/19\/kennenlerntag-der-1d-2\/\">http:\/\/www.europagymnasium.at\/2017\/10\/19\/kennenlerntag-der-1d-2\/<\/a><br \/>\n<a href=\"http:\/\/www.europagymnasium.at\/2017\/06\/22\/laufwunder\/\">http:\/\/www.europagymnasium.at\/2017\/06\/22\/laufwunder\/<\/a><br \/>\n<a href=\"http:\/\/www.europagymnasium.at\/2017\/01\/07\/engagiert-kreativ-und-karitativ\/\">http:\/\/www.europagymnasium.at\/2017\/01\/07\/engagiert-kreativ-und-karitativ\/<\/a><\/p>\n<p><a href=\"http:\/\/www.europagymnasium.at\/2015\/01\/27\/oh-la-la-franzoesische-crepes\/\" target=\"_blank\" rel=\"noopener noreferrer\">Oh l\u00e0 l\u00e0! Franz\u00f6sische Cr\u00eapes!<\/a><br \/>\n<a href=\"http:\/\/www.europagymnasium.at\/2015\/06\/01\/ganztagsklassen-laufwunder\/\" target=\"_blank\" rel=\"noopener noreferrer\">Ganztagsklassen-&#8222;Laufwunder&#8220;<\/a><br \/>\n<a href=\"http:\/\/www.europagymnasium.at\/2015\/06\/25\/ganztagsklasse-eint-lernen-und-freizeit\/\" target=\"_blank\" rel=\"noopener noreferrer\">Ganztagsklasse eint Lernen und Freizeit<\/a><br \/>\n<a href=\"http:\/\/www.europagymnasium.at\/2015\/06\/29\/die-spektra-forscherboxen-magnetismus\/\" target=\"_blank\" rel=\"noopener noreferrer\">Die Spektra-Forscherboxen: Magnetismus<\/a><br \/>\n<a href=\"http:\/\/www.europagymnasium.at\/2015\/10\/06\/one-day-one-team-jede-klasse-kann-ein-starkes-team-werden\/\" target=\"_blank\" rel=\"noopener noreferrer\">One Day-One TEAM-Jede Klasse kann ein starkes Team werden<\/a><\/p>\n<p><a href=\"http:\/\/www.europagymnasium.at\/2015\/11\/13\/schule-wird-zum-lebensort\/\" target=\"_blank\" rel=\"noopener noreferrer\">Schule wird zum Lebensort<\/a><br \/>\n<a href=\"http:\/\/www.europagymnasium.at\/2015\/12\/20\/adventfeier-der-ganztagsklassen\/\" target=\"_blank\" rel=\"noopener noreferrer\">Adventfeier der Ganztagsklassen<\/a><br \/>\n<a href=\"http:\/\/www.europagymnasium.at\/?p=3353\">Was bedeutet es, Sch\u00fclerIn an einer Ganztagsklasse (GTK) zu sein?<\/a><br \/>\n<a href=\"http:\/\/www.europagymnasium.at\/?p=3358\">Alles aus einer Hand<\/a><br \/>\n<a href=\"http:\/\/www.europagymnasium.at\/?p=3505\">GANZTAGSKLASSE \u2013 Unterricht, \u00dcbung, Vertiefung und Freizeit finden im Wechsel statt.<\/a><br \/>\n<a title=\"Fit f\u00fcrs Leben\" href=\"http:\/\/www.europagymnasium.at\/?p=6737\">Fit f\u00fcrs Leben<\/a><\/p>\n<p><a href=\"http:\/\/www.europagymnasium.at\/wp-content\/uploads\/2012\/01\/110.jpg\"><img loading=\"lazy\" decoding=\"async\" class=\"alignnone size-thumbnail wp-image-6704\" src=\"http:\/\/www.europagymnasium.at\/wp-content\/uploads\/2012\/01\/110-150x150.jpg\" alt=\"1\" width=\"150\" height=\"150\"><\/a> <a href=\"http:\/\/www.europagymnasium.at\/wp-content\/uploads\/2012\/01\/28.jpg\"><img loading=\"lazy\" decoding=\"async\" class=\"alignnone size-thumbnail wp-image-6705\" src=\"http:\/\/www.europagymnasium.at\/wp-content\/uploads\/2012\/01\/28-150x150.jpg\" alt=\"2\" width=\"150\" height=\"150\"><\/a> <a href=\"http:\/\/www.europagymnasium.at\/wp-content\/uploads\/2012\/01\/31.jpg\"><img loading=\"lazy\" decoding=\"async\" class=\"alignnone size-thumbnail wp-image-6706\" src=\"http:\/\/www.europagymnasium.at\/wp-content\/uploads\/2012\/01\/31-150x150.jpg\" alt=\"3\" width=\"150\" height=\"150\"><\/a> <a href=\"http:\/\/www.europagymnasium.at\/wp-content\/uploads\/2012\/01\/41.jpg\"><img loading=\"lazy\" decoding=\"async\" class=\"alignnone size-thumbnail wp-image-6707\" src=\"http:\/\/www.europagymnasium.at\/wp-content\/uploads\/2012\/01\/41-150x150.jpg\" alt=\"4\" width=\"150\" height=\"150\"><\/a> <a href=\"http:\/\/www.europagymnasium.at\/wp-content\/uploads\/2012\/01\/51.jpg\"><img loading=\"lazy\" decoding=\"async\" class=\"alignnone size-thumbnail wp-image-6708\" src=\"http:\/\/www.europagymnasium.at\/wp-content\/uploads\/2012\/01\/51-150x150.jpg\" alt=\"5\" width=\"150\" height=\"150\"><\/a> <a href=\"http:\/\/www.europagymnasium.at\/wp-content\/uploads\/2012\/01\/71.jpg\"><img loading=\"lazy\" decoding=\"async\" class=\"alignnone size-thumbnail wp-image-6710\" src=\"http:\/\/www.europagymnasium.at\/wp-content\/uploads\/2012\/01\/71-150x150.jpg\" alt=\"7\" width=\"150\" height=\"150\"><\/a> <a href=\"http:\/\/www.europagymnasium.at\/wp-content\/uploads\/2012\/01\/91.jpg\"><img loading=\"lazy\" decoding=\"async\" class=\"alignnone size-thumbnail wp-image-6712\" src=\"http:\/\/www.europagymnasium.at\/wp-content\/uploads\/2012\/01\/91-150x150.jpg\" alt=\"9\" width=\"150\" height=\"150\"><\/a> <a href=\"http:\/\/www.europagymnasium.at\/wp-content\/uploads\/2012\/01\/101.jpg\"><img loading=\"lazy\" decoding=\"async\" class=\"alignnone size-thumbnail wp-image-6713\" src=\"http:\/\/www.europagymnasium.at\/wp-content\/uploads\/2012\/01\/101-150x150.jpg\" alt=\"10\" width=\"150\" height=\"150\"><\/a> <a href=\"http:\/\/www.europagymnasium.at\/wp-content\/uploads\/2012\/01\/121.jpg\"><img loading=\"lazy\" decoding=\"async\" class=\"alignnone size-thumbnail wp-image-6715\" src=\"http:\/\/www.europagymnasium.at\/wp-content\/uploads\/2012\/01\/121-150x150.jpg\" alt=\"12\" width=\"150\" height=\"150\"><\/a> <a href=\"http:\/\/www.europagymnasium.at\/wp-content\/uploads\/2012\/01\/141.jpg\"><img loading=\"lazy\" decoding=\"async\" class=\"alignnone size-thumbnail wp-image-6717\" src=\"http:\/\/www.europagymnasium.at\/wp-content\/uploads\/2012\/01\/141-150x150.jpg\" alt=\"14\" width=\"150\" height=\"150\"><\/a> <a href=\"http:\/\/www.europagymnasium.at\/wp-content\/uploads\/2012\/01\/151.jpg\"><img loading=\"lazy\" decoding=\"async\" class=\"alignnone size-thumbnail wp-image-6718\" src=\"http:\/\/www.europagymnasium.at\/wp-content\/uploads\/2012\/01\/151-150x150.jpg\" alt=\"15\" width=\"150\" height=\"150\"><\/a> <a href=\"http:\/\/www.europagymnasium.at\/wp-content\/uploads\/2012\/01\/161.jpg\"><img loading=\"lazy\" decoding=\"async\" class=\"alignnone size-thumbnail wp-image-6719\" src=\"http:\/\/www.europagymnasium.at\/wp-content\/uploads\/2012\/01\/161-150x150.jpg\" alt=\"16\" width=\"150\" height=\"150\"><\/a> <a href=\"http:\/\/www.europagymnasium.at\/wp-content\/uploads\/2012\/01\/171.jpg\"><img loading=\"lazy\" decoding=\"async\" class=\"alignnone size-thumbnail wp-image-6720\" src=\"http:\/\/www.europagymnasium.at\/wp-content\/uploads\/2012\/01\/171-150x150.jpg\" alt=\"17\" width=\"150\" height=\"150\"><\/a> <a href=\"http:\/\/www.europagymnasium.at\/wp-content\/uploads\/2012\/01\/181.jpg\"><img loading=\"lazy\" decoding=\"async\" class=\"alignnone size-thumbnail wp-image-6721\" src=\"http:\/\/www.europagymnasium.at\/wp-content\/uploads\/2012\/01\/181-150x150.jpg\" alt=\"18\" width=\"150\" height=\"150\"><\/a> <a href=\"http:\/\/www.europagymnasium.at\/wp-content\/uploads\/2012\/01\/191.jpg\"><img loading=\"lazy\" decoding=\"async\" class=\"alignnone size-thumbnail wp-image-6722\" src=\"http:\/\/www.europagymnasium.at\/wp-content\/uploads\/2012\/01\/191-150x150.jpg\" alt=\"19\" width=\"150\" height=\"150\"><\/a> <a href=\"http:\/\/www.europagymnasium.at\/wp-content\/uploads\/2012\/01\/211.jpg\"><img loading=\"lazy\" decoding=\"async\" class=\"alignnone size-thumbnail wp-image-6724\" src=\"http:\/\/www.europagymnasium.at\/wp-content\/uploads\/2012\/01\/211-150x150.jpg\" alt=\"21\" width=\"150\" height=\"150\"><\/a> <a href=\"http:\/\/www.europagymnasium.at\/wp-content\/uploads\/2012\/01\/221.jpg\"><img loading=\"lazy\" decoding=\"async\" class=\"alignnone size-thumbnail wp-image-6725\" src=\"http:\/\/www.europagymnasium.at\/wp-content\/uploads\/2012\/01\/221-150x150.jpg\" alt=\"22\" width=\"150\" height=\"150\"><\/a> <a href=\"http:\/\/www.europagymnasium.at\/wp-content\/uploads\/2012\/01\/231.jpg\"><img loading=\"lazy\" decoding=\"async\" class=\"alignnone size-thumbnail wp-image-6726\" src=\"http:\/\/www.europagymnasium.at\/wp-content\/uploads\/2012\/01\/231-150x150.jpg\" alt=\"23\" width=\"150\" height=\"150\"><\/a> <a href=\"http:\/\/www.europagymnasium.at\/wp-content\/uploads\/2012\/01\/241.jpg\"><img loading=\"lazy\" decoding=\"async\" class=\"alignnone size-thumbnail wp-image-6727\" src=\"http:\/\/www.europagymnasium.at\/wp-content\/uploads\/2012\/01\/241-150x150.jpg\" alt=\"24\" width=\"150\" height=\"150\"><\/a> <a href=\"http:\/\/www.europagymnasium.at\/wp-content\/uploads\/2012\/01\/251.jpg\"><img loading=\"lazy\" decoding=\"async\" class=\"alignnone size-thumbnail wp-image-6728\" src=\"http:\/\/www.europagymnasium.at\/wp-content\/uploads\/2012\/01\/251-150x150.jpg\" alt=\"25\" width=\"150\" height=\"150\"><\/a> <a href=\"http:\/\/www.europagymnasium.at\/wp-content\/uploads\/2012\/01\/261.jpg\"><img loading=\"lazy\" decoding=\"async\" class=\"alignnone size-thumbnail wp-image-6729\" src=\"http:\/\/www.europagymnasium.at\/wp-content\/uploads\/2012\/01\/261-150x150.jpg\" alt=\"26\" width=\"150\" height=\"150\"><\/a> <a href=\"http:\/\/www.europagymnasium.at\/wp-content\/uploads\/2012\/01\/271.jpg\"><img loading=\"lazy\" decoding=\"async\" class=\"alignnone size-thumbnail wp-image-6730\" src=\"http:\/\/www.europagymnasium.at\/wp-content\/uploads\/2012\/01\/271-150x150.jpg\" alt=\"27\" width=\"150\" height=\"150\"><\/a><\/p>\n","protected":false},"excerpt":{"rendered":"<p class=\"post-excerpt\">Das Europagymnasium bietet seit dem Schuljahr 2012\/13 f\u00fcr die 5. und 6. Schulstufe (1. und 2. Klasse) jeweils eine verschr\u00e4nkte&hellip;<\/p>\n<div class=\"link-more\"><a href=\"https:\/\/www.europagymnasium.at\/de\/ganztagsklasse\/\">Continue reading<span class=\"screen-reader-text\"> \"Gymnasium | Ganztagsklasse\"<\/span>&hellip;<\/a><\/div>","protected":false},"author":1,"featured_media":0,"parent":0,"menu_order":0,"comment_status":"open","ping_status":"open","template":"","meta":{"footnotes":""},"class_list":["post-932","page","type-page","status-publish","hentry"],"_links":{"self":[{"href":"https:\/\/www.europagymnasium.at\/de\/wp-json\/wp\/v2\/pages\/932","targetHints":{"allow":["GET"]}}],"collection":[{"href":"https:\/\/www.europagymnasium.at\/de\/wp-json\/wp\/v2\/pages"}],"about":[{"href":"https:\/\/www.europagymnasium.at\/de\/wp-json\/wp\/v2\/types\/page"}],"author":[{"embeddable":true,"href":"https:\/\/www.europagymnasium.at\/de\/wp-json\/wp\/v2\/users\/1"}],"replies":[{"embeddable":true,"href":"https:\/\/www.europagymnasium.at\/de\/wp-json\/wp\/v2\/comments?post=932"}],"version-history":[{"count":14,"href":"https:\/\/www.europagymnasium.at\/de\/wp-json\/wp\/v2\/pages\/932\/revisions"}],"predecessor-version":[{"id":17265,"href":"https:\/\/www.europagymnasium.at\/de\/wp-json\/wp\/v2\/pages\/932\/revisions\/17265"}],"wp:attachment":[{"href":"https:\/\/www.europagymnasium.at\/de\/wp-json\/wp\/v2\/media?parent=932"}],"curies":[{"name":"wp","href":"https:\/\/api.w.org\/{rel}","templated":true}]}}