{"id":911,"date":"2012-01-16T12:56:12","date_gmt":"2012-01-16T11:56:12","guid":{"rendered":"http:\/\/www.europagymnasium.at\/?page_id=911"},"modified":"2024-09-26T09:33:11","modified_gmt":"2024-09-26T07:33:11","slug":"verein-europagymnasium-klagenfurt","status":"publish","type":"page","link":"https:\/\/www.europagymnasium.at\/de\/verein-europagymnasium-klagenfurt\/","title":{"rendered":"Verein Europagymnasium"},"content":{"rendered":"<p align=\"left\"><span style=\"color: #000000\"><span style=\"font-family: MinionPro-Regular, serif\"><span style=\"font-size: medium\"><span style=\"font-family: Candara Light, serif\"><span style=\"font-size: small\"><span style=\"font-family: Candara, serif\"><b>Unsere Schule hat den VEREIN EUROPAGYMNASIUM gegr<\/b><\/span><\/span><\/span><span style=\"font-family: Candara, serif\"><span style=\"font-size: small\"><b>\u00fcndet, um ein zus\u00e4tzliches kulturelles und sportliches Angebot zu erm\u00f6glichen. <\/b><\/span><\/span><\/span><\/span><\/span><\/p>\n<p align=\"left\"><span style=\"color: #000000\"><span style=\"font-family: MinionPro-Regular, serif\"><span style=\"font-size: medium\"><span style=\"font-family: Candara Light, serif\"><span style=\"font-size: small\">Ziel des Vereins ist es, Sch\u00fcler*innen und Lehrer*innen durch kreatives Arbeiten, Sprachkurse, sportliche, musische, kulturelle und andere alternative Aktivit\u00e4ten und Angebote zu vernetzen, um das Gemeinschaftsleben an der Schule \u2013 auch durch klassen\u00fcbergreifende Kontakte \u2013 zu f\u00f6rdern.<\/span><\/span><\/span><\/span><\/span><\/p>\n<p align=\"left\"><span style=\"color: #000000\"><span style=\"font-family: MinionPro-Regular, serif\"><span style=\"font-size: medium\"><span style=\"font-family: Candara Light, serif\"><span style=\"font-size: small\"><span style=\"font-family: Candara, serif\"><b>Kursangebote (Beispiele aus diesem Schuljahr)<\/b><\/span><\/span><\/span><\/span><\/span><\/span><\/p>\n<p align=\"left\"><span style=\"color: #000000\">\u2022 Schach<span style=\"font-family: MinionPro-Regular, serif\"><span style=\"font-size: medium\"><span style=\"font-family: Candara Light, serif\"><span style=\"font-size: small\"><br \/>\n<\/span><\/span><\/span><\/span><\/span><span style=\"color: #000000\">\u2022 Franz\u00f6sisch-Basiskurs<span style=\"font-family: MinionPro-Regular, serif\"><span style=\"font-size: medium\"><span style=\"font-family: Candara Light, serif\"><span style=\"font-size: small\"><br \/>\n<\/span><\/span><\/span><\/span><\/span><span style=\"color: #000000\">\u2022 Ballspiele (Hand- und Basketball)<span style=\"font-family: MinionPro-Regular, serif\"><span style=\"font-size: medium\"><span style=\"font-family: Candara Light, serif\"><span style=\"font-size: small\"><br \/>\n<\/span><\/span><\/span><\/span><\/span><span style=\"color: #000000\">\u2022 Badminton<span style=\"font-family: MinionPro-Regular, serif\"><span style=\"font-size: medium\"><span style=\"font-family: Candara Light, serif\"><span style=\"font-size: small\"><br \/>\n<\/span><\/span><\/span><\/span><\/span><span style=\"color: #000000\">\u2022 Tischtennis<span style=\"font-family: MinionPro-Regular, serif\"><span style=\"font-size: medium\"><span style=\"font-family: Candara Light, serif\"><span style=\"font-size: small\"><br \/>\n<\/span><\/span><\/span><\/span><\/span><span style=\"color: #000000\">\u2022 Basic Cooking<span style=\"font-family: MinionPro-Regular, serif\"><span style=\"font-size: medium\"><span style=\"font-family: Candara Light, serif\"><span style=\"font-size: small\"><br \/>\n<\/span><\/span><\/span><\/span><\/span><span style=\"color: #000000\">\u2022 Volleyball f\u00fcr Fortgeschrittene<span style=\"font-family: MinionPro-Regular, serif\"><span style=\"font-size: medium\"><span style=\"font-family: Candara Light, serif\"><span style=\"font-size: small\"><br \/>\n<\/span><\/span><\/span><\/span><\/span><span style=\"color: #000000\">\u2022 Fu\u00dfball<\/span><\/p>\n<p align=\"left\"><span style=\"color: #000000\"><span style=\"font-family: MinionPro-Regular, serif\"><span style=\"font-size: medium\"><span style=\"font-family: Candara Light, serif\"><span style=\"font-size: small\"><span style=\"font-family: Candara, serif\"><b>Im Vorstand des Vereins arbeiten:<br \/>\n<\/b><\/span><\/span><\/span><\/span><\/span><\/span><span style=\"color: #000000\"><span style=\"font-family: MinionPro-Regular, serif\"><span style=\"font-size: medium\"><span style=\"font-family: Candara Light, serif\"><span style=\"font-size: small\">Obmann: Mag. Patrick Schager<br \/>\n<\/span><\/span><\/span><\/span><\/span><span style=\"font-size: small;font-family: 'Candara Light', serif;color: #000000\">Obmann-Stellvertreterin: Mag.\u00aa Julia Marchl<br \/>\n<\/span><span style=\"color: #000000\"><span style=\"font-family: MinionPro-Regular, serif\"><span style=\"font-size: medium\"><span style=\"font-family: Candara Light, serif\"><span style=\"font-size: small\">Kassier: Mag. Markus Benedikt<br \/>\n<\/span><\/span><\/span><\/span><\/span><span style=\"font-family: 'Candara Light', serif;color: #000000\"><span style=\"font-size: small\">Schriftf\u00fchrer: Mag. Daniel Oberauner<\/span><\/span><\/p>\n","protected":false},"excerpt":{"rendered":"<p class=\"post-excerpt\">Unsere Schule hat den VEREIN EUROPAGYMNASIUM gegr\u00fcndet, um ein zus\u00e4tzliches kulturelles und sportliches Angebot zu erm\u00f6glichen. Ziel des Vereins ist&hellip;<\/p>\n<div class=\"link-more\"><a href=\"https:\/\/www.europagymnasium.at\/de\/verein-europagymnasium-klagenfurt\/\">Continue reading<span class=\"screen-reader-text\"> \"Verein Europagymnasium\"<\/span>&hellip;<\/a><\/div>","protected":false},"author":1,"featured_media":0,"parent":0,"menu_order":0,"comment_status":"open","ping_status":"open","template":"","meta":{"footnotes":""},"class_list":["post-911","page","type-page","status-publish","hentry"],"_links":{"self":[{"href":"https:\/\/www.europagymnasium.at\/de\/wp-json\/wp\/v2\/pages\/911","targetHints":{"allow":["GET"]}}],"collection":[{"href":"https:\/\/www.europagymnasium.at\/de\/wp-json\/wp\/v2\/pages"}],"about":[{"href":"https:\/\/www.europagymnasium.at\/de\/wp-json\/wp\/v2\/types\/page"}],"author":[{"embeddable":true,"href":"https:\/\/www.europagymnasium.at\/de\/wp-json\/wp\/v2\/users\/1"}],"replies":[{"embeddable":true,"href":"https:\/\/www.europagymnasium.at\/de\/wp-json\/wp\/v2\/comments?post=911"}],"version-history":[{"count":9,"href":"https:\/\/www.europagymnasium.at\/de\/wp-json\/wp\/v2\/pages\/911\/revisions"}],"predecessor-version":[{"id":25089,"href":"https:\/\/www.europagymnasium.at\/de\/wp-json\/wp\/v2\/pages\/911\/revisions\/25089"}],"wp:attachment":[{"href":"https:\/\/www.europagymnasium.at\/de\/wp-json\/wp\/v2\/media?parent=911"}],"curies":[{"name":"wp","href":"https:\/\/api.w.org\/{rel}","templated":true}]}}