{"id":8482,"date":"2015-11-26T17:17:07","date_gmt":"2015-11-26T16:17:07","guid":{"rendered":"http:\/\/www.europagymnasium.at\/\/?page_id=8482"},"modified":"2025-12-22T12:15:15","modified_gmt":"2025-12-22T11:15:15","slug":"schueler-helfen-schuelern","status":"publish","type":"page","link":"https:\/\/www.europagymnasium.at\/de\/schueler-helfen-schuelern\/","title":{"rendered":"Sch\u00fcler helfen Sch\u00fclern"},"content":{"rendered":"<p><strong>Was ist \u201eSch\u00fcler Helfen Sch\u00fclern\u201c?<\/strong><br \/>\n\u201eSch\u00fcler Helfen Sch\u00fclern\u201c ist ein schulinternes Nachhilfeangebot, welches Sch\u00fclern der Oberstufe die M\u00f6glichkeit gibt, Sch\u00fclern der Unterstufe sowie Sch\u00fclern der Oberstufe, Nachhilfe zu geben.<\/p>\n<p><strong>Wie melde ich mich an?<\/strong><\/p>\n<p>Das Anmeldeformular ist unterhalb per Link abrufbar. Wenn das Formular ausgef\u00fcllt ist, ist eine<br \/>\nR\u00fcckmeldung und Zuteilung eines:r Nachhilfegebenden entweder per E-Mail oder per WhatsApp in<br \/>\nden folgenden 2 bis 3 Tagen zu erwarten.<br \/>\nWeitere Termine sind mit dem:r Nachhilfegebenden auszumachen.<\/p>\n<p><strong>Wieviel kostet es?<\/strong><br \/>\n\u2013 1 Stunde Nachhilfe = 10 Euro<br \/>\n\u2013 \u00bd Stunden Nachhilfe = 5 Euro<\/p>\n<p>&nbsp;<\/p>\n<p><img loading=\"lazy\" decoding=\"async\" class=\"alignnone size-medium wp-image-27291\" src=\"https:\/\/www.europagymnasium.at\/wp-content\/uploads\/2025\/12\/IMG_1279-744x1236.jpeg\" alt=\"\" width=\"744\" height=\"1236\" srcset=\"https:\/\/www.europagymnasium.at\/wp-content\/uploads\/2025\/12\/IMG_1279-744x1236.jpeg 744w, https:\/\/www.europagymnasium.at\/wp-content\/uploads\/2025\/12\/IMG_1279-1200x1993.jpeg 1200w, https:\/\/www.europagymnasium.at\/wp-content\/uploads\/2025\/12\/IMG_1279-420x698.jpeg 420w, https:\/\/www.europagymnasium.at\/wp-content\/uploads\/2025\/12\/IMG_1279-768x1276.jpeg 768w, https:\/\/www.europagymnasium.at\/wp-content\/uploads\/2025\/12\/IMG_1279-181x300.jpeg 181w, https:\/\/www.europagymnasium.at\/wp-content\/uploads\/2025\/12\/IMG_1279-925x1536.jpeg 925w, https:\/\/www.europagymnasium.at\/wp-content\/uploads\/2025\/12\/IMG_1279-1233x2048.jpeg 1233w, https:\/\/www.europagymnasium.at\/wp-content\/uploads\/2025\/12\/IMG_1279.jpeg 1253w\" sizes=\"auto, (max-width: 744px) 100vw, 744px\" \/><\/p>\n<p>Mit freundlichen Gr\u00fc\u00dfen,<br \/>\nDeine Sch\u00fclervertretung<\/p>\n<p>&nbsp;<\/p>\n","protected":false},"excerpt":{"rendered":"<p class=\"post-excerpt\">Was ist \u201eSch\u00fcler Helfen Sch\u00fclern\u201c? \u201eSch\u00fcler Helfen Sch\u00fclern\u201c ist ein schulinternes Nachhilfeangebot, welches Sch\u00fclern der Oberstufe die M\u00f6glichkeit gibt, Sch\u00fclern&hellip;<\/p>\n<div class=\"link-more\"><a href=\"https:\/\/www.europagymnasium.at\/de\/schueler-helfen-schuelern\/\">Continue reading<span class=\"screen-reader-text\"> \"Sch\u00fcler helfen Sch\u00fclern\"<\/span>&hellip;<\/a><\/div>","protected":false},"author":1,"featured_media":0,"parent":0,"menu_order":0,"comment_status":"closed","ping_status":"closed","template":"","meta":{"ngg_post_thumbnail":0,"footnotes":""},"class_list":["post-8482","page","type-page","status-publish","hentry"],"_links":{"self":[{"href":"https:\/\/www.europagymnasium.at\/de\/wp-json\/wp\/v2\/pages\/8482","targetHints":{"allow":["GET"]}}],"collection":[{"href":"https:\/\/www.europagymnasium.at\/de\/wp-json\/wp\/v2\/pages"}],"about":[{"href":"https:\/\/www.europagymnasium.at\/de\/wp-json\/wp\/v2\/types\/page"}],"author":[{"embeddable":true,"href":"https:\/\/www.europagymnasium.at\/de\/wp-json\/wp\/v2\/users\/1"}],"replies":[{"embeddable":true,"href":"https:\/\/www.europagymnasium.at\/de\/wp-json\/wp\/v2\/comments?post=8482"}],"version-history":[{"count":22,"href":"https:\/\/www.europagymnasium.at\/de\/wp-json\/wp\/v2\/pages\/8482\/revisions"}],"predecessor-version":[{"id":27293,"href":"https:\/\/www.europagymnasium.at\/de\/wp-json\/wp\/v2\/pages\/8482\/revisions\/27293"}],"wp:attachment":[{"href":"https:\/\/www.europagymnasium.at\/de\/wp-json\/wp\/v2\/media?parent=8482"}],"curies":[{"name":"wp","href":"https:\/\/api.w.org\/{rel}","templated":true}]}}