{"id":6237,"date":"2014-11-24T20:18:44","date_gmt":"2014-11-24T19:18:44","guid":{"rendered":"http:\/\/www.europagymnasium.at\/\/?page_id=6237"},"modified":"2021-12-28T13:04:53","modified_gmt":"2021-12-28T12:04:53","slug":"wahlpflichtfaecher","status":"publish","type":"page","link":"https:\/\/www.europagymnasium.at\/de\/wahlpflichtfaecher\/","title":{"rendered":"Wahlpflichtf\u00e4cher"},"content":{"rendered":"<p><span style=\"font-family: Arial;\"><span style=\"font-size: large;\"><b>Die neue Rolle der Wahlpflichtgegenst\u00e4nde<\/b><\/span><\/span><\/p>\n<p>Den Wahlpflichtgegenst\u00e4nden wird eine andere Rolle als bisher zukommen.<\/p>\n<p>Ein Wahlpflichtgegenstand, der zur \u201eVertiefung und Erweiterung vom Sch\u00fcler\/der Sch\u00fclerin besuchter Pflichtgegenst\u00e4nde\u201c [\u201ebb) Wahlpflichtgegenst\u00e4nde\u201c] gew\u00e4hlt wurde und der bisher dazu verwendet wurde, um einen entsprechenden Pr\u00fcfungs- schwerpunkt zu bilden, wird, wenn er mindestens vierst\u00fcndig bis mindestens zur vorletzten Schulstufe unterrichtet wurde, in Zukunft eigenst\u00e4ndig maturabel sein.<\/p>\n<p>\u201ebb) Wahlpflichtgegenst\u00e4nde\u201c k\u00f6nnen auch als Erg\u00e4nzung zu einem dazu geh\u00f6rigen Pflichtgegenstand herangezogen werden, wenn die Summe der zur m\u00fcndlichen Pr\u00fcfung gew\u00e4hlten Pr\u00fcfungsgebiete die geforderte Anzahl der Unterrichtsstunden nicht erreicht:<\/p>\n<ul>\n<li>Bei zwei m\u00fcndlichen Pr\u00fcfungen muss die Summe der Jahreswochenstunden der beiden Gegenst\u00e4nde in der Oberstufe mindestens zehn Unterrichts- stunden betragen.<\/li>\n<\/ul>\n<ul>\n<li>Bei drei m\u00fcndlichen Pr\u00fcfungen muss die Summe der Wochenstunden der drei\u00a0Gegenst\u00e4nde in der Oberstufe mindestens 15 Unterrichtsstunden betragen.<\/li>\n<\/ul>\n<ul>\n<li>Wenn zwei Pflichtgegenst\u00e4nde die Summe von zehn Stunden nicht erreichen (z.B. PuP und Chemie), dann ist eine Kombination aus Pflichtgegenstand mit einem bb) Wahlpflichtgegenstand m\u00f6glich (z.B. Chemie, PuP \u2013 mit besuchtem bb) Wahlpflichtgegenstand entweder aus Chemie oder PuP)<\/li>\n<\/ul>\n<p>Es ist jedenfalls nicht gestattet, einen vierst\u00fcndigen bb) Wahlpflichtgegenstand zu teilen (z.B. in 7. oder 8. Klasse).<\/p>\n<p>Wurde allerdings ein zweist\u00fcndiger Wahlpflichtgegenstand \u201egebucht\u201c, um auf die im<\/p>\n<p>Lehrplan festgesetzte Stundenanzahl von Wahlpflichtgegenst\u00e4nden zu kommen, ist dieser f\u00fcr eine Erg\u00e4nzung auf 10 bzw. 15 Stunden zul\u00e4ssig.<\/p>\n<p>Es ist nicht zul\u00e4ssig, zu einem Pflichtgegenstand den dazugeh\u00f6rigen bb)Wahlpflicht- gegenstand als weiteres Pr\u00fcfungsgebiet zu w\u00e4hlen (z.B. GSK\/PB und<\/p>\n<p>Wahlpflichtgegenstand GSK\/PB), um zu den geforderten zehn f\u00fcr zwei Gegenst\u00e4nde bzw.15 Stunden f\u00fcr drei Gegenst\u00e4nde zukommen.<\/p>\n<p>Im Fall, dass z.B. ein Pflichtgegenstand mit einem bb) Wahlpflichtgegenstand kombiniert werden muss, um auf die geforderte Stundenanzahl zu kommen, sind die<\/p>\n<p>Jahreswochenstunden des Pflichtgegenstandes und des bb) Wahlpflicht- gegenstandes zu addieren und mit drei zu multiplizieren. Das Produkt ergibt die Anzahl der Themenbereiche, wobei 24 nicht \u00fcberschritten werden darf.<\/p>\n<p><a name=\"_GoBack\"><\/a> Der sechsst\u00fcndige (erg\u00e4nzende) \u201eaa) Wahlpflichtgegenstand\u201c \u201elebende Fremdsprache\u201c ist nur zur m\u00fcndlichen Reifepr\u00fcfung auf dem GERS-Niveau A2 als eigenst\u00e4ndiges Pr\u00fcfungsgebiet zugelassen.<\/p>\n","protected":false},"excerpt":{"rendered":"<p class=\"post-excerpt\">Die neue Rolle der Wahlpflichtgegenst\u00e4nde Den Wahlpflichtgegenst\u00e4nden wird eine andere Rolle als bisher zukommen. Ein Wahlpflichtgegenstand, der zur \u201eVertiefung und&hellip;<\/p>\n<div class=\"link-more\"><a href=\"https:\/\/www.europagymnasium.at\/de\/wahlpflichtfaecher\/\">Continue reading<span class=\"screen-reader-text\"> \"Wahlpflichtf\u00e4cher\"<\/span>&hellip;<\/a><\/div>","protected":false},"author":1,"featured_media":0,"parent":0,"menu_order":0,"comment_status":"open","ping_status":"open","template":"","meta":{"ngg_post_thumbnail":0,"footnotes":""},"class_list":["post-6237","page","type-page","status-publish","hentry"],"_links":{"self":[{"href":"https:\/\/www.europagymnasium.at\/de\/wp-json\/wp\/v2\/pages\/6237","targetHints":{"allow":["GET"]}}],"collection":[{"href":"https:\/\/www.europagymnasium.at\/de\/wp-json\/wp\/v2\/pages"}],"about":[{"href":"https:\/\/www.europagymnasium.at\/de\/wp-json\/wp\/v2\/types\/page"}],"author":[{"embeddable":true,"href":"https:\/\/www.europagymnasium.at\/de\/wp-json\/wp\/v2\/users\/1"}],"replies":[{"embeddable":true,"href":"https:\/\/www.europagymnasium.at\/de\/wp-json\/wp\/v2\/comments?post=6237"}],"version-history":[{"count":2,"href":"https:\/\/www.europagymnasium.at\/de\/wp-json\/wp\/v2\/pages\/6237\/revisions"}],"predecessor-version":[{"id":17321,"href":"https:\/\/www.europagymnasium.at\/de\/wp-json\/wp\/v2\/pages\/6237\/revisions\/17321"}],"wp:attachment":[{"href":"https:\/\/www.europagymnasium.at\/de\/wp-json\/wp\/v2\/media?parent=6237"}],"curies":[{"name":"wp","href":"https:\/\/api.w.org\/{rel}","templated":true}]}}