{"id":6235,"date":"2014-11-24T20:16:50","date_gmt":"2014-11-24T19:16:50","guid":{"rendered":"http:\/\/www.europagymnasium.at\/\/?page_id=6235"},"modified":"2021-12-28T13:04:53","modified_gmt":"2021-12-28T12:04:53","slug":"allgemeine-informationen","status":"publish","type":"page","link":"https:\/\/www.europagymnasium.at\/de\/allgemeine-informationen\/","title":{"rendered":"Allgemeine Informationen"},"content":{"rendered":"<p><span style=\"font-family: Arial;\"><span style=\"font-size: large;\"><b>Neue Reifepr\u00fcfung<\/b><\/span><\/span><\/p>\n<p><span style=\"font-family: Arial;\"><span style=\"font-size: medium;\">Ab dem Schuljahr 2014\/15 wird \u00f6sterreichweit an allen AHS die neue standardisierte, kompetenzorientierte Reifepr\u00fcfung eingef\u00fchrt.<\/span><\/span><\/p>\n<p><span style=\"font-family: Arial;\"><span style=\"font-size: medium;\">Voraussetzung f\u00fcr die Zulassung zur Reifepr\u00fcfung ist der positive Abschluss der 8.Klasse.<\/span><\/span><\/p>\n<p><span style=\"font-family: Arial;\"><span style=\"font-size: medium;\">Die Reifepr\u00fcfung ist wie folgt aufgebaut:<\/span><\/span><\/p>\n<p><span style=\"font-family: Arial;\"><span style=\"font-size: medium;\"><img loading=\"lazy\" decoding=\"async\" class=\"alignnone wp-image-6242 size-large\" src=\"http:\/\/www.europagymnasium.at\/wp-content\/uploads\/2014\/11\/rp-600x439.png\" alt=\"rp\" width=\"600\" height=\"439\"><\/span><\/span><\/p>\n<p><span style=\"font-family: Arial;\"><span style=\"font-size: medium;\">Die Sch\u00fclerInnen k\u00f6nnen selbst entscheiden, ob sie drei schriftliche und drei m\u00fcndliche oder vier schriftliche und zwei m\u00fcndliche Pr\u00fcfungen ablegen wollen. Alle Sch\u00fclerInnen schreiben eine vorwissenschaftliche Arbeit, die zwischen der schriftlichen und m\u00fcndlichen Reifepr\u00fcfung pr\u00e4sentiert wird. <\/span><\/span><\/p>\n<p><span style=\"font-family: Arial;\"><span style=\"font-size: medium;\">F\u00fcr die m\u00fcndliche Reifepr\u00fcfung werden die Themenpools nach Fachgruppen ver\u00f6ffentlicht.<\/span><\/span><\/p>\n<p><strong><span style=\"font-family: Arial;\"><span style=\"font-size: large;\">Informationen:<\/span><\/span><\/strong><\/p>\n<p><strong><span style=\"color: #800080;\">NEU<\/span><\/strong>:&nbsp;<a href=\"https:\/\/www.srdp.at\/\">https:\/\/www.srdp.at\/<\/a><\/p>\n<p><a href=\"https:\/\/www.bmbf.gv.at\/\">https:\/\/www.bmbf.gv.at\/<\/a><\/p>\n<p><a name=\"_GoBack\"><\/a> <a href=\"https:\/\/www.bifie.at\/\">https:\/\/www.bifie.at\/<\/a><\/p>\n<p><a href=\"https:\/\/www.bifie.at\/node\/80\">https:\/\/www.bifie.at\/node\/80<\/a> (Probeklausuren, Kompetenzchecks Mathematik)<\/p>\n<p><a href=\"http:\/\/www.europagymnasium.at\/wp-content\/uploads\/2014\/11\/praesentation.pdf\">Neue Reifepr\u00fcfung (Pr\u00e4sentation BMBF, 2014)<\/a><\/p>\n","protected":false},"excerpt":{"rendered":"<p class=\"post-excerpt\">Neue Reifepr\u00fcfung Ab dem Schuljahr 2014\/15 wird \u00f6sterreichweit an allen AHS die neue standardisierte, kompetenzorientierte Reifepr\u00fcfung eingef\u00fchrt. Voraussetzung f\u00fcr die&hellip;<\/p>\n<div class=\"link-more\"><a href=\"https:\/\/www.europagymnasium.at\/de\/allgemeine-informationen\/\">Continue reading<span class=\"screen-reader-text\"> \"Allgemeine Informationen\"<\/span>&hellip;<\/a><\/div>","protected":false},"author":1,"featured_media":0,"parent":0,"menu_order":0,"comment_status":"open","ping_status":"open","template":"","meta":{"ngg_post_thumbnail":0,"footnotes":""},"class_list":["post-6235","page","type-page","status-publish","hentry"],"_links":{"self":[{"href":"https:\/\/www.europagymnasium.at\/de\/wp-json\/wp\/v2\/pages\/6235","targetHints":{"allow":["GET"]}}],"collection":[{"href":"https:\/\/www.europagymnasium.at\/de\/wp-json\/wp\/v2\/pages"}],"about":[{"href":"https:\/\/www.europagymnasium.at\/de\/wp-json\/wp\/v2\/types\/page"}],"author":[{"embeddable":true,"href":"https:\/\/www.europagymnasium.at\/de\/wp-json\/wp\/v2\/users\/1"}],"replies":[{"embeddable":true,"href":"https:\/\/www.europagymnasium.at\/de\/wp-json\/wp\/v2\/comments?post=6235"}],"version-history":[{"count":3,"href":"https:\/\/www.europagymnasium.at\/de\/wp-json\/wp\/v2\/pages\/6235\/revisions"}],"predecessor-version":[{"id":17318,"href":"https:\/\/www.europagymnasium.at\/de\/wp-json\/wp\/v2\/pages\/6235\/revisions\/17318"}],"wp:attachment":[{"href":"https:\/\/www.europagymnasium.at\/de\/wp-json\/wp\/v2\/media?parent=6235"}],"curies":[{"name":"wp","href":"https:\/\/api.w.org\/{rel}","templated":true}]}}