{"id":59,"date":"2011-11-25T08:40:06","date_gmt":"2011-11-25T08:40:06","guid":{"rendered":"http:\/\/carogruen.setanodus.net\/europagymnasium\/?page_id=59"},"modified":"2022-11-24T11:04:11","modified_gmt":"2022-11-24T10:04:11","slug":"mediation","status":"publish","type":"page","link":"https:\/\/www.europagymnasium.at\/de\/mediation\/","title":{"rendered":"Mediation"},"content":{"rendered":"<p><strong>Liebe LeserInnen der MediatorInnenseite!<\/strong><\/p>\n<p>&nbsp;<\/p>\n<p>Wir, Sara Modritsch und Ingo Oberrauner, d\u00fcrfen uns hier als Coaches unserer Peer-MediatorInnen am Europagymnasium vorstellen und Ihnen unsere Aufgabengebiete\/ T\u00e4tigkeitsbereiche etwas n\u00e4her bringen:<\/p>\n<p>An unserer Schule sind wir mit einem Team von ausgebildeten (6. Klassen) und auszubildenden (5. Klassen) Peers f\u00fcr alle Sch\u00fclerInnen und KollegInnen nahezu st\u00e4ndig erreichbar und k\u00fcmmern uns um<\/p>\n<p>\u2026 die spontane Hilfe in Krisenf\u00e4llen<\/p>\n<p>\u2026 die Ausbildungsbegeleitung und Betreuung des j\u00e4hrlich hinzu kommenden Peer-MediatorInnen-Nachwuchses und die Implementierung der Klassenpaten der 1. Klassen<\/p>\n<p>\u2026 die Organisation und Koordination der ausgebildeten Peers<\/p>\n<p>\u2026 die Leitung von Vernetzungstreffen, wobei in Einzel- bzw. Gruppengespr\u00e4chen einzelne Problemf\u00e4lle besprochen werden<\/p>\n<p>\u2026 den gemeinsamen Besuch von Informations-, Fortbildungsveranstaltungen sowie Kinderschutzinstitutionen<\/p>\n<p>Damit allt\u00e4gliche Streitereinen, Mobbing, etc. nicht zum Schulalltag werden!<\/p>\n<p>Mag.<sup>a<\/sup> Sara Modritsch<br \/>\nMag. Ingo Oberrauner<\/p>\n<p>&nbsp;<\/p>\n<p>&nbsp;<\/p>\n<p><strong>Sch\u00fclermediation am Europagymnasium<\/strong><\/p>\n<div align=\"justify\">\n<p>&nbsp;<\/p>\n<p><span style=\"font-size: small;\">Sch\u00fclermediatoren helfen Erstklasslern beim Einstieg <\/span><\/p>\n<\/div>\n<p align=\"justify\"><span style=\"font-size: small;\">Erinnere dich zur\u00fcck an deinen ersten Schultag in der neuen Schule. Alles ist neu f\u00fcr dich! Lehrer, Sch\u00fcler, Nordtrakt, S\u00fcdtrakt, S\u00e4le, Klassen,&#8230; wie soll man sich das alles merken? Wen fragt man bei Unklarheiten? Wer hilft? <\/span><\/p>\n<p align=\"justify\"><span style=\"font-size: small;\">WIR, die Sch\u00fclermediatoren des Europagymnasiums, haben uns entschlossen diese Aufgabe zu \u00fcbernehmen. Jeweils zwei Mediatoren betreuen eine 1. Klasse und besuchen diese einmal pro Woche. Um die Arbeit als Sch\u00fclermediator nicht zu vernachl\u00e4ssigen, wird den \u00b4Kleinen\u00b4 nach und nach diese Form der Konfliktl\u00f6sung n\u00e4her gebracht. Unser Ziel ist es Mediation verst\u00e4ndlich zu machen und die n\u00e4chste Mediatorengeneration zu bilden.<\/span><\/p>\n<p align=\"justify\"><span style=\"font-size: small;\">Wo wir Mediatoren noch helfen k\u00f6nnen: <\/span><\/p>\n<p align=\"justify\"><span style=\"font-size: small;\">Wir bekommen immer wieder Bitten um Hilfe, bei denen uns leider die H\u00e4nde gebunden sind. Nat\u00fcrlich w\u00fcrden wir gerne allen helfen, aber in erster Linie sind wir Mediatoren. Das hei\u00dft, dass ihr uns kontaktieren k\u00f6nnt, wenn ihr einen Konflikt habt und diesen beilegen wollt. ABER: Beide Streitparteien m\u00fcssen freiwillig zu uns kommen, wir k\u00f6nnen niemanden zu einer Einigung zwingen.<\/span><\/p>\n<p align=\"justify\"><span style=\"font-size: small;\">Wo wir leider nicht helfen k\u00f6nnen: <\/span><\/p>\n<p align=\"justify\"><span style=\"font-size: small;\">\u2022 Konflikte mit Lehrern (wir schneiden uns ja unter Umst\u00e4nden ins eigene Fleisch)<br \/>\n\u2022 Alles, was ins Therapeutische geht<br \/>\n\u2022 Kriminelles<\/span><\/p>\n<p align=\"justify\"><span style=\"font-size: small;\">Bei diesen Dingen k\u00f6nnen wir euch h\u00f6chstens einige Organisationen ans Herz legen wie z.B. die Vertrauenslehrer. <\/span><\/p>\n<p align=\"justify\"><span style=\"font-size: small;\">Das Mediationsteam <\/span><\/p>\n","protected":false},"excerpt":{"rendered":"<p class=\"post-excerpt\">Liebe LeserInnen der MediatorInnenseite! &nbsp; Wir, Sara Modritsch und Ingo Oberrauner, d\u00fcrfen uns hier als Coaches unserer Peer-MediatorInnen am Europagymnasium&hellip;<\/p>\n<div class=\"link-more\"><a href=\"https:\/\/www.europagymnasium.at\/de\/mediation\/\">Continue reading<span class=\"screen-reader-text\"> \"Mediation\"<\/span>&hellip;<\/a><\/div>","protected":false},"author":1,"featured_media":0,"parent":0,"menu_order":0,"comment_status":"open","ping_status":"open","template":"","meta":{"ngg_post_thumbnail":0,"footnotes":""},"class_list":["post-59","page","type-page","status-publish","hentry"],"_links":{"self":[{"href":"https:\/\/www.europagymnasium.at\/de\/wp-json\/wp\/v2\/pages\/59","targetHints":{"allow":["GET"]}}],"collection":[{"href":"https:\/\/www.europagymnasium.at\/de\/wp-json\/wp\/v2\/pages"}],"about":[{"href":"https:\/\/www.europagymnasium.at\/de\/wp-json\/wp\/v2\/types\/page"}],"author":[{"embeddable":true,"href":"https:\/\/www.europagymnasium.at\/de\/wp-json\/wp\/v2\/users\/1"}],"replies":[{"embeddable":true,"href":"https:\/\/www.europagymnasium.at\/de\/wp-json\/wp\/v2\/comments?post=59"}],"version-history":[{"count":6,"href":"https:\/\/www.europagymnasium.at\/de\/wp-json\/wp\/v2\/pages\/59\/revisions"}],"predecessor-version":[{"id":22627,"href":"https:\/\/www.europagymnasium.at\/de\/wp-json\/wp\/v2\/pages\/59\/revisions\/22627"}],"wp:attachment":[{"href":"https:\/\/www.europagymnasium.at\/de\/wp-json\/wp\/v2\/media?parent=59"}],"curies":[{"name":"wp","href":"https:\/\/api.w.org\/{rel}","templated":true}]}}