{"id":53,"date":"2011-11-25T08:38:51","date_gmt":"2011-11-25T08:38:51","guid":{"rendered":"http:\/\/carogruen.setanodus.net\/europagymnasium\/?page_id=53"},"modified":"2025-09-11T09:59:27","modified_gmt":"2025-09-11T07:59:27","slug":"nachmittagsbetreuung","status":"publish","type":"page","link":"https:\/\/www.europagymnasium.at\/de\/nachmittagsbetreuung\/","title":{"rendered":"Tagesbetreuung"},"content":{"rendered":"<table border=\"0\">\n<tbody>\n<tr>\n<td rowspan=\"10\" valign=\"top\" width=\"382\">F\u00fcr Sch\u00fclerInnen der Unterstufe (1. bis 4. Klasse) wird eine<strong> Tagesbetreuung <\/strong>angeboten. Die Betreuung beginnt &#8211; je nach Bedarf -fr\u00fchestens um 12:20 Uhr nach dem Vormittagsunterricht und endet um 16:30 Uhr. Die Gruppengr\u00f6\u00dfe ist von der Gesamtanmeldezahl abh\u00e4ngig, liegt aber in der Regel zwischen 10 und 19 Sch\u00fclerInnen.<\/p>\n<ul>\n<li>Gemeinsames Mittagessen: (13:15 bis 14:00 Uhr)<\/li>\n<\/ul>\n<p align=\"justify\">Ab 13:15 Uhr wird mit den betreuenden Lehrpersonen gemeinsam das Mittagessen im Kolpingheim eingenommen zum\u00a0 <strong>Men\u00fcpreis<\/strong>\u00a0derzeit 6,80 \u20ac. Am Freitag essen die Sch\u00fclerInnen in der Schule (Schulkantine) zum Preis von \u20ac 9,50.<\/p>\n<ul>\n<li>Kernlernzeit: (14:00 bis 15:35 Uhr)<\/li>\n<\/ul>\n<p align=\"justify\">Zun\u00e4chst werden in der \u201eIndividuellen Lernzeit\u201c die Hausaufgaben gr\u00fcndlich erledigt. Im Anschluss daran kann in der \u201eFachbezogenen Lernzeit\u201c ein gepr\u00fcfter Fachlehrer die Lernenden mit weiterem, fachbezogenem \u00dcbungsmaterial versorgen.<\/p>\n<ul>\n<li>Freizeit: (15:40 bis 16:30 Uhr)<\/li>\n<\/ul>\n<p align=\"justify\">Nach dem Lernen und der Haus\u00fcbung stehen der Nachmittagsbetreuung der Turnsaal bzw. der Sportplatz zur Verf\u00fcgung, um den Lernenden einen sportlichen Ausgleich zu erm\u00f6glichen. Im Aufenthaltsraum gibt es auch ein breites Angebot an Brettspielen und einen Tischfu\u00dfballtisch.<\/p>\n<ul>\n<li>Kosten:<\/li>\n<\/ul>\n<p>Der zu entrichtende Beitrag ist von der in Anspruch genommenen Anzahl an Betreuungs- bzw. Wochentage abh\u00e4ngig. Der Betrag wird im Nachhinein von der Bildungsdirektion f\u00fcr K\u00e4rnten per Einziehungsauftrag abgebucht.<\/p>\n<dl>\n<dd>\n<table width=\"280\" cellspacing=\"0\" cellpadding=\"7\">\n<tbody>\n<tr>\n<td valign=\"top\" width=\"264\">\n<p align=\"left\">1 Tag = 26,40\u20ac<br \/>\n2 Tage = 35,20\u20ac<br \/>\n3 Tage = 52,80\u20ac<br \/>\n4 Tage = 70,40\u20ac<br \/>\n5 Tage = 88,00\u20ac<\/p>\n<\/td>\n<\/tr>\n<\/tbody>\n<\/table>\n<\/dd>\n<\/dl>\n<p>Wichtiges, das Sie beachten sollten:<\/p>\n<ul>\n<li>Generell empfehlen wir eine Anmeldung f\u00fcr 3 Tage, es sind aber auch individuelle Absprachen m\u00f6glich.<\/li>\n<li>Die Anmeldung ist f\u00fcr ein Semester bindend! Es kann erst fr\u00fchestens zu Semesterende (Februar) eine Abmeldung bzw. Reduktion erfolgen.<\/li>\n<li>F\u00fcr fr\u00fchzeitige bzw. flexibel gestaltete Entlassungszeiten bitte eine schriftliche Mitteilung an die NABE-Leitung richten<\/li>\n<li><strong>Allf\u00e4llige Abmeldungen sind zwei Wochen vor Semesterende schriftlich bei der Leitung der Nachmittagsbetreuung einzureichen.<\/strong><\/li>\n<\/ul>\n<p>Wir freuen uns, Ihr Kind im n\u00e4chsten Schuljahr in der Nachmittagsbetreuung begr\u00fc\u00dfen zu d\u00fcrfen.<\/p>\n<p align=\"right\">Mag. Markus Benedikt<br \/>\nMag.a Nora Schinegger-Benedikt<\/p>\n<p align=\"right\">Leitung der Nachmittagsbetreuung<br \/>\nTel.: \u00a00676\/5692073<\/p>\n<\/td>\n<\/tr>\n<tr>\n<td height=\"55\"><a href=\"http:\/\/www.europagymnasium.at\/wp-content\/uploads\/2011\/11\/20160121_123534.jpg\" rel=\"attachment wp-att-8853\"><img loading=\"lazy\" decoding=\"async\" class=\"tag aligncenter wp-image-8853\" src=\"http:\/\/www.europagymnasium.at\/wp-content\/uploads\/2011\/11\/20160121_123534-420x315.jpg\" alt=\"20160121_123534\" width=\"420\" height=\"315\" srcset=\"https:\/\/www.europagymnasium.at\/wp-content\/uploads\/2011\/11\/20160121_123534-420x315.jpg 420w, https:\/\/www.europagymnasium.at\/wp-content\/uploads\/2011\/11\/20160121_123534-744x558.jpg 744w, https:\/\/www.europagymnasium.at\/wp-content\/uploads\/2011\/11\/20160121_123534-768x576.jpg 768w, https:\/\/www.europagymnasium.at\/wp-content\/uploads\/2011\/11\/20160121_123534-400x300.jpg 400w, https:\/\/www.europagymnasium.at\/wp-content\/uploads\/2011\/11\/20160121_123534.jpg 1024w\" sizes=\"auto, (max-width: 420px) 100vw, 420px\" \/><\/a><\/td>\n<\/tr>\n<tr>\n<td height=\"112\"><a href=\"http:\/\/www.europagymnasium.at\/wp-content\/uploads\/2011\/11\/20160121_123434.jpg\" rel=\"attachment wp-att-8852\"><img loading=\"lazy\" decoding=\"async\" class=\"tag aligncenter wp-image-8852 size-thumbnail\" src=\"http:\/\/www.europagymnasium.at\/wp-content\/uploads\/2011\/11\/20160121_123434-420x315.jpg\" alt=\"20160121_123434\" width=\"420\" height=\"315\" srcset=\"https:\/\/www.europagymnasium.at\/wp-content\/uploads\/2011\/11\/20160121_123434-420x315.jpg 420w, https:\/\/www.europagymnasium.at\/wp-content\/uploads\/2011\/11\/20160121_123434-744x558.jpg 744w, https:\/\/www.europagymnasium.at\/wp-content\/uploads\/2011\/11\/20160121_123434-768x576.jpg 768w, https:\/\/www.europagymnasium.at\/wp-content\/uploads\/2011\/11\/20160121_123434-400x300.jpg 400w, https:\/\/www.europagymnasium.at\/wp-content\/uploads\/2011\/11\/20160121_123434.jpg 1024w\" sizes=\"auto, (max-width: 420px) 100vw, 420px\" \/><\/a><\/td>\n<\/tr>\n<tr>\n<td height=\"112\"><a href=\"http:\/\/www.europagymnasium.at\/wp-content\/uploads\/2011\/11\/2012-12.jpg\" rel=\"attachment wp-att-8851\"><img loading=\"lazy\" decoding=\"async\" class=\"tag aligncenter wp-image-8851 size-thumbnail\" src=\"http:\/\/www.europagymnasium.at\/wp-content\/uploads\/2011\/11\/2012-12-420x279.jpg\" alt=\"2012 (12)\" width=\"420\" height=\"279\" srcset=\"https:\/\/www.europagymnasium.at\/wp-content\/uploads\/2011\/11\/2012-12-420x279.jpg 420w, https:\/\/www.europagymnasium.at\/wp-content\/uploads\/2011\/11\/2012-12-744x494.jpg 744w, https:\/\/www.europagymnasium.at\/wp-content\/uploads\/2011\/11\/2012-12-768x510.jpg 768w, https:\/\/www.europagymnasium.at\/wp-content\/uploads\/2011\/11\/2012-12-450x300.jpg 450w, https:\/\/www.europagymnasium.at\/wp-content\/uploads\/2011\/11\/2012-12.jpg 1024w\" sizes=\"auto, (max-width: 420px) 100vw, 420px\" \/><\/a><\/td>\n<\/tr>\n<tr>\n<td height=\"112\"><\/td>\n<\/tr>\n<tr>\n<td height=\"112\"><\/td>\n<\/tr>\n<tr>\n<td height=\"112\"><\/td>\n<\/tr>\n<tr>\n<td height=\"112\"><\/td>\n<\/tr>\n<tr>\n<td height=\"125\"><\/td>\n<\/tr>\n<\/tbody>\n<\/table>\n","protected":false},"excerpt":{"rendered":"<p class=\"post-excerpt\">F\u00fcr Sch\u00fclerInnen der Unterstufe (1. bis 4. Klasse) wird eine Tagesbetreuung angeboten. Die Betreuung beginnt &#8211; je nach Bedarf -fr\u00fchestens&hellip;<\/p>\n<div class=\"link-more\"><a href=\"https:\/\/www.europagymnasium.at\/de\/nachmittagsbetreuung\/\">Continue reading<span class=\"screen-reader-text\"> \"Tagesbetreuung\"<\/span>&hellip;<\/a><\/div>","protected":false},"author":1,"featured_media":0,"parent":0,"menu_order":0,"comment_status":"open","ping_status":"open","template":"","meta":{"ngg_post_thumbnail":0,"footnotes":""},"class_list":["post-53","page","type-page","status-publish","hentry"],"_links":{"self":[{"href":"https:\/\/www.europagymnasium.at\/de\/wp-json\/wp\/v2\/pages\/53","targetHints":{"allow":["GET"]}}],"collection":[{"href":"https:\/\/www.europagymnasium.at\/de\/wp-json\/wp\/v2\/pages"}],"about":[{"href":"https:\/\/www.europagymnasium.at\/de\/wp-json\/wp\/v2\/types\/page"}],"author":[{"embeddable":true,"href":"https:\/\/www.europagymnasium.at\/de\/wp-json\/wp\/v2\/users\/1"}],"replies":[{"embeddable":true,"href":"https:\/\/www.europagymnasium.at\/de\/wp-json\/wp\/v2\/comments?post=53"}],"version-history":[{"count":29,"href":"https:\/\/www.europagymnasium.at\/de\/wp-json\/wp\/v2\/pages\/53\/revisions"}],"predecessor-version":[{"id":26334,"href":"https:\/\/www.europagymnasium.at\/de\/wp-json\/wp\/v2\/pages\/53\/revisions\/26334"}],"wp:attachment":[{"href":"https:\/\/www.europagymnasium.at\/de\/wp-json\/wp\/v2\/media?parent=53"}],"curies":[{"name":"wp","href":"https:\/\/api.w.org\/{rel}","templated":true}]}}