{"id":51,"date":"2011-11-25T08:38:29","date_gmt":"2011-11-25T08:38:29","guid":{"rendered":"http:\/\/carogruen.setanodus.net\/europagymnasium\/?page_id=51"},"modified":"2023-01-15T15:46:38","modified_gmt":"2023-01-15T14:46:38","slug":"informatik","status":"publish","type":"page","link":"https:\/\/www.europagymnasium.at\/de\/informatik\/","title":{"rendered":"Gymnasium | Informatik"},"content":{"rendered":"<p><span style=\"font-family: Carlito, sans-serif;\"><span style=\"font-size: medium;\"><a href=\"http:\/\/www.europagymnasium.at\/wp-content\/uploads\/2020\/12\/Flyer_Informatik_scr.pdf\" target=\"_blank\" rel=\"noopener noreferrer\"><img loading=\"lazy\" decoding=\"async\" class=\"wp-image-14252 alignright\" src=\"http:\/\/www.europagymnasium.at\/wp-content\/uploads\/2020\/12\/Screenshot_20201203_101139.png\" alt=\"\" width=\"302\" height=\"634\" srcset=\"https:\/\/www.europagymnasium.at\/wp-content\/uploads\/2020\/12\/Screenshot_20201203_101139.png 400w, https:\/\/www.europagymnasium.at\/wp-content\/uploads\/2020\/12\/Screenshot_20201203_101139-143x300.png 143w\" sizes=\"auto, (max-width: 302px) 100vw, 302px\" \/><\/a><\/span><\/span><\/p>\n<p style=\"text-align: justify;\"><span style=\"font-family: Carlito, sans-serif;\"><span style=\"font-size: medium;\">Das<span style=\"color: #008080;\"> <strong>Gymnasium|Informatik <\/strong><\/span>ist ein schulautonomer Schwerpunkt mit dem Ziel, eine Grundausbildung im Bereich der Informations- und Kommunikationstechnologien anzubieten, und die Jugendlichen auf die durchwegs digitalisierte Welt, in der sie leben und lernen, vorzubereiten.<\/span><\/span><\/p>\n<p style=\"text-align: center;\">&#8222;Eine gute IKT Ausbildung bedeutet,<br><span style=\"font-family: Carlito, sans-serif;\"><span style=\"font-size: small;\">sich <span style=\"color: #355269;\"><b><span style=\"font-size: medium;\">zeitgem\u00e4\u00df, zukunftsorientiert und effizient<\/span><\/b><\/span><b><br><\/b>in der eigenen digitalen Lebenswelt<br><span style=\"color: #355269;\"><b><span style=\"font-size: medium;\">sicher<\/span><\/b><\/span> bewegen zu k\u00f6nnen.&#8220;<\/span><\/span><\/p>\n<p style=\"text-align: justify;\"><span style=\"font-family: Carlito, sans-serif;\"><span style=\"font-size: medium;\">Der Unterricht im Gymnasium|Informatik findet in der Unterstufe <span style=\"color: #33cccc;\">vollst\u00e4ndig am Vormittag <\/span>statt. Die Stundentafel beinhaltet in der Unterstufe das Fach Informatik im Ausma\u00df von <span style=\"color: #33cccc;\">einer Wochenstunde pro Schulstufe<\/span> zus\u00e4tzlich als Vertiefung und Fortf\u00fchrung des Pflichtfaches &#8222;Digitale Grundbildung&#8220;. Auf diese Weise bieten wir den Sch\u00fcler:innen des Gymnasium|Informatik die M\u00f6glichkeit von der 1. bis zur 8. Klasse f\u00fcr je 2WH (inklusive Reifepr\u00fcfung im Fach Informatik) die digitale Welt zu ergr\u00fcnden und sich auch auf weiterf\u00fchrende technische Studienrichtungen gut vorzubereiten.<\/span><\/span><\/p>\n<p style=\"text-align: justify;\"><span style=\"font-family: Carlito, sans-serif;\"><span style=\"font-size: medium;\">Der Informatikunterricht erfolgt im Klassenverband, jedoch in geteilten Gruppen, sodass allen Sch\u00fclern und Sch\u00fclerinnen ein eigener Computer im Informatiklabor zur Verf\u00fcgung steht. Die geringe Gruppengr\u00f6\u00dfe erm\u00f6glicht eine intensivere Betreuung und R\u00fccksicht auf die individuellen Fortschritte der Sch\u00fcler:innen.<\/span><\/span><\/p>\n<p style=\"text-align: justify;\"><span style=\"font-family: Carlito, sans-serif;\"><span style=\"font-size: medium;\"> In unseren Informatiklaboren k\u00f6nnen die Sch\u00fcler:innen tiefergehende Erfahrungen mit der Programmierung von Microplatinen-Computer (Microbit, RaspberryPi), 3D Druckern und Hardwarekomponenten sammeln.<\/span><\/span><\/p>\n<p><span style=\"font-family: Carlito, sans-serif;\"><span style=\"font-size: medium;\"><br>Bei der Vermittlung der Inhalte kommt altersgem\u00e4\u00df eine spielerische und handlungsorientierte Unterrichtsgestaltung zum Einsatz.<br><\/span><\/span><\/p>\n<p><span style=\"font-family: Carlito, sans-serif;\"><span style=\"font-size: medium;\"><a href=\"http:\/\/www.europagymnasium.at\/wp-content\/uploads\/2019\/12\/IKT-Konzept.pdf\" target=\"_blank\" rel=\"noopener noreferrer\">IKT Konzept Europagymnasium Klagenfurt<\/a> (pdf)<\/span><\/span><\/p>\n<p><strong><span style=\"font-family: Carlito, sans-serif;\"><span style=\"font-size: medium;\">Kernstruktur \u00dcberblick:<\/span><\/span><\/strong><\/p>\n<ul>\n<li><span style=\"font-family: Carlito, sans-serif;\"><span style=\"font-size: medium;\"><span style=\"color: #003366;\">Informatiksysteme, Hardware und Software<\/span><br><\/span><\/span><span style=\"font-family: Carlito, sans-serif;\"><span style=\"font-size: medium;\">(praktischer Umgang mit den Ger\u00e4ten und der Software, 10 Finger-System, &#8230;)<\/span><\/span><\/li>\n<li><span style=\"font-family: Carlito, sans-serif;\"><span style=\"font-size: medium;\"><span style=\"color: #003366;\">Informationstechnologie, Mensch und Gesellschaft<\/span><br><\/span><\/span><span style=\"font-family: Carlito, sans-serif;\"><span style=\"font-size: medium;\">(Safer Internet, fake News, Internet Abzocke, Datenschutz, Datenklau, Cybermobbing, &#8230;)<\/span><\/span><\/li>\n<li><span style=\"font-family: Carlito, sans-serif;\"><span style=\"font-size: medium;\"><span style=\"color: #003366;\">Publikation, Kommunikation und Multimedia<\/span><br><\/span><\/span><span style=\"font-family: Carlito, sans-serif;\"><span style=\"font-size: medium;\">(Erstellung von Grafiken, einfachen Webseiten, Pr\u00e4sentationen, Dokumenten, Videos, &#8230;)<\/span><\/span><\/li>\n<li><span style=\"font-family: Carlito, sans-serif;\"><span style=\"font-size: medium;\"><span style=\"color: #003366;\">Computational Thinking<\/span><br><\/span><\/span><span style=\"font-family: Carlito, sans-serif;\"><span style=\"font-size: medium;\">(Funktionsweise von Hard- und Software, Verschl\u00fcsselung, visuelle Programmierung, &#8230;)<\/span><\/span><\/li>\n<\/ul>\n<p><span style=\"font-family: Carlito, sans-serif;\"><span style=\"font-size: medium;\">Lehrplan Details:&nbsp;<a href=\"http:\/\/www.europagymnasium.at\/wp-content\/uploads\/2019\/11\/ikt.pdf\" target=\"_blank\" rel=\"noopener noreferrer\"> Informations- und Kommunikationstechnologie<\/a>&nbsp;(pdf)<\/span><\/span><\/p>\n<p>&nbsp;<\/p>\n<p><strong><span style=\"font-family: Carlito, sans-serif;\"><span style=\"font-size: medium;\">Weiterbildende M\u00f6glichkeiten:<\/span><\/span><\/strong><\/p>\n<ul>\n<li><span style=\"font-family: Carlito, sans-serif;\"><span style=\"font-size: medium;\">Pflichtgegenstand Informatik (2Wh 5. Klasse)<\/span><\/span><\/li>\n<li><span style=\"font-family: Carlito, sans-serif;\"><span style=\"font-size: medium;\">Wahlpflichtfach Informatik (je 2Wh 6.- 8. Klasse)<\/span><\/span><\/li>\n<li><span style=\"font-family: Carlito, sans-serif;\"><span style=\"font-size: medium;\">M\u00fcndliche Maturapr\u00fcfung in Informatik!<\/span><\/span><\/li>\n<\/ul>\n<p>&nbsp;<\/p>\n<p align=\"left\"><strong><span style=\"font-family: Carlito, sans-serif;\"><span style=\"font-size: medium;\">Gesamtkoordination:<br><\/span><\/span><\/strong><span style=\"font-family: Carlito, sans-serif;\"><span style=\"font-size: medium;\">Mag. Thomas Michael Weissel<\/span><\/span><\/p>\n<p align=\"left\">&nbsp;<\/p>\n<p><span style=\"font-family: Carlito, sans-serif;\"><span style=\"font-size: medium;\">Besuchen Sie unsere <a href=\"http:\/\/www.europagymnasium.at\/gallery\/\" target=\"_blank\" rel=\"noopener noreferrer\">IT Galerie<\/a> oder sehen Sie sich das Video aus dem Unterricht an und machen sie sich selbst ein Bild!<\/span><\/span><\/p>\n<p><span style=\"font-family: Carlito, sans-serif;\"><span style=\"font-size: medium;\">&nbsp;<\/span><\/span><a href=\"http:\/\/www.europagymnasium.at\/gallery\/\" target=\"_blank\" rel=\"noopener noreferrer\"><img loading=\"lazy\" decoding=\"async\" class=\"alignnone wp-image-13204 size-thumbnail\" src=\"http:\/\/www.europagymnasium.at\/wp-content\/uploads\/2019\/11\/Screenshot_20191124_181223-420x252.png\" alt=\"\" width=\"420\" height=\"252\" srcset=\"https:\/\/www.europagymnasium.at\/wp-content\/uploads\/2019\/11\/Screenshot_20191124_181223-420x252.png 420w, https:\/\/www.europagymnasium.at\/wp-content\/uploads\/2019\/11\/Screenshot_20191124_181223-744x446.png 744w, https:\/\/www.europagymnasium.at\/wp-content\/uploads\/2019\/11\/Screenshot_20191124_181223-768x460.png 768w, https:\/\/www.europagymnasium.at\/wp-content\/uploads\/2019\/11\/Screenshot_20191124_181223-450x269.png 450w, https:\/\/www.europagymnasium.at\/wp-content\/uploads\/2019\/11\/Screenshot_20191124_181223.png 1057w\" sizes=\"auto, (max-width: 420px) 100vw, 420px\" \/><\/a><\/p>\n<p><strong>Video<\/strong>:<\/p>\n\n\n<figure class=\"wp-block-video\"><video controls src=\"http:\/\/www.europagymnasium.at\/infotag\/videos\/informatik\/Info.mkv\"><\/video><\/figure>\n\n\n\n<figure class=\"wp-block-image size-full\"><a href=\"http:\/\/www.europagymnasium.at\/infotag\/sphere\/info.html\" target=\"_blank\" rel=\"noreferrer noopener\"><img loading=\"lazy\" decoding=\"async\" width=\"956\" height=\"334\" src=\"http:\/\/www.europagymnasium.at\/wp-content\/uploads\/2022\/09\/Download.png\" alt=\"\" class=\"wp-image-22194\" srcset=\"https:\/\/www.europagymnasium.at\/wp-content\/uploads\/2022\/09\/Download.png 956w, https:\/\/www.europagymnasium.at\/wp-content\/uploads\/2022\/09\/Download-744x260.png 744w, https:\/\/www.europagymnasium.at\/wp-content\/uploads\/2022\/09\/Download-420x147.png 420w, https:\/\/www.europagymnasium.at\/wp-content\/uploads\/2022\/09\/Download-768x268.png 768w, https:\/\/www.europagymnasium.at\/wp-content\/uploads\/2022\/09\/Download-450x157.png 450w\" sizes=\"auto, (max-width: 956px) 100vw, 956px\" \/><\/a><figcaption class=\"wp-element-caption\">3D Ansicht &#8211; Informatiklabor 3<\/figcaption><\/figure>\n\n\n\n<p><\/p>\n\n\n\n<p><strong>Artikel:<\/strong><\/p>\n<p><blockquote class=\"wp-embedded-content\" data-secret=\"LUt7HtVc9a\"><a href=\"http:\/\/www.europagymnasium.at\/de\/2015\/11\/freie-software-als-weg-aus-dem-vendor-lock-in\/\">FREIE SOFTWARE ALS WEG AUS DEM VENDOR LOCK-IN<\/a><\/blockquote><iframe loading=\"lazy\" class=\"wp-embedded-content\" sandbox=\"allow-scripts\" security=\"restricted\" style=\"position: absolute; clip: rect(1px, 1px, 1px, 1px);\" title=\"&#8222;FREIE SOFTWARE ALS WEG AUS DEM VENDOR LOCK-IN&#8220; &#8212; Europagymnasium Klagenfurt am W\u00f6rthersee\" src=\"http:\/\/www.europagymnasium.at\/de\/2015\/11\/freie-software-als-weg-aus-dem-vendor-lock-in\/embed\/#?secret=ALeDMUMZta#?secret=LUt7HtVc9a\" data-secret=\"LUt7HtVc9a\" width=\"600\" height=\"338\" frameborder=\"0\" marginwidth=\"0\" marginheight=\"0\" scrolling=\"no\"><\/iframe><\/p>\n<p><blockquote class=\"wp-embedded-content\" data-secret=\"yrYdhWwx1S\"><a href=\"http:\/\/www.europagymnasium.at\/de\/2015\/05\/projekt-5c-informatiksaal-3\/\">Projekt 5C &#8211; Informatiksaal 3<\/a><\/blockquote><iframe loading=\"lazy\" class=\"wp-embedded-content\" sandbox=\"allow-scripts\" security=\"restricted\" style=\"position: absolute; clip: rect(1px, 1px, 1px, 1px);\" title=\"&#8222;Projekt 5C &#8211; Informatiksaal 3&#8220; &#8212; Europagymnasium Klagenfurt am W\u00f6rthersee\" src=\"http:\/\/www.europagymnasium.at\/de\/2015\/05\/projekt-5c-informatiksaal-3\/embed\/#?secret=0CGbNZfZDc#?secret=yrYdhWwx1S\" data-secret=\"yrYdhWwx1S\" width=\"600\" height=\"338\" frameborder=\"0\" marginwidth=\"0\" marginheight=\"0\" scrolling=\"no\"><\/iframe><\/p>\n<p><blockquote class=\"wp-embedded-content\" data-secret=\"8OVNFmojLC\"><a href=\"http:\/\/www.europagymnasium.at\/de\/helpdesk-it\/\">HelpDesk IT<\/a><\/blockquote><iframe loading=\"lazy\" class=\"wp-embedded-content\" sandbox=\"allow-scripts\" security=\"restricted\" style=\"position: absolute; clip: rect(1px, 1px, 1px, 1px);\" title=\"&#8222;HelpDesk IT&#8220; &#8212; Europagymnasium Klagenfurt am W\u00f6rthersee\" src=\"http:\/\/www.europagymnasium.at\/de\/helpdesk-it\/embed\/#?secret=ITVuYloGwj#?secret=8OVNFmojLC\" data-secret=\"8OVNFmojLC\" width=\"600\" height=\"338\" frameborder=\"0\" marginwidth=\"0\" marginheight=\"0\" scrolling=\"no\"><\/iframe><\/p>\n<p>&nbsp;<\/p>\n<p>&nbsp;<\/p>\n","protected":false},"excerpt":{"rendered":"<p class=\"post-excerpt\">Das Gymnasium|Informatik ist ein schulautonomer Schwerpunkt mit dem Ziel, eine Grundausbildung im Bereich der Informations- und Kommunikationstechnologien anzubieten, und die&hellip;<\/p>\n<div class=\"link-more\"><a href=\"https:\/\/www.europagymnasium.at\/de\/informatik\/\">Continue reading<span class=\"screen-reader-text\"> \"Gymnasium | Informatik\"<\/span>&hellip;<\/a><\/div>","protected":false},"author":1,"featured_media":13274,"parent":0,"menu_order":0,"comment_status":"open","ping_status":"open","template":"","meta":{"footnotes":""},"class_list":["post-51","page","type-page","status-publish","has-post-thumbnail","hentry"],"_links":{"self":[{"href":"https:\/\/www.europagymnasium.at\/de\/wp-json\/wp\/v2\/pages\/51","targetHints":{"allow":["GET"]}}],"collection":[{"href":"https:\/\/www.europagymnasium.at\/de\/wp-json\/wp\/v2\/pages"}],"about":[{"href":"https:\/\/www.europagymnasium.at\/de\/wp-json\/wp\/v2\/types\/page"}],"author":[{"embeddable":true,"href":"https:\/\/www.europagymnasium.at\/de\/wp-json\/wp\/v2\/users\/1"}],"replies":[{"embeddable":true,"href":"https:\/\/www.europagymnasium.at\/de\/wp-json\/wp\/v2\/comments?post=51"}],"version-history":[{"count":68,"href":"https:\/\/www.europagymnasium.at\/de\/wp-json\/wp\/v2\/pages\/51\/revisions"}],"predecessor-version":[{"id":22893,"href":"https:\/\/www.europagymnasium.at\/de\/wp-json\/wp\/v2\/pages\/51\/revisions\/22893"}],"wp:featuredmedia":[{"embeddable":true,"href":"https:\/\/www.europagymnasium.at\/de\/wp-json\/wp\/v2\/media\/13274"}],"wp:attachment":[{"href":"https:\/\/www.europagymnasium.at\/de\/wp-json\/wp\/v2\/media?parent=51"}],"curies":[{"name":"wp","href":"https:\/\/api.w.org\/{rel}","templated":true}]}}