{"id":49,"date":"2011-11-25T08:38:09","date_gmt":"2011-11-25T08:38:09","guid":{"rendered":"http:\/\/carogruen.setanodus.net\/europagymnasium\/?page_id=49"},"modified":"2022-10-11T22:41:10","modified_gmt":"2022-10-11T20:41:10","slug":"eu-klassen","status":"publish","type":"page","link":"https:\/\/www.europagymnasium.at\/de\/eu-klassen\/","title":{"rendered":"Gymnasium | Europaklasse"},"content":{"rendered":"<p align=\"left\"><span style=\"color: #000000;\"><span style=\"font-family: MinionPro-Regular, serif;\"><span style=\"font-size: medium;\"><span style=\"font-family: Candara Light, serif;\"><span style=\"font-size: small;\"><a href=\"http:\/\/www.europagymnasium.at\/wp-content\/uploads\/2020\/12\/Flyer_Europa_scr.pdf\"><img loading=\"lazy\" decoding=\"async\" class=\"alignnone wp-image-14249 \" src=\"http:\/\/www.europagymnasium.at\/wp-content\/uploads\/2020\/12\/Screenshot_20201203_100507.png\" alt=\"\" width=\"218\" height=\"451\" srcset=\"https:\/\/www.europagymnasium.at\/wp-content\/uploads\/2020\/12\/Screenshot_20201203_100507.png 403w, https:\/\/www.europagymnasium.at\/wp-content\/uploads\/2020\/12\/Screenshot_20201203_100507-145x300.png 145w\" sizes=\"auto, (max-width: 218px) 100vw, 218px\" \/><\/a><br><\/span><\/span><\/span><\/span><\/span><\/p>\n<p align=\"left\"><span style=\"color: #000000;\"><span style=\"font-family: MinionPro-Regular, serif;\"><span style=\"font-size: medium;\"><span style=\"font-family: Candara Light, serif;\"><span style=\"font-size: small;\">Das Europagymnasium bietet seit mehr als 20 Jahren sein Erfolgskonzept <\/span><\/span><span style=\"font-family: Candara Light, serif;\"><span style=\"font-size: small;\">\u00bb<\/span><\/span><span style=\"font-family: Candara Light, serif;\"><span style=\"font-size: small;\">Europaklasse<\/span><\/span><span style=\"font-family: Candara Light, serif;\"><span style=\"font-size: small;\">\u00ab<\/span><\/span><span style=\"font-family: Candara Light, serif;\"><span style=\"font-size: small;\"> mit dem Schwerpunkt EAA (Englisch als Arbeitssprache) an. Das bedeutet, dass Englisch als Unterrichtssprache in allen Gegenst\u00e4nden, au\u00dfer Mathematik, Deutsch und Religion, verwendet wird. Diese Klassen, schulintern auch <\/span><\/span><span style=\"font-family: Candara Light, serif;\"><span style=\"font-size: small;\">\u00bb<\/span><\/span><span style=\"font-family: Candara Light, serif;\"><span style=\"font-size: small;\">EULEN<\/span><\/span><span style=\"font-family: Candara Light, serif;\"><span style=\"font-size: small;\">\u00ab<\/span><\/span><span style=\"font-family: Candara Light, serif;\"><span style=\"font-size: small;\"> genannt, werden als Gymnasial<\/span><\/span><span style=\"font-family: Candara Light, serif;\"><span style=\"font-size: small;\">klassen bis zur Matura gef\u00fchrt und durch den Einsatz von <\/span><\/span><span style=\"font-family: Candara Light, serif;\"><span style=\"font-size: small;\">\u00bb<\/span><\/span><span style=\"font-family: Candara Light, serif;\"><span style=\"font-size: small;\">Native Teachers<\/span><\/span><span style=\"font-family: Candara Light, serif;\"><span style=\"font-size: small;\">\u00ab<\/span><\/span> <span style=\"font-family: Candara Light, serif;\"><span style=\"font-size: small;\">(Lehrer*innen mit Englisch als Muttersprache) unterst\u00fctzt.<\/span><\/span><\/span><\/span><\/span><\/p>\n<p align=\"left\">&nbsp;<\/p>\n<p align=\"left\"><span style=\"color: #000000;\"><span style=\"font-family: MinionPro-Regular, serif;\"><span style=\"font-size: medium;\"><span style=\"font-family: Candara Light, serif;\"><span style=\"font-size: small;\"><a href=\"http:\/\/www.europagymnasium.at\/wp-content\/uploads\/2020\/12\/Flyer_Europa_scr.pdf\">Flyer_Europaklasse (pdf)<\/a><\/span><\/span><\/span><\/span><\/span><\/p>\n<p align=\"left\"><span style=\"color: #000000;\"><span style=\"font-family: MinionPro-Regular, serif;\"><span style=\"font-size: medium;\"><span style=\"font-family: Candara Light, serif;\"><span style=\"font-size: small;\">Zur Unterst\u00fctzung der Freude an der Sprache besuchen alle Kinder der 1. Klasse den Gegenstand <\/span><\/span><\/span><\/span><\/span><\/p>\n<p align=\"left\"><span style=\"color: #000000;\"><span style=\"font-family: MinionPro-Regular, serif;\"><span style=\"font-size: medium;\"><span style=\"font-family: Candara Light, serif;\"><span style=\"font-size: small;\">\u00bb<\/span><\/span><span style=\"font-family: Candara Light, serif;\"><span style=\"font-size: small;\">Drama<\/span><\/span><span style=\"font-family: Candara Light, serif;\"><span style=\"font-size: small;\">\u00ab<\/span><\/span><span style=\"font-family: Candara Light, serif;\"><span style=\"font-size: small;\"> (Theater). Selbstbewusster Sprachgebrauch wird nicht zuletzt durch die kreative Auseinandersetzung mit dem Englischen gef\u00f6rdert. Deswegen ist der Dramaunterricht mit diversen Auff\u00fchrungen (Christmas Show, Spring Festival) zentraler Bestandteil des Programms. Wir bringen die englische Sprache im wahrsten Sinne des Wortes <\/span><\/span><span style=\"font-family: Candara Light, serif;\"><span style=\"font-size: small;\">\u00bb<\/span><\/span><span style=\"font-family: Candara Light, serif;\"><span style=\"font-size: small;\">from the page to the stage<\/span><\/span><span style=\"font-family: Candara Light, serif;\"><span style=\"font-size: small;\">\u00ab<\/span><\/span><span style=\"font-family: Candara Light, serif;\"><span style=\"font-size: small;\">. Dies tr\u00e4gt zur Verbesserung der Sprachkompetenz und der Motivation bei und wird ab der 2. Klasse als <\/span><\/span><span style=\"font-family: Candara Light, serif;\"><span style=\"font-size: small;\">\u00bb<\/span><\/span><span style=\"font-family: Candara Light, serif;\"><span style=\"font-size: small;\">Drama Club<\/span><\/span><span style=\"font-family: Candara Light, serif;\"><span style=\"font-size: small;\">\u00ab<\/span><\/span><span style=\"font-family: Candara Light, serif;\"><span style=\"font-size: small;\"> weiter angeboten.<\/span><\/span><\/span><\/span><\/span><\/p>\n<p align=\"left\"><span style=\"color: #000000;\"><span style=\"font-family: MinionPro-Regular, serif;\"><span style=\"font-size: medium;\"><span style=\"font-family: Candara Light, serif;\"><span style=\"font-size: small;\">F<\/span><\/span><span style=\"font-family: Candara Light, serif;\"><span style=\"font-size: small;\">\u00fcr Sch\u00fcler*innen der Europaklasse ist ein Jahresbeitrag in der H\u00f6he von 400,\u2013 Euro zu leisten.<\/span><\/span><\/span><\/span><\/span><\/p>\n<p><span style=\"font-family: Candara Light, serif;\"><span style=\"font-size: small;\">Von diesem Beitrag werden die Kosten von englischsprachigen B\u00fcchern, die Pr\u00fcfungsgeb\u00fchren der<br><\/span><\/span><span style=\"font-family: Candara Light, serif;\"><span style=\"font-size: small;\">Cambridge Sprachzertifikate und die zus\u00e4tzlichen Native-Speaker-Stunden gedeckt.<\/span><\/span><\/p>\n<p align=\"left\"><span style=\"color: #000000;\"><span style=\"font-family: MinionPro-Regular, serif;\"><span style=\"font-size: medium;\"><span style=\"font-family: Candara Light, serif;\"><span style=\"font-size: small;\"><span style=\"font-family: Candara, serif;\"><b>Aufnahme<br><\/b><\/span><\/span><\/span><\/span><\/span><\/span><span style=\"font-family: Candara Light, serif;\"><span style=\"font-size: small;\">Die Reihung der Aufnahme der Sch\u00fcler*innen <\/span><\/span><span style=\"font-family: Candara Light, serif;\"><span style=\"font-size: small;\">erfolgt basierend auf den Noten in Deutsch, Mathematik und Sachunterricht des Semesterzeugnisses der 4. Klasse Volksschule und dem Ergebnis eines Aufnahmegespr\u00e4ches, das in deutscher Sprache gef\u00fchrt wird.<\/span><\/span><\/p>\n<p align=\"left\"><span style=\"color: #000000;\"><span style=\"font-family: MinionPro-Regular, serif;\"><span style=\"font-size: medium;\"><span style=\"font-family: Candara Light, serif;\"><span style=\"font-size: small;\"><span style=\"font-family: Candara, serif;\"><b>Gesamtkoordination<br><\/b><\/span><\/span><\/span><\/span><\/span><\/span><span style=\"color: #000000;\"><span style=\"font-family: MinionPro-Regular, serif;\"><span style=\"font-size: medium;\"><span style=\"font-family: Candara Light, serif;\"><span style=\"font-size: small;\">Mag.\u00aa Tanja Nikolic-Resch<\/span><\/span><\/span><\/span><\/span><\/p>\n<blockquote>\n<p>\u00bbOne language sets you in a corridor for life. Two languages open every door along the way.\u00ab<br>\u2013 Frank Smith \u2013<\/p>\n<\/blockquote>\n<h6 align=\"left\">Unser Angebot<\/h6>\n<p align=\"left\"><span style=\"color: #000000;\"><span style=\"font-family: MinionPro-Regular, serif;\"><span style=\"font-size: medium;\"><span style=\"font-family: Candara Light, serif;\"><span style=\"font-size: small;\"><span style=\"font-family: Candara, serif;\"><b>EAA (Englisch als Arbeitssprache) <\/b><\/span><\/span><\/span><br><span style=\"font-family: Candara Light, serif;\"><span style=\"font-size: small;\"><span style=\"font-family: Candara Light, sans-serif;\">Lehrinhalte und Sprache sind auf innovative Weise eng miteinander <\/span><\/span><\/span><span style=\"font-family: Candara Light, serif;\"><span style=\"font-size: small;\"><span style=\"font-family: Candara Light, sans-serif;\">verbunden. Dieses p\u00e4dagogische Konzept ist nicht nur effektiv, sondern <\/span><\/span><\/span><span style=\"font-family: Candara Light, serif;\"><span style=\"font-size: small;\"><span style=\"font-family: Candara Light, sans-serif;\">steigert auch die Freude an der Sprache und damit den Lernerfolg. Durch diese Methode werden sowohl bilinguale als auch interkulturelle Kompetenzen gef\u00f6rdert. <\/span><\/span><\/span><\/span><\/span><\/span><\/p>\n<p align=\"left\"><span style=\"color: #000000;\"><span style=\"font-family: MinionPro-Regular, serif;\"><span style=\"font-size: medium;\"><span style=\"font-family: Candara Light, serif;\"><span style=\"font-size: small;\"><span style=\"font-family: Candara, serif;\"><b>Team Teaching<\/b><\/span><\/span><\/span><br><span style=\"font-family: Candara Light, serif;\"><span style=\"font-size: small;\"><span style=\"font-family: Candara Light, sans-serif;\">Qualifizierte Native Teachers unterst\u00fctzen den Unterricht und erlauben den Sch\u00fcler*innen fr\u00fchzeitig in die englischsprachige Welt einzutauchen.<\/span><\/span><\/span><\/span><\/span><\/span><\/p>\n<p align=\"left\"><span style=\"color: #000000;\"><span style=\"font-family: MinionPro-Regular, serif;\"><span style=\"font-size: medium;\"><span style=\"font-family: Candara Light, serif;\"><span style=\"font-size: small;\"><span style=\"font-family: Candara, serif;\"><b>Fremdsprachen<\/b><\/span><\/span><\/span><br><span style=\"font-family: Candara Light, serif;\"><span style=\"font-size: small;\"><span style=\"font-family: Candara Light, sans-serif;\">\u2022 Englisch ab der 1. Klasse<\/span><\/span><\/span><span style=\"font-family: Candara Light, sans-serif;\"><br><\/span><span style=\"font-family: Candara Light, serif;\"><span style=\"font-size: small;\"><span style=\"font-family: Candara Light, sans-serif;\">\u2022 Franz\u00f6sisch, Italienisch oder Spanisch ab der 3. Klasse<\/span><\/span><\/span><span style=\"font-family: Candara Light, sans-serif;\"><br><\/span><span style=\"font-family: Candara Light, serif;\"><span style=\"font-size: small;\"><span style=\"font-family: Candara Light, sans-serif;\">\u2022 Latein ab der 5. Klasse<\/span><\/span><\/span><span style=\"font-family: Candara Light, sans-serif;\"><br><\/span><span style=\"font-family: Candara Light, serif;\"><span style=\"font-size: small;\"><span style=\"font-family: Candara Light, sans-serif;\">\u2022 Spanisch, Russisch und Italienisch (Wahlpflichtf\u00e4cher in der Oberstufe)<\/span><\/span><\/span><\/span><\/span><\/span><\/p>\n<p align=\"left\"><span style=\"color: #000000;\"><span style=\"font-family: MinionPro-Regular, serif;\"><span style=\"font-size: medium;\"><span style=\"font-family: Candara Light, serif;\"><span style=\"font-size: small;\"><span style=\"font-family: Candara, serif;\"><b>Internationale Sprachzertifikate<\/b><\/span><\/span><\/span><br><span style=\"font-family: Candara Light, serif;\"><span style=\"font-size: small;\"><span style=\"font-family: Candara Light, sans-serif;\">Eine Haupts\u00e4ule unseres Programms ist der Erwerb weltweit anerkannter Sprachzertifikate. <\/span><\/span><\/span><br><span style=\"font-family: Candara Light, serif;\"><span style=\"font-size: small;\"><span style=\"font-family: Candara, serif;\"><b>\u2022 Cambridge B2 First Certificate<\/b><\/span><\/span><\/span><span style=\"font-family: Candara Light, serif;\"><span style=\"font-size: small;\"><span style=\"font-family: Candara Light, sans-serif;\"> (5. Klasse)<\/span><\/span><\/span><br><span style=\"font-family: Candara Light, serif;\"><span style=\"font-size: small;\"><span style=\"font-family: Candara, serif;\"><b>\u2022 Cambridge C1 Advanced Certificate<\/b><\/span><\/span><\/span> <span style=\"font-family: Candara Light, serif;\"><span style=\"font-size: small;\"><span style=\"font-family: Candara Light, sans-serif;\">(7. Klasse) <\/span><\/span><\/span><br><span style=\"font-family: Candara Light, serif;\"><span style=\"font-size: small;\"><span style=\"font-family: Candara, serif;\"><b>\u2022 DELF Scolaire B1<\/b><\/span><\/span><\/span><span style=\"font-family: Candara Light, serif;\"><span style=\"font-size: small;\"><span style=\"font-family: Candara Light, sans-serif;\"> (7. Klasse)<\/span><\/span><\/span><br><span style=\"font-family: Candara Light, serif;\"><span style=\"font-size: small;\"><span style=\"font-family: Candara, serif;\"><b>\u2022 DELF Scolaire B2<\/b><\/span><\/span><\/span> <span style=\"font-family: Candara Light, serif;\"><span style=\"font-size: small;\"><span style=\"font-family: Candara Light, sans-serif;\">(8. Klasse)<\/span><\/span><\/span><\/span><\/span><\/span><\/p>\n<p align=\"left\"><span style=\"color: #000000;\"><span style=\"font-family: MinionPro-Regular, serif;\"><span style=\"font-size: medium;\"><span style=\"font-family: Candara Light, serif;\"><span style=\"font-size: small;\"><span style=\"font-family: Candara, serif;\"><b>Sprachreisen<\/b><\/span><\/span><\/span><br><span style=\"font-family: Candara Light, serif;\"><span style=\"font-size: small;\"><span style=\"font-family: Candara Light, sans-serif;\">\u2022 In der 4. Klasse: Sprachaufenthalt (10-14 Tage) <\/span><\/span><\/span><span style=\"font-family: Candara Light, sans-serif;\"><br><\/span><span style=\"font-family: Candara Light, serif;\"><span style=\"font-size: small;\"><span style=\"font-family: Candara Light, sans-serif;\"> in einem englischsprachigen Land<\/span><\/span><\/span><span style=\"font-family: Candara Light, sans-serif;\"><br><\/span><span style=\"font-family: Candara Light, serif;\"><span style=\"font-size: small;\"><span style=\"font-family: Candara Light, sans-serif;\">\u2022 In der 7. Klasse: Sprachaufenthalt in Frankreich<\/span><\/span><\/span><\/span><\/span><\/span><\/p>\n<p align=\"left\"><span style=\"color: #000000;\"><span style=\"font-family: MinionPro-Regular, serif;\"><span style=\"font-size: medium;\"><span style=\"font-family: Candara Light, serif;\"><span style=\"font-size: small;\"><span style=\"font-family: Candara, serif;\"><b>Feste und Aktivit\u00e4ten<\/b><\/span><\/span><\/span><br><span style=\"font-family: Candara Light, serif;\"><span style=\"font-size: small;\"><span style=\"font-family: Candara Light, sans-serif;\">\u2022 Christmas Show, Spring Festival, Drama Evenings<\/span><\/span><\/span><\/span><\/span><\/span><\/p>\n\n\n<figure class=\"wp-block-video\"><video height=\"480\" style=\"aspect-ratio: 848 \/ 480;\" width=\"848\" controls src=\"http:\/\/www.europagymnasium.at\/wp-content\/uploads\/2022\/10\/Europaklassen-Werbefilm.mp4\"><\/video><\/figure>\n","protected":false},"excerpt":{"rendered":"<p class=\"post-excerpt\">Das Europagymnasium bietet seit mehr als 20 Jahren sein Erfolgskonzept \u00bbEuropaklasse\u00ab mit dem Schwerpunkt EAA (Englisch als Arbeitssprache) an. Das&hellip;<\/p>\n<div class=\"link-more\"><a href=\"https:\/\/www.europagymnasium.at\/de\/eu-klassen\/\">Continue reading<span class=\"screen-reader-text\"> \"Gymnasium | Europaklasse\"<\/span>&hellip;<\/a><\/div>","protected":false},"author":1,"featured_media":7977,"parent":0,"menu_order":0,"comment_status":"open","ping_status":"open","template":"","meta":{"ngg_post_thumbnail":0,"footnotes":""},"class_list":["post-49","page","type-page","status-publish","has-post-thumbnail","hentry"],"_links":{"self":[{"href":"https:\/\/www.europagymnasium.at\/de\/wp-json\/wp\/v2\/pages\/49","targetHints":{"allow":["GET"]}}],"collection":[{"href":"https:\/\/www.europagymnasium.at\/de\/wp-json\/wp\/v2\/pages"}],"about":[{"href":"https:\/\/www.europagymnasium.at\/de\/wp-json\/wp\/v2\/types\/page"}],"author":[{"embeddable":true,"href":"https:\/\/www.europagymnasium.at\/de\/wp-json\/wp\/v2\/users\/1"}],"replies":[{"embeddable":true,"href":"https:\/\/www.europagymnasium.at\/de\/wp-json\/wp\/v2\/comments?post=49"}],"version-history":[{"count":20,"href":"https:\/\/www.europagymnasium.at\/de\/wp-json\/wp\/v2\/pages\/49\/revisions"}],"predecessor-version":[{"id":22306,"href":"https:\/\/www.europagymnasium.at\/de\/wp-json\/wp\/v2\/pages\/49\/revisions\/22306"}],"wp:featuredmedia":[{"embeddable":true,"href":"https:\/\/www.europagymnasium.at\/de\/wp-json\/wp\/v2\/media\/7977"}],"wp:attachment":[{"href":"https:\/\/www.europagymnasium.at\/de\/wp-json\/wp\/v2\/media?parent=49"}],"curies":[{"name":"wp","href":"https:\/\/api.w.org\/{rel}","templated":true}]}}