{"id":4653,"date":"2014-04-02T14:03:15","date_gmt":"2014-04-02T13:03:15","guid":{"rendered":"http:\/\/www.europagymnasium.at\/\/?page_id=4653"},"modified":"2025-10-05T20:29:55","modified_gmt":"2025-10-05T18:29:55","slug":"bibliothek","status":"publish","type":"page","link":"https:\/\/www.europagymnasium.at\/de\/bibliothek\/","title":{"rendered":"Deine Schulbibliothek"},"content":{"rendered":"\n<p>\u00d6ffnungszeiten:<\/p>\n\n\n\n<table style=\"border-collapse: collapse;width: 100%\">\n<tbody>\n<tr>\n<td style=\"width: 18.9286%\">T\u00e4glich<\/td>\n<td style=\"width: 81.0714%\">07:30 Uhr bis 07:50 Uhr (vor 1.Stunde)<\/td>\n<\/tr>\n<tr>\n<td style=\"width: 18.9286%\">Mo<\/td>\n<td style=\"width: 81.0714%\">07:50 Uhr bis 08:40 Uhr (1.Stunde) &amp; 09:40 Uhr bis 10:30 Uhr (3.Stunde)<\/td>\n<\/tr>\n<tr>\n<td style=\"width: 18.9286%\">Di<\/td>\n<td style=\"width: 81.0714%\">09:40 Uhr bis 10:30 Uhr (3. Stunde) &amp; 11:30 Uhr bis 12:20 Uhr (5.Stunde)<\/td>\n<\/tr>\n<tr>\n<td style=\"width: 18.9286%\">Mi<\/td>\n<td style=\"width: 81.0714%\">09:40 Uhr bis 12:20 Uhr (3.-5. Stunde)<\/td>\n<\/tr>\n<tr>\n<td style=\"width: 18.9286%\">Do<\/td>\n<td style=\"width: 81.0714%\">09:40 Uhr bis 10:30 Uhr (3. Stunde) &amp; 11:30 Uhr bis 12:20 Uhr (5.Stunde)<\/td>\n<\/tr>\n<tr>\n<td style=\"width: 18.9286%\">Fr<\/td>\n<td style=\"width: 81.0714%\">11:30 Uhr bis 12:20 Uhr (5. Stunde)<\/td>\n<\/tr>\n<\/tbody>\n<\/table>\n<p>\u00a0<\/p>\n\n\n\n<h2 class=\"wp-block-heading\">WIR&nbsp;SCHLAGEN&nbsp;NEUE&nbsp;SEITEN&nbsp;AUF!<\/h2>\n\n\n<div class=\"wp-block-image\">\n<figure class=\"aligncenter size-large\"><img loading=\"lazy\" decoding=\"async\" width=\"1200\" height=\"675\" src=\"https:\/\/www.europagymnasium.at\/wp-content\/uploads\/2024\/11\/PA080655_Grain-1-1200x675.jpg\" alt=\"\" class=\"wp-image-25253\" srcset=\"https:\/\/www.europagymnasium.at\/wp-content\/uploads\/2024\/11\/PA080655_Grain-1-1200x675.jpg 1200w, https:\/\/www.europagymnasium.at\/wp-content\/uploads\/2024\/11\/PA080655_Grain-1-744x419.jpg 744w, https:\/\/www.europagymnasium.at\/wp-content\/uploads\/2024\/11\/PA080655_Grain-1-420x236.jpg 420w, https:\/\/www.europagymnasium.at\/wp-content\/uploads\/2024\/11\/PA080655_Grain-1-768x432.jpg 768w, https:\/\/www.europagymnasium.at\/wp-content\/uploads\/2024\/11\/PA080655_Grain-1-450x253.jpg 450w, https:\/\/www.europagymnasium.at\/wp-content\/uploads\/2024\/11\/PA080655_Grain-1-1536x864.jpg 1536w, https:\/\/www.europagymnasium.at\/wp-content\/uploads\/2024\/11\/PA080655_Grain-1.jpg 1655w\" sizes=\"auto, (max-width: 1200px) 100vw, 1200px\" \/><figcaption class=\"wp-element-caption\">Dein BiB Team 2024\/2025<\/figcaption><\/figure>\n<\/div>\n\n\n<p><\/p>\n\n\n\n<figure class=\"wp-block-table\"><table><tbody><tr><td><strong>Willkommen&nbsp;in&nbsp;deiner Schulbibliothek!<\/strong> <br><br>Hier bei uns findest du alles, was das Herz eines B\u00fccherfreundes h\u00f6herschlagen l\u00e4sst \u2013 von spannenden Abenteuergeschichten und packenden Krimis \u00fcber fantastische Welten bis hin zu hilfreichen Sachb\u00fcchern f\u00fcr dein n\u00e4chstes Referat. Unsere Bibliothek ist ein Ort zum St\u00f6bern, Entdecken und Lernen, aber auch zum Zur\u00fcckziehen und Entspannen.<br>Neben einem vielf\u00e4ltigen Buchangebot bieten wir auch gem\u00fctliche Leseecken, Computerarbeitspl\u00e4tze und eine Auswahl an Magazinen, Mangas und Comics. Wir haben verschiedene Gesellschafts- und Kartenspiele f\u00fcr dich und nat\u00fcrlich ein Schachbrett, das auf dich wartet! <br><br>Egal ob du allein in ein neues Abenteuer eintauchen oder mit Freunden gemeinsam lernen m\u00f6chtest \u2013 bei uns bist du richtig! <br>Komm doch einfach vorbei und lass dich inspirieren. Wir freuen uns auf deinen Besuch und sind immer da, um dir bei der Suche nach dem perfekten Buch zu helfen!<br><br>Dein BiB Team!<br>Mag.<sup>a<\/sup> Bianca Steiner &amp; Mag.<sup>a<\/sup> Anja Waldhauser<br>Aran, Emilia, Florentina, Kimberly, Marie und Valentina<br><br><br>Dein Lieblingsbuch fehlt? Teile uns deine W\u00fcnsche per\u00f6nlich mit oder kontaktier uns unter:&nbsp;&nbsp;<strong>europagymnasium@bibliotheken.at<\/strong><\/td><\/tr><\/tbody><\/table><\/figure>\n\n\n\n<h4 class=\"wp-block-heading has-large-font-size\">BUCHTIPP DES MONATS:<\/h4>\n\n\n\n<p><\/p>\n\n\n\n<div class=\"wp-block-columns is-layout-flex wp-container-core-columns-is-layout-9d6595d7 wp-block-columns-is-layout-flex\">\n<div class=\"wp-block-column is-layout-flow wp-block-column-is-layout-flow\">\n<figure class=\"wp-block-image size-large is-resized\"><img loading=\"lazy\" decoding=\"async\" width=\"1200\" height=\"1874\" src=\"https:\/\/www.europagymnasium.at\/wp-content\/uploads\/2024\/11\/scary-harry-band-1-von-allen-guten-geistern-verlassen-taschenbuch-sonja-kaiblinger-1200x1874.webp\" alt=\"\" class=\"wp-image-25255\" style=\"width:327px;height:auto\" srcset=\"https:\/\/www.europagymnasium.at\/wp-content\/uploads\/2024\/11\/scary-harry-band-1-von-allen-guten-geistern-verlassen-taschenbuch-sonja-kaiblinger-1200x1874.webp 1200w, https:\/\/www.europagymnasium.at\/wp-content\/uploads\/2024\/11\/scary-harry-band-1-von-allen-guten-geistern-verlassen-taschenbuch-sonja-kaiblinger-744x1162.webp 744w, https:\/\/www.europagymnasium.at\/wp-content\/uploads\/2024\/11\/scary-harry-band-1-von-allen-guten-geistern-verlassen-taschenbuch-sonja-kaiblinger-420x656.webp 420w, https:\/\/www.europagymnasium.at\/wp-content\/uploads\/2024\/11\/scary-harry-band-1-von-allen-guten-geistern-verlassen-taschenbuch-sonja-kaiblinger-768x1199.webp 768w, https:\/\/www.europagymnasium.at\/wp-content\/uploads\/2024\/11\/scary-harry-band-1-von-allen-guten-geistern-verlassen-taschenbuch-sonja-kaiblinger-192x300.webp 192w, https:\/\/www.europagymnasium.at\/wp-content\/uploads\/2024\/11\/scary-harry-band-1-von-allen-guten-geistern-verlassen-taschenbuch-sonja-kaiblinger-984x1536.webp 984w, https:\/\/www.europagymnasium.at\/wp-content\/uploads\/2024\/11\/scary-harry-band-1-von-allen-guten-geistern-verlassen-taschenbuch-sonja-kaiblinger.webp 1281w\" sizes=\"auto, (max-width: 1200px) 100vw, 1200px\" \/><\/figure>\n<\/div>\n\n\n\n<div class=\"wp-block-column is-layout-flow wp-block-column-is-layout-flow\">\n<p>\u00a0<\/p>\n<p>Leute, ich sage euch: Sensenmann ist ein echter Knochenjob! Man arbeitet allein, am laufenden Band piepst das Handy, Seelen m\u00fcssen eingesammelt und ins Jenseits gebracht werden. Sterbenslangweilig, das k\u00f6nnt ihr mir glauben! Au\u00dferdem gibt es kaum Urlaub und die Bezahlung ist einfach nur unterirdisch! Gut, dass ich Otto und Emily getroffen habe. Sie sind zwar nur Menschen, aber gar nicht mal so \u00fcbel. Gemeinsam k\u00e4mpfen wir gegen das B\u00f6se . . . oder so \u00e4hnlich. Jedenfalls m\u00fcssen wir unbedingt rausfinden, welcher Fiesling Ottos Hausgeister geklaut hat!<\/p>\n<p>Euer Harold <br \/>(Sensenmann im 520. Dienstjahr)<\/p>\n<\/div>\n<\/div>\n\n\n\n<p class=\"has-medium-font-size\"><\/p>\n\n\n\n\n\n<figure class=\"wp-block-gallery aligncenter has-nested-images columns-default is-cropped wp-block-gallery-1 is-layout-flex wp-block-gallery-is-layout-flex\">\n<figure class=\"wp-block-image size-large\"><img loading=\"lazy\" decoding=\"async\" width=\"1200\" height=\"900\" data-id=\"25257\" src=\"https:\/\/www.europagymnasium.at\/wp-content\/uploads\/2024\/11\/PA080677_Grain-1200x900.jpg\" alt=\"\" class=\"wp-image-25257\" srcset=\"https:\/\/www.europagymnasium.at\/wp-content\/uploads\/2024\/11\/PA080677_Grain-1200x900.jpg 1200w, https:\/\/www.europagymnasium.at\/wp-content\/uploads\/2024\/11\/PA080677_Grain-744x558.jpg 744w, https:\/\/www.europagymnasium.at\/wp-content\/uploads\/2024\/11\/PA080677_Grain-420x315.jpg 420w, https:\/\/www.europagymnasium.at\/wp-content\/uploads\/2024\/11\/PA080677_Grain-768x576.jpg 768w, https:\/\/www.europagymnasium.at\/wp-content\/uploads\/2024\/11\/PA080677_Grain-400x300.jpg 400w, https:\/\/www.europagymnasium.at\/wp-content\/uploads\/2024\/11\/PA080677_Grain.jpg 1464w\" sizes=\"auto, (max-width: 1200px) 100vw, 1200px\" \/><\/figure>\n<\/figure>\n\n\n\n<p><\/p>\n","protected":false},"excerpt":{"rendered":"<p class=\"post-excerpt\">\u00d6ffnungszeiten: T\u00e4glich 07:30 Uhr bis 07:50 Uhr (vor 1.Stunde) Mo 07:50 Uhr bis 08:40 Uhr (1.Stunde) &amp; 09:40 Uhr bis&hellip;<\/p>\n<div class=\"link-more\"><a href=\"https:\/\/www.europagymnasium.at\/de\/bibliothek\/\">Continue reading<span class=\"screen-reader-text\"> \"Deine Schulbibliothek\"<\/span>&hellip;<\/a><\/div>","protected":false},"author":1,"featured_media":0,"parent":0,"menu_order":0,"comment_status":"open","ping_status":"open","template":"","meta":{"ngg_post_thumbnail":0,"footnotes":""},"class_list":["post-4653","page","type-page","status-publish","hentry"],"_links":{"self":[{"href":"https:\/\/www.europagymnasium.at\/de\/wp-json\/wp\/v2\/pages\/4653","targetHints":{"allow":["GET"]}}],"collection":[{"href":"https:\/\/www.europagymnasium.at\/de\/wp-json\/wp\/v2\/pages"}],"about":[{"href":"https:\/\/www.europagymnasium.at\/de\/wp-json\/wp\/v2\/types\/page"}],"author":[{"embeddable":true,"href":"https:\/\/www.europagymnasium.at\/de\/wp-json\/wp\/v2\/users\/1"}],"replies":[{"embeddable":true,"href":"https:\/\/www.europagymnasium.at\/de\/wp-json\/wp\/v2\/comments?post=4653"}],"version-history":[{"count":64,"href":"https:\/\/www.europagymnasium.at\/de\/wp-json\/wp\/v2\/pages\/4653\/revisions"}],"predecessor-version":[{"id":26544,"href":"https:\/\/www.europagymnasium.at\/de\/wp-json\/wp\/v2\/pages\/4653\/revisions\/26544"}],"wp:attachment":[{"href":"https:\/\/www.europagymnasium.at\/de\/wp-json\/wp\/v2\/media?parent=4653"}],"curies":[{"name":"wp","href":"https:\/\/api.w.org\/{rel}","templated":true}]}}