{"id":23805,"date":"2023-09-28T13:49:05","date_gmt":"2023-09-28T11:49:05","guid":{"rendered":"https:\/\/www.europagymnasium.at\/?page_id=23805"},"modified":"2025-12-22T08:37:24","modified_gmt":"2025-12-22T07:37:24","slug":"formulare","status":"publish","type":"page","link":"https:\/\/www.europagymnasium.at\/de\/formulare\/","title":{"rendered":"Formulare"},"content":{"rendered":"\n<p><strong>Willkommen im Download-Bereich!<\/strong><\/p>\n\n\n\n<p>Hier finden Sie die erforderlichen und verbindlichen Unterlagen f\u00fcr die Bewerbung um eine Erasmus+ Langzeit- oder Kurzzeitmobilit\u00e4t. Wir bitten Sie, die Formulare m\u00f6glichst digital auszuf\u00fcllen und uns anschlie\u00dfend elektronisch zu \u00fcbermitteln, um eine z\u00fcgige und reibungslose Bearbeitung zu gew\u00e4hrleisten.<\/p>\n\n\n\n<p>Bei Fragen wenden Sie sich gerne an das Erasmus + Team.<\/p>\n\n\n\n<ul class=\"wp-block-list\">\n<li>Bewerbungsformular <\/li>\n\n\n\n<li>Anhang zum Bewerbungsformular<\/li>\n\n\n\n<li>Einverst\u00e4ndniserkl\u00e4rung<\/li>\n\n\n\n<li>Informationen zur Gastfamilie<\/li>\n\n\n\n<li>Formular zum Gesundheitszustand* <\/li>\n<\/ul>\n\n\n\n<p>*Das Formular zum Gesundheitszustand ist erst nach erfolgreicher Bewerbung auszuf\u00fcllen und muss von einem Arzt bearbeitet werden.<\/p>\n\n\n\n<ul>\n<li><a href=\"https:\/\/www.europagymnasium.at\/wp-content\/uploads\/2025\/12\/3_Bewerbungsformular_fuer_Schueler.doc\">Bewerbungsformular_fu\u0308r_Schu\u0308ler<\/a><\/li>\n<li><a href=\"https:\/\/www.europagymnasium.at\/wp-content\/uploads\/2025\/12\/4_Anhang_Bewerbungsformular-Infos_zur_Vermittlung.doc\">Anhang_Bewerbungsformular-Infos_zur_Vermittlung<\/a><\/li>\n<li><a href=\"https:\/\/www.europagymnasium.at\/wp-content\/uploads\/2025\/12\/2_Einverstaendniserklaerung_der_Erziehungsberechtigten.doc\">Einversta\u0308ndniserkla\u0308rung_der_Erziehungsberechtigten<\/a><\/li>\n<li><a href=\"https:\/\/www.europagymnasium.at\/wp-content\/uploads\/2025\/12\/6_Formular_Informationen-ueber-die-Gastfamilie-1.doc\">Formular_Informationen-u\u0308ber-die-Gastfamilie<\/a><\/li>\n<li><a href=\"https:\/\/www.europagymnasium.at\/wp-content\/uploads\/2025\/12\/Gesundheitsformular_Teil_1_und_2.doc\">Gesundheitsformular_Teil_1_und_2<\/a><\/li>\n<\/ul>\n\n\n\n\n","protected":false},"excerpt":{"rendered":"<p class=\"post-excerpt\">Willkommen im Download-Bereich! Hier finden Sie die erforderlichen und verbindlichen Unterlagen f\u00fcr die Bewerbung um eine Erasmus+ Langzeit- oder Kurzzeitmobilit\u00e4t.&hellip;<\/p>\n<div class=\"link-more\"><a href=\"https:\/\/www.europagymnasium.at\/de\/formulare\/\">Continue reading<span class=\"screen-reader-text\"> \"Formulare\"<\/span>&hellip;<\/a><\/div>","protected":false},"author":1,"featured_media":0,"parent":0,"menu_order":0,"comment_status":"closed","ping_status":"closed","template":"","meta":{"footnotes":""},"class_list":["post-23805","page","type-page","status-publish","hentry"],"_links":{"self":[{"href":"https:\/\/www.europagymnasium.at\/de\/wp-json\/wp\/v2\/pages\/23805","targetHints":{"allow":["GET"]}}],"collection":[{"href":"https:\/\/www.europagymnasium.at\/de\/wp-json\/wp\/v2\/pages"}],"about":[{"href":"https:\/\/www.europagymnasium.at\/de\/wp-json\/wp\/v2\/types\/page"}],"author":[{"embeddable":true,"href":"https:\/\/www.europagymnasium.at\/de\/wp-json\/wp\/v2\/users\/1"}],"replies":[{"embeddable":true,"href":"https:\/\/www.europagymnasium.at\/de\/wp-json\/wp\/v2\/comments?post=23805"}],"version-history":[{"count":3,"href":"https:\/\/www.europagymnasium.at\/de\/wp-json\/wp\/v2\/pages\/23805\/revisions"}],"predecessor-version":[{"id":27275,"href":"https:\/\/www.europagymnasium.at\/de\/wp-json\/wp\/v2\/pages\/23805\/revisions\/27275"}],"wp:attachment":[{"href":"https:\/\/www.europagymnasium.at\/de\/wp-json\/wp\/v2\/media?parent=23805"}],"curies":[{"name":"wp","href":"https:\/\/api.w.org\/{rel}","templated":true}]}}