{"id":23147,"date":"2023-03-15T22:37:08","date_gmt":"2023-03-15T21:37:08","guid":{"rendered":"http:\/\/www.europagymnasium.at\/?page_id=23147"},"modified":"2026-01-23T21:38:21","modified_gmt":"2026-01-23T20:38:21","slug":"digitale-pruefungsumgebung","status":"publish","type":"page","link":"https:\/\/www.europagymnasium.at\/de\/digitale-pruefungsumgebung\/","title":{"rendered":"Digitale Pr\u00fcfungsumgebung"},"content":{"rendered":"\n<p><strong>Next-Exam <\/strong>ist eine einfach gehaltene L\u00f6sung f\u00fcr digitale Tests und Schularbeiten.<\/p>\n\n\n<div class=\"wp-block-image\">\n<figure class=\"alignleft size-full is-resized\"><img loading=\"lazy\" decoding=\"async\" width=\"600\" height=\"197\" src=\"https:\/\/www.europagymnasium.at\/wp-content\/uploads\/2025\/12\/splash.bmp\" alt=\"\" class=\"wp-image-27129\" style=\"width:233px;height:auto\" srcset=\"https:\/\/www.europagymnasium.at\/wp-content\/uploads\/2025\/12\/splash.bmp 600w, https:\/\/www.europagymnasium.at\/wp-content\/uploads\/2025\/12\/splash-420x138.jpg 420w, https:\/\/www.europagymnasium.at\/wp-content\/uploads\/2025\/12\/splash-450x148.jpg 450w\" sizes=\"auto, (max-width: 600px) 100vw, 600px\" \/><\/figure>\n<\/div>\n\n\n<p>Mit Hilfe von Next-Exam k\u00f6nnen Schulen schnell und problemlos eine sichere digitale Pr\u00fcfungsumgebung zur Verf\u00fcgung stellen, die Datenschutz, Sicherheit vor Schummeln und vor allem Sicherheit vor Datenverlust w\u00e4hrend der Pr\u00fcfung garantiert. <br><br>Die Software wird von Mag. Thomas Michael Weissel unter einer freien Lizenz (<a href=\"https:\/\/www.gnu.org\/licenses\/gpl-3.0.en.html\" data-type=\"URL\" data-id=\"https:\/\/www.gnu.org\/licenses\/gpl-3.0.en.html\" target=\"_blank\" rel=\"noreferrer noopener\">GPL.v3<\/a>) entwickelt und steht allen Lehrpersonen kostenfrei zur Verf\u00fcgung.<\/p>\n\n\n\n<p>Mehr Infos (Handbuch) &gt; <a href=\"https:\/\/bildungsportal.github.io\/next-exam\/\">https:\/\/bildungsportal.github.io\/next-exam\/<\/a><\/p>\n\n\n\n<style>\n  \/* Container for the grid layout *\/\n  .ne-download-container {\n    display: grid;\n    grid-template-columns: repeat(auto-fit, minmax(300px, 1fr));\n    gap: 2rem;\n    font-family: -apple-system, BlinkMacSystemFont, \"Segoe UI\", Roboto, Helvetica, Arial, sans-serif;\n    max-width: 900px;\n    margin: 0 auto;\n  }\n\n  \/* Card styling *\/\n  .ne-card {\n    background: #f9f9f9;\n    border: 1px solid #e0e0e0;\n    border-radius: 12px;\n    padding: 2rem;\n    text-align: center;\n    box-shadow: 0 4px 6px rgba(0,0,0,0.05);\n  }\n\n  .ne-card h3 {\n    margin-top: 0;\n    color: #333;\n    margin-bottom: 1.5rem;\n    font-size: 1.5rem;\n  }\n\n  \/* Base button styling *\/\n  .ne-btn, .ne-dropbtn {\n    background-color: #107c60 !important;\n    color: white !important;\n    padding: 12px 20px;\n    font-size: 16px;\n    border: none;\n    cursor: pointer;\n    border-radius: 50px;\n    text-decoration: none !important;\n    display: flex;\n    align-items: center;\n    justify-content: center;\n    width: 100%;\n    box-sizing: border-box;\n    transition: background-color 0.2s, transform 0.1s;\n    font-weight: 600;\n    margin-bottom: 1rem;\n    position: relative;\n  }\n\n  .ne-btn:hover, .ne-dropbtn:hover {\n    background-color: #0d654e;\n  }\n\n  .ne-btn:active {\n    transform: scale(0.98);\n  }\n\n  \/* Dropdown container *\/\n  .ne-dropdown {\n    position: relative;\n    display: block;\n    width: 100%;\n  }\n\n  \/* Dropdown content (hidden by default) *\/\n  .ne-dropdown-content {\n    display: none;\n    position: absolute;\n    background-color: #ffffff;\n    min-width: 100%;\n    box-shadow: 0 8px 16px 0 rgba(0,0,0,0.2);\n    z-index: 100;\n    border-radius: 8px;\n    overflow: hidden;\n    top: 100%;\n    margin-top: -10px;\n    border: 1px solid #eee;\n  }\n\n  \/* Links inside the dropdown *\/\n  .ne-dropdown-content a {\n    color: #333 !important;\n    padding: 12px 16px;\n    text-decoration: none !important;\n    display: block;\n    text-align: left;\n    font-size: 14px;\n    border-bottom: 1px solid #f0f0f0;\n  }\n\n  .ne-dropdown-content a:last-child {\n    border-bottom: none;\n  }\n\n  .ne-dropdown-content a:hover {\n    background-color: #f1f1f1;\n    color: #107c60 !important;\n  }\n\n  \/* Show dropdown on hover *\/\n  .ne-dropdown:hover .ne-dropdown-content {\n    display: block;\n  }\n  \n  \/* Small arrow for dropdown indication *\/\n  .ne-arrow {\n    font-size: 0.8em;\n    margin-left: 10px;\n  }\n<\/style>\n\n<div class=\"ne-download-container\">\n  \n  <div class=\"ne-card\">\n    <h3>Student<\/h3>\n    \n    \n        <a href=\"https:\/\/life-edu.eu\/next-exam\/release\/development\/Next-Exam-Student_1.2.1.0_20260123_x64.exe\" class=\"ne-btn\">Windows (Portable)<\/a>\n    \n\n    <div class=\"ne-dropdown\">\n      <button class=\"ne-dropbtn\">\n        MacOS\n        <span class=\"ne-arrow\">\u25bc<\/span>\n      <\/button>\n      <div class=\"ne-dropdown-content\">\n        <a href=\"https:\/\/life-edu.eu\/next-exam\/release\/development\/Next-Exam-Student_1.2.1.0_20260123_arm64.dmg\">Apple Silicon (ARM64)<\/a>\n        <a href=\"https:\/\/life-edu.eu\/next-exam\/release\/development\/Next-Exam-Student_1.2.1.0_20260123_x64.dmg\">Intel (x64)<\/a>\n      <\/div>\n    <\/div>\n\n    <a href=\"https:\/\/life-edu.eu\/next-exam\/release\/development\/Next-Exam-Student_1.2.1.0_20260123_x86_64.AppImage\" class=\"ne-btn\">\n      Linux (AppImage)\n    <\/a>\n  <\/div>\n\n  <div class=\"ne-card\">\n    <h3>Teacher<\/h3>\n    \n \n       \n        <a href=\"https:\/\/life-edu.eu\/next-exam\/release\/development\/Next-Exam-Teacher_1.2.1.0_20260123_x64.exe\" class=\"ne-btn\">Windows (Portable)<\/a>\n    \n\n    <div class=\"ne-dropdown\">\n      <button class=\"ne-dropbtn\">\n        MacOS\n        <span class=\"ne-arrow\">\u25bc<\/span>\n      <\/button>\n      <div class=\"ne-dropdown-content\">\n        <a href=\"https:\/\/life-edu.eu\/next-exam\/release\/development\/Next-Exam-Teacher_1.2.1.0_20260123_arm64.dmg\">Apple Silicon (ARM64)<\/a>\n        <a href=\"https:\/\/life-edu.eu\/next-exam\/release\/development\/Next-Exam-Teacher_1.2.1.0_20260123_x64.dmg\">Intel (x64)<\/a>\n      <\/div>\n    <\/div>\n\n    <a href=\"https:\/\/life-edu.eu\/next-exam\/release\/development\/Next-Exam-Teacher_1.2.1.0_20260123_x86_64.AppImage\" class=\"ne-btn\">\n      Linux (AppImage)\n    <\/a>\n  <\/div>\n\n<\/div>\n\n\n\n<hr class=\"wp-block-separator has-alpha-channel-opacity\"\/>\n\n\n\n\n\n<p>Die aktuelle Entwicklungs-Version 1.2.x.x mit dem neuen PDF-Pr\u00fcfungsmodus &#8222;Active Sheets&#8220; steht den Sch\u00fcler:innen und Lehrpersonen des Europagymnasiums zur Verf\u00fcgung. Bitte beachten sie, dass &#8222;Teacher&#8220; und &#8222;Student&#8220; immer die selbe Versionsnummer haben m\u00fcssen.<\/p>\n\n\n\n<figure class=\"wp-block-image size-large is-resized\"><img loading=\"lazy\" decoding=\"async\" width=\"1200\" height=\"784\" src=\"https:\/\/www.europagymnasium.at\/wp-content\/uploads\/2025\/12\/hb_teacher_dashboard-1200x784.png\" alt=\"\" class=\"wp-image-27131\" style=\"width:819px;height:auto\" srcset=\"https:\/\/www.europagymnasium.at\/wp-content\/uploads\/2025\/12\/hb_teacher_dashboard-1200x784.png 1200w, https:\/\/www.europagymnasium.at\/wp-content\/uploads\/2025\/12\/hb_teacher_dashboard-744x486.png 744w, https:\/\/www.europagymnasium.at\/wp-content\/uploads\/2025\/12\/hb_teacher_dashboard-420x274.png 420w, https:\/\/www.europagymnasium.at\/wp-content\/uploads\/2025\/12\/hb_teacher_dashboard-768x502.png 768w, https:\/\/www.europagymnasium.at\/wp-content\/uploads\/2025\/12\/hb_teacher_dashboard-450x294.png 450w, https:\/\/www.europagymnasium.at\/wp-content\/uploads\/2025\/12\/hb_teacher_dashboard.png 1226w\" sizes=\"auto, (max-width: 1200px) 100vw, 1200px\" \/><\/figure>\n\n\n\n\n\n<h2 class=\"wp-block-heading\">Quickstart Guide<\/h2>\n\n\n\n<figure class=\"wp-block-image size-large\"><img loading=\"lazy\" decoding=\"async\" width=\"1200\" height=\"1698\" src=\"https:\/\/www.europagymnasium.at\/wp-content\/uploads\/2025\/12\/quickstart-1-1200x1698.png\" alt=\"\" class=\"wp-image-27137\" srcset=\"https:\/\/www.europagymnasium.at\/wp-content\/uploads\/2025\/12\/quickstart-1-1200x1698.png 1200w, https:\/\/www.europagymnasium.at\/wp-content\/uploads\/2025\/12\/quickstart-1-744x1053.png 744w, https:\/\/www.europagymnasium.at\/wp-content\/uploads\/2025\/12\/quickstart-1-420x594.png 420w, https:\/\/www.europagymnasium.at\/wp-content\/uploads\/2025\/12\/quickstart-1-768x1087.png 768w, https:\/\/www.europagymnasium.at\/wp-content\/uploads\/2025\/12\/quickstart-1-212x300.png 212w, https:\/\/www.europagymnasium.at\/wp-content\/uploads\/2025\/12\/quickstart-1-1085x1536.png 1085w, https:\/\/www.europagymnasium.at\/wp-content\/uploads\/2025\/12\/quickstart-1-1447x2048.png 1447w, https:\/\/www.europagymnasium.at\/wp-content\/uploads\/2025\/12\/quickstart-1-scaled.png 1809w\" sizes=\"auto, (max-width: 1200px) 100vw, 1200px\" \/><\/figure>\n\n\n","protected":false},"excerpt":{"rendered":"<p class=\"post-excerpt\">Next-Exam ist eine einfach gehaltene L\u00f6sung f\u00fcr digitale Tests und Schularbeiten. Mit Hilfe von Next-Exam k\u00f6nnen Schulen schnell und problemlos&hellip;<\/p>\n<div class=\"link-more\"><a href=\"https:\/\/www.europagymnasium.at\/de\/digitale-pruefungsumgebung\/\">Continue reading<span class=\"screen-reader-text\"> \"Digitale Pr\u00fcfungsumgebung\"<\/span>&hellip;<\/a><\/div>","protected":false},"author":1,"featured_media":23152,"parent":0,"menu_order":0,"comment_status":"closed","ping_status":"closed","template":"","meta":{"ngg_post_thumbnail":0,"footnotes":""},"class_list":["post-23147","page","type-page","status-publish","has-post-thumbnail","hentry"],"_links":{"self":[{"href":"https:\/\/www.europagymnasium.at\/de\/wp-json\/wp\/v2\/pages\/23147","targetHints":{"allow":["GET"]}}],"collection":[{"href":"https:\/\/www.europagymnasium.at\/de\/wp-json\/wp\/v2\/pages"}],"about":[{"href":"https:\/\/www.europagymnasium.at\/de\/wp-json\/wp\/v2\/types\/page"}],"author":[{"embeddable":true,"href":"https:\/\/www.europagymnasium.at\/de\/wp-json\/wp\/v2\/users\/1"}],"replies":[{"embeddable":true,"href":"https:\/\/www.europagymnasium.at\/de\/wp-json\/wp\/v2\/comments?post=23147"}],"version-history":[{"count":18,"href":"https:\/\/www.europagymnasium.at\/de\/wp-json\/wp\/v2\/pages\/23147\/revisions"}],"predecessor-version":[{"id":27486,"href":"https:\/\/www.europagymnasium.at\/de\/wp-json\/wp\/v2\/pages\/23147\/revisions\/27486"}],"wp:featuredmedia":[{"embeddable":true,"href":"https:\/\/www.europagymnasium.at\/de\/wp-json\/wp\/v2\/media\/23152"}],"wp:attachment":[{"href":"https:\/\/www.europagymnasium.at\/de\/wp-json\/wp\/v2\/media?parent=23147"}],"curies":[{"name":"wp","href":"https:\/\/api.w.org\/{rel}","templated":true}]}}