{"id":22094,"date":"2022-07-06T21:41:44","date_gmt":"2022-07-06T19:41:44","guid":{"rendered":"http:\/\/www.europagymnasium.at\/?page_id=22094"},"modified":"2025-12-22T09:03:14","modified_gmt":"2025-12-22T08:03:14","slug":"gaeste","status":"publish","type":"page","link":"https:\/\/www.europagymnasium.at\/de\/gaeste\/","title":{"rendered":"G\u00e4ste"},"content":{"rendered":"\n<p align=\"center\">Drei Wochen im Europagymnasium Klagenfurt<\/p>\n<p align=\"center\"><i>Langzeitmobilit\u00e4t<\/i><\/p>\n<p align=\"justify\">\u201e<span style=\"font-family: AppleSystemUIFont, serif;\"><span style=\"font-size: medium;\"><span lang=\"de-DE\">Ich bin am Europagymnasium seit drei Wochen. Jetzt verstehe ich w\u00e4hrend des Unterrichts mehr, als in der ersten und zweiten Woche und ich arbeite auch ein bisschen mit. Jeden Tag komme ich in die Schule um 7.45, weil um 7.50 der Unterricht beginnt. Gew\u00f6hnlich habe ich sechs Stunden. Ich mag am liebsten Geschichte und Mathe, weil ich den Lehrer und die Lehrerin sehr gut finde. Ich finde den Unterricht hier sehr interessant und anders als in Slowenien, weil viele Sch\u00fcler Tablets benutzen. Ich mag, dass in der Klasse nicht so viele Sch\u00fcler sind, weil in meiner Klasse in Slowenien mehr Sch\u00fcler sind. Nach dem Unterricht gehe ich oft in die Stadt, wo ich mir die Sehensw\u00fcrdigkeiten anschaue oder einen Kaffee in einem sch\u00f6nen und gem\u00fctlichen Caf\u00e9 trinke. Am Nachmittag mache ich ein bisschen f\u00fcr die Schule oder ich gehe spazieren. Am Abend verbringe ich Zeit mit meinen Mitbewohnerinnen, weil ich im Heim wohne. Ich mag das Leben hier.\u201c<\/span><\/span><\/span><\/p>\n<p style=\"text-align: right;\" align=\"justify\"><span style=\"font-family: AppleSystemUIFont, serif;\"><span style=\"font-size: medium;\"><span lang=\"de-DE\"> (Manca Oblak, 7a, <\/span><\/span><\/span>Gimnazija \u017delimlje)<\/p>\n\n\n\n<figure class=\"wp-block-image size-full is-resized\"><img loading=\"lazy\" decoding=\"async\" width=\"571\" height=\"761\" src=\"https:\/\/www.europagymnasium.at\/wp-content\/uploads\/2025\/12\/image-4.png\" alt=\"\" class=\"wp-image-27251\" style=\"aspect-ratio:0.7503543053467898;width:374px;height:auto\" srcset=\"https:\/\/www.europagymnasium.at\/wp-content\/uploads\/2025\/12\/image-4.png 571w, https:\/\/www.europagymnasium.at\/wp-content\/uploads\/2025\/12\/image-4-420x560.png 420w, https:\/\/www.europagymnasium.at\/wp-content\/uploads\/2025\/12\/image-4-225x300.png 225w\" sizes=\"auto, (max-width: 571px) 100vw, 571px\" \/><\/figure>\n\n\n\n<figure class=\"wp-block-image size-full is-resized\"><img loading=\"lazy\" decoding=\"async\" width=\"602\" height=\"803\" src=\"https:\/\/www.europagymnasium.at\/wp-content\/uploads\/2025\/12\/image-5.png\" alt=\"\" class=\"wp-image-27253\" style=\"width:444px;height:auto\" srcset=\"https:\/\/www.europagymnasium.at\/wp-content\/uploads\/2025\/12\/image-5.png 602w, https:\/\/www.europagymnasium.at\/wp-content\/uploads\/2025\/12\/image-5-420x560.png 420w, https:\/\/www.europagymnasium.at\/wp-content\/uploads\/2025\/12\/image-5-225x300.png 225w\" sizes=\"auto, (max-width: 602px) 100vw, 602px\" \/><\/figure>\n","protected":false},"excerpt":{"rendered":"<p class=\"post-excerpt\">Drei Wochen im Europagymnasium Klagenfurt Langzeitmobilit\u00e4t \u201eIch bin am Europagymnasium seit drei Wochen. Jetzt verstehe ich w\u00e4hrend des Unterrichts mehr,&hellip;<\/p>\n<div class=\"link-more\"><a href=\"https:\/\/www.europagymnasium.at\/de\/gaeste\/\">Continue reading<span class=\"screen-reader-text\"> \"G\u00e4ste\"<\/span>&hellip;<\/a><\/div>","protected":false},"author":1,"featured_media":0,"parent":0,"menu_order":0,"comment_status":"closed","ping_status":"closed","template":"","meta":{"footnotes":""},"class_list":["post-22094","page","type-page","status-publish","hentry"],"_links":{"self":[{"href":"https:\/\/www.europagymnasium.at\/de\/wp-json\/wp\/v2\/pages\/22094","targetHints":{"allow":["GET"]}}],"collection":[{"href":"https:\/\/www.europagymnasium.at\/de\/wp-json\/wp\/v2\/pages"}],"about":[{"href":"https:\/\/www.europagymnasium.at\/de\/wp-json\/wp\/v2\/types\/page"}],"author":[{"embeddable":true,"href":"https:\/\/www.europagymnasium.at\/de\/wp-json\/wp\/v2\/users\/1"}],"replies":[{"embeddable":true,"href":"https:\/\/www.europagymnasium.at\/de\/wp-json\/wp\/v2\/comments?post=22094"}],"version-history":[{"count":6,"href":"https:\/\/www.europagymnasium.at\/de\/wp-json\/wp\/v2\/pages\/22094\/revisions"}],"predecessor-version":[{"id":27289,"href":"https:\/\/www.europagymnasium.at\/de\/wp-json\/wp\/v2\/pages\/22094\/revisions\/27289"}],"wp:attachment":[{"href":"https:\/\/www.europagymnasium.at\/de\/wp-json\/wp\/v2\/media?parent=22094"}],"curies":[{"name":"wp","href":"https:\/\/api.w.org\/{rel}","templated":true}]}}