{"id":22076,"date":"2022-07-06T21:19:45","date_gmt":"2022-07-06T19:19:45","guid":{"rendered":"http:\/\/www.europagymnasium.at\/?page_id=22076"},"modified":"2025-12-22T08:12:57","modified_gmt":"2025-12-22T07:12:57","slug":"partnerschulen","status":"publish","type":"page","link":"https:\/\/www.europagymnasium.at\/de\/partnerschulen\/","title":{"rendered":"Partnerschulen"},"content":{"rendered":"\n<h3 align=\"justify\">Finnland:<\/h3>\n<ul>\n<li>Helsinki Upper Secondary School of Languages (Helsinki)<\/li>\n<\/ul>\n<h3 align=\"justify\">Frankreich:<\/h3>\n<ul>\n<li>Lyc\u00e9e d&#8217;Arsonval (Paris)<\/li>\n<li>Lyc\u00e9e Benjamin Franklin (Auray)<\/li>\n<li>Lyc\u00e9e Blaise Pascal (Segr\u00e9-en-Anjou-Bleu)<\/li>\n<\/ul>\n<h3 align=\"justify\">Italien:<\/h3>\n<ul>\n<li>Liceo Irene da Spilimbergo (San Pietro al Natisone)<\/li>\n<li>Liceo Scientifico di Stato &#8222;A. Calini&#8220; (Brescia)<\/li>\n<\/ul>\n<h3 align=\"justify\">Schweden:<\/h3>\n<ul>\n<li>Midsommarkransensgymnasium (Stockholm)<\/li>\n<\/ul>\n<h3 align=\"justify\">Slowenien:<\/h3>\n<ul>\n<li>Gimnazija \u017delimlje (\u017delimlje)<\/li>\n<\/ul>\n<h3 align=\"justify\">Spanien:<\/h3>\n<ul>\n<li>IES Fidiana (C\u00f3rdoba)<\/li>\n<\/ul>\n\n\n","protected":false},"excerpt":{"rendered":"<p class=\"post-excerpt\">Finnland: Helsinki Upper Secondary School of Languages (Helsinki) Frankreich: Lyc\u00e9e d&#8217;Arsonval (Paris) Lyc\u00e9e Benjamin Franklin (Auray) Lyc\u00e9e Blaise Pascal (Segr\u00e9-en-Anjou-Bleu)&hellip;<\/p>\n<div class=\"link-more\"><a href=\"https:\/\/www.europagymnasium.at\/de\/partnerschulen\/\">Continue reading<span class=\"screen-reader-text\"> \"Partnerschulen\"<\/span>&hellip;<\/a><\/div>","protected":false},"author":1,"featured_media":0,"parent":0,"menu_order":0,"comment_status":"closed","ping_status":"closed","template":"","meta":{"footnotes":""},"class_list":["post-22076","page","type-page","status-publish","hentry"],"_links":{"self":[{"href":"https:\/\/www.europagymnasium.at\/de\/wp-json\/wp\/v2\/pages\/22076","targetHints":{"allow":["GET"]}}],"collection":[{"href":"https:\/\/www.europagymnasium.at\/de\/wp-json\/wp\/v2\/pages"}],"about":[{"href":"https:\/\/www.europagymnasium.at\/de\/wp-json\/wp\/v2\/types\/page"}],"author":[{"embeddable":true,"href":"https:\/\/www.europagymnasium.at\/de\/wp-json\/wp\/v2\/users\/1"}],"replies":[{"embeddable":true,"href":"https:\/\/www.europagymnasium.at\/de\/wp-json\/wp\/v2\/comments?post=22076"}],"version-history":[{"count":4,"href":"https:\/\/www.europagymnasium.at\/de\/wp-json\/wp\/v2\/pages\/22076\/revisions"}],"predecessor-version":[{"id":27239,"href":"https:\/\/www.europagymnasium.at\/de\/wp-json\/wp\/v2\/pages\/22076\/revisions\/27239"}],"wp:attachment":[{"href":"https:\/\/www.europagymnasium.at\/de\/wp-json\/wp\/v2\/media?parent=22076"}],"curies":[{"name":"wp","href":"https:\/\/api.w.org\/{rel}","templated":true}]}}