{"id":1816,"date":"2012-10-28T18:24:02","date_gmt":"2012-10-28T17:24:02","guid":{"rendered":"http:\/\/www.europagymnasium.at\/\/?page_id=1816"},"modified":"2022-11-24T11:04:48","modified_gmt":"2022-11-24T10:04:48","slug":"berufsorientierung","status":"publish","type":"page","link":"https:\/\/www.europagymnasium.at\/de\/berufsorientierung\/","title":{"rendered":"Berufsorientierung"},"content":{"rendered":"<p><span style=\"color: #000000;\"><span style=\"font-family: Arial, sans-serif;\"><span style=\"font-size: medium;\"><span style=\"font-family: Calibri, sans-serif;\"><span style=\"font-size: large;\"><b>Standortbezogenes Umsetzungskonzept 2018\/19<\/b><\/span><\/span><\/span><\/span><\/span><\/p>\n<p>&nbsp;<\/p>\n<p><strong>Berufsorientierung hei\u00dft Lebensorientierung<\/strong> und ist somit als Prozess zu verstehen, der fr\u00fch beginnt und \u00fcber die Schulzeit hinausgeht. Gut reflektierte Entscheidungen erweitern die Handlungsspielr\u00e4ume von Jugendlichen und erh\u00f6hen die Chancen auf Erfolg. Grundkompetenzen, wie das Erkennen von bestimmten F\u00e4higkeiten, selbst\u00e4ndig Entscheidungen zu treffen und Informationen zu recherchieren bzw. zu bewerten, k\u00f6nnen anhand gut begleitetet Bildungs- und Berufsentscheidungsprozesse erworben und gefestigt werden. Die Ber\u00fccksichtigung der Pers\u00f6nlichkeitskompetenzen wie Sprache, Pr\u00e4sentation, Kommunikation oder Teamf\u00e4higkeit spielen eine besondere Rolle. Es ist Aufgabe der Schule diese Prozesse zu unterst\u00fctzen und zu begleiten.<\/p>\n<p>Im \u00f6sterreichischen Schulwesen ist der Berufsorientierungsunterricht in der 7. und 8. Schulstufe in allen Schularten (Hauptschule, AHS-Unterstufe, Sonderschulen) als <strong>\u201everbindliche \u00dcbung\u201c verpflichtend im Ausma\u00df von je 32 Unterrichtsstunden verankert. Davon sind insgesamt maximal 30 Unterrichtsstunden f\u00fcr beide Schulstufen als Realbegegnung vorgesehen.<\/strong><\/p>\n<p>Die verbindliche \u00dcbung Berufsorientierung wird am Europagymnasium integrativ gef\u00fchrt. In den einzelnen Unterrichtsgegenst\u00e4nden werden Themen zu Berufs- und Arbeitswelt behandelt. Alle Sch\u00fclerInnen m\u00fcssen eine Dokumentation in Form einer Berufsorientierungsmappe \u00fcber zwei Schuljahre f\u00fchren.<\/p>\n<p><strong>Im Jahreszeugnis<\/strong> der dritten und vierten Klasse ist die Teilnahme an der <strong>verbindlichen \u00dcbung<\/strong> Berufsorientierung vermerkt.<\/p>\n<p>&nbsp;<\/p>\n<p>&nbsp;<\/p>\n<p><strong>Umsetzung f\u00fcr die 7. Und 8. Schulstufe<\/strong><\/p>\n<ul>\n<li>Integrativer Berufsorientierungsunterricht nach Lehrplan f\u00fcr die 7. Und 8. Schulstufe<\/li>\n<li>Information der Eltern \u00fcber das standortbezogene Umsetzungskonzept in einem Elternbrief<\/li>\n<li>Projekttag zum Thema Berufsorientierung (Pers\u00f6nlichkeitsbildung) in der 7. Schulstufe<\/li>\n<li>My Future Schritt f\u00fcr Schritt zum Wunschberuf (AK K\u00e4rnten)<\/li>\n<li>Besuch des BIZ f\u00fcr die 7. Schulstufe<\/li>\n<li>Projekte mit Unterst\u00fctzung der Berufs- und Bildungsorientierung K\u00e4rnten<\/li>\n<\/ul>\n<p>(\u201eLehre on Air\u201c, \u201eDie S\u00e4ulen der Demokratie und ihre Berufe\u201c, \u201eBerufsspionage\u201c, Stra\u00dfe der F\u00e4higkeiten\u201c, \u201eSchule meets Uni\u201c)<\/p>\n<ul>\n<li>Realbegegnungen: Einblicke in die Arbeitswelt durch Experten<\/li>\n<li>Elternabend f\u00fcr die 8. Schulstufe<\/li>\n<\/ul>\n<ul>\n<li>Bildungsberatung: Thema \u201e14 Jahre was nun?\u201c-Bildungswege nach der<\/li>\n<\/ul>\n<p><strong>8. Schulstufe<\/strong><\/p>\n<ul>\n<li>Information des Klassenvorst\u00e4ndInnen: Berufspraktische Tage<\/li>\n<\/ul>\n<ul>\n<li>Bewerbungstraining f\u00fcr die Sch\u00fclerInnen der 8. Schulstufe (Richtig bewerben-ein Workshop der Arbeiterkammer K\u00e4rnten)<\/li>\n<li>Berufspraktische Tage (3 Tage in der letzen Woche vor den Semesterferien)<\/li>\n<\/ul>\n<ul>\n<li>Pr\u00e4sentation der Betriebe mit den Berufsfeldern<\/li>\n<li>Vorstellen verschiedener Ausbildungsm\u00f6glichkeiten<\/li>\n<li>Erfahrungsberichte der Sch\u00fclerInnen, Praxistagebuch<\/li>\n<\/ul>\n<ul>\n<li>Teilnahme an verschiedenen Exkursionen zum Thema Berufs- und Arbeitswelt<\/li>\n<\/ul>\n<ul>\n<li>Informations-, Beratungst\u00e4tigkeit und Vermittlung von Hilfe und Anlaufstelle bei Problemen in der Sprechstunde der Bildungsberatung (OStR. Mag.a Iris Mallweger-Grasser)<\/li>\n<\/ul>\n<p>Information, Beratung und Orientierung f\u00fcr Bildung und Beruf (IBOBB) stellen ein Gesamtkonzept in der Berufsorientierung dar. Der \u201eLehrplan zur Berufsorientierung\u201c2 ist hierbei eine wesentliche Grundlage f\u00fcr<\/p>\n<p>IBOBB1 in Bezug auf die Unterrichtsgestaltung.<\/p>\n<p>Weiters ist mit dem Rundschreiben 17\/2012 des BMBF der \u201eKatalog an verbindlichen<\/p>\n<p>Ma\u00dfnahmen im Bereich Information, Beratung, Orientierung der 7. und 8. Schulstufe\u201c3 geregelt. Dabei stehen der Erwerb und die Entwicklung von Grundkompetenzen wie Selbstreflexion, Informationsrecherche und Informationsbewertung sowie Entscheidungsf\u00e4higkeit im Vordergrund.<\/p>\n<p>1 IBOBB: <a href=\"http:\/\/www.schule.at\/portale\/berufsorientierung-ibobb\">http:\/\/www.schule.at\/portale\/berufsorientierung-ibobb<\/a><\/p>\n<p>2 Lehrplan zur Berufsorientierung:<\/p>\n<p><a href=\"http:\/\/www.bmukk.gv.at\/schulen\/unterricht\/ba\/berufsorientierung.xml\">http:\/\/www.bmukk.gv.at\/schulen\/unterricht\/ba\/berufsorientierung.xml<\/a><\/p>\n<p>3 Rundschreiben 17\/2012:<\/p>\n<p><a href=\"http:\/\/www.bmbf.gv.at\/ministerium\/rs\/2012_17.xml\">http:\/\/www.bmbf.gv.at\/ministerium\/rs\/2012_17.xml<\/a><\/p>\n<p>&nbsp;<\/p>\n<p>Mag.<sup>a<\/sup> Sara Modritsch BO-Koordination Europagymnasium<\/p>\n<p>&nbsp;<\/p>\n<p>&#8211; Jobb\u00f6rse:<a href=\"https:\/\/www.jobb\u00f6rse-stellenangebote.at\/\"> https:\/\/www.jobb\u00f6rse-stellenangebote.at\/<\/a><\/p>\n<p>&#8211; Lehrstellen: <a href=\"https:\/\/www.jobb\u00f6rse-stellenangebote.at\/ausbildung\/\">https:\/\/www.jobb\u00f6rse-stellenangebote.at\/ausbildung\/<\/a><\/p>\n<p>&#8211; Praktikum: <a href=\"https:\/\/www.jobb\u00f6rse-stellenangebote.at\/praktikum\/\">https:\/\/www.jobb\u00f6rse-stellenangebote.at\/praktikum\/<\/a><\/p>\n<p>&#8211; Berufsorientierung: <a href=\"https:\/\/www.jobb\u00f6rse-stellenangebote.at\/jobs\/berufsfeld\/\">https:\/\/www.jobb\u00f6rse-stellenangebote.at\/jobs\/berufsfeld\/<\/a><\/p>\n<p>&nbsp;<\/p>\n","protected":false},"excerpt":{"rendered":"<p class=\"post-excerpt\">Standortbezogenes Umsetzungskonzept 2018\/19 &nbsp; Berufsorientierung hei\u00dft Lebensorientierung und ist somit als Prozess zu verstehen, der fr\u00fch beginnt und \u00fcber die&hellip;<\/p>\n<div class=\"link-more\"><a href=\"https:\/\/www.europagymnasium.at\/de\/berufsorientierung\/\">Continue reading<span class=\"screen-reader-text\"> \"Berufsorientierung\"<\/span>&hellip;<\/a><\/div>","protected":false},"author":1,"featured_media":0,"parent":0,"menu_order":0,"comment_status":"open","ping_status":"open","template":"","meta":{"ngg_post_thumbnail":0,"footnotes":""},"class_list":["post-1816","page","type-page","status-publish","hentry"],"_links":{"self":[{"href":"https:\/\/www.europagymnasium.at\/de\/wp-json\/wp\/v2\/pages\/1816","targetHints":{"allow":["GET"]}}],"collection":[{"href":"https:\/\/www.europagymnasium.at\/de\/wp-json\/wp\/v2\/pages"}],"about":[{"href":"https:\/\/www.europagymnasium.at\/de\/wp-json\/wp\/v2\/types\/page"}],"author":[{"embeddable":true,"href":"https:\/\/www.europagymnasium.at\/de\/wp-json\/wp\/v2\/users\/1"}],"replies":[{"embeddable":true,"href":"https:\/\/www.europagymnasium.at\/de\/wp-json\/wp\/v2\/comments?post=1816"}],"version-history":[{"count":14,"href":"https:\/\/www.europagymnasium.at\/de\/wp-json\/wp\/v2\/pages\/1816\/revisions"}],"predecessor-version":[{"id":22628,"href":"https:\/\/www.europagymnasium.at\/de\/wp-json\/wp\/v2\/pages\/1816\/revisions\/22628"}],"wp:attachment":[{"href":"https:\/\/www.europagymnasium.at\/de\/wp-json\/wp\/v2\/media?parent=1816"}],"curies":[{"name":"wp","href":"https:\/\/api.w.org\/{rel}","templated":true}]}}