{"id":17,"date":"2011-11-25T08:31:47","date_gmt":"2011-11-25T08:31:47","guid":{"rendered":"http:\/\/carogruen.setanodus.net\/europagymnasium\/?page_id=17"},"modified":"2025-07-09T09:15:11","modified_gmt":"2025-07-09T07:15:11","slug":"hausordnung","status":"publish","type":"page","link":"https:\/\/www.europagymnasium.at\/de\/hausordnung\/","title":{"rendered":"Hausordnung"},"content":{"rendered":"<p style=\"text-align: left\">Viele unterschiedliche Menschen lernen und arbeiten zusammen in unserer Schule. Daf\u00fcr gelten folgende Regeln:<\/p>\n<p style=\"text-align: left\"><strong>1. Gef\u00e4hrdung<\/strong><br \/>\nAuf sich selbst und alle anderen Personen muss geachtet werden. Es darf <strong>niemand gef\u00e4hrdet<\/strong> werden.<br \/>\nDas Mitbringen von gef\u00e4hrlichen Gegenst\u00e4nden ist verboten.<br \/>\nAlle Handlungen, die Personen oder die Ausstattung gef\u00e4hrden, wie zum Beispiel Raufen, Sitzen auf Fensterb\u00e4nken, Herumtollen, Laufen, Fu\u00dfball spielen (au\u00dferhalb des Sportunterrichts) usw., sind untersagt.<\/p>\n<p style=\"text-align: left\"><strong>2. Verlassen der Schule<\/strong><br \/>\nDas Schulgeb\u00e4ude oder der Unterrichtsort d\u00fcrfen w\u00e4hrend der Schulzeit (dazu geh\u00f6ren auch die Pausen) <strong>nicht verlassen <\/strong>werden.<br \/>\nVerl\u00e4sst man das Schulgeb\u00e4ude aus pers\u00f6nlichen Gr\u00fcnden (zum Beispiel wegen eines Arzttermins), muss man sich vorher bei einer Klassenlehrerin\/einem Klassenlehrer oder im Sekretariat abmelden.<\/p>\n<p>In den Freistunden ist die Aula bei der Kantine der Aufenthaltsbereich.<br \/>\nUnterstufensch\u00fclerinnen und Unterstufensch\u00fcler d\u00fcrfen die Schule im Zeitraum von 7:50 Uhr bis zum Ende des Vormittagsunterrichts nicht verlassen.<br \/>\nOberstufensch\u00fclerinnen und Oberstufensch\u00fcler d\u00fcrfen die Schule in den Freistunden w\u00e4hrend des Vormittagsunterrichts nur mit Erlaubnis der Schulleitung verlassen.<\/p>\n<p style=\"text-align: left\"><strong>3. Abwesenheit vom Unterricht<br \/>\n<\/strong>Jede <strong>Abwesenheit <\/strong>vom Unterricht (zum Beispiel aufgrund von Krankheit, Arztbesuch, Versp\u00e4tung der Verkehrsmittel usw.) muss unverz\u00fcglich <strong>bekanntgegeben<\/strong> und beim Klassenvorstand <strong>gerechtfertigt <\/strong>werden. (Entschuldigungsformulare sind von der Schulhomepage downloadbar).<br \/>\nKrankmeldungen erfolgen telefonisch am Morgen des betreffenden Tages \u00fcber das Sekretariat.<br \/>\nDie Entschuldigung ist in schriftlicher Form bei Wiedererscheinen in der Schule dem Klassenvorstand abzugeben.<\/p>\n<p>Freistellungen vom Unterricht f\u00fcr private Zwecke m\u00fcssen zeitgerecht beantragt werden:<br \/>\nF\u00fcr einzelne Stunden bis zu einem Tag erfolgt ein Ansuchen um Freistellung beim Klassenvorstand, f\u00fcr zwei bis f\u00fcnf Tage bei der Schulleitung. L\u00e4ngerfristige Freistellungen m\u00fcssen bei der Bildungsdirektion f\u00fcr K\u00e4rnten angesucht werden.<\/p>\n<p style=\"text-align: left\"><strong>4. Vorzeitiger Einlass ins Schulgeb\u00e4ude<\/strong><br \/>\nDie Aufsichtspflicht der Schule beginnt um 7:35 Uhr.<br \/>\nIn begr\u00fcndeten F\u00e4llen (zum Beispiel bei fr\u00fchem Arbeitsbeginn der Eltern) d\u00fcrfen Sch\u00fclerinnen und Sch\u00fcler ihre Stammklassen bereits ab 7:00 Uhr betreten. Dies ist ein Service der Schule. In dieser Zeit<br \/>\ngibt es keine Aufsicht! Die Haftung wird von den Erziehungsberechtigten getragen.<br \/>\nDiese Regelung kann jederzeit durch die Schulleitung widerrufen werden.<\/p>\n<p style=\"text-align: left\"><strong>5. Suchtmittel<\/strong><br \/>\nDas <strong>Rauchen <\/strong>sowie das Konsumieren und Verkaufen von Snus, Nic packets oder anderer Suchtmittel ist auf dem gesamten Schulgel\u00e4nde <strong>verboten<\/strong>.<br \/>\nDas Mitbringen und\/oder Konsumieren von <strong>Alkohol <\/strong>ist auf dem gesamten Schulgel\u00e4nde und an sonstigen Unterrichtsorten w\u00e4hrend des Unterrichts sowie w\u00e4hrend Schulveranstaltungen und schulbezogenen Veranstaltungen f\u00fcr Sch\u00fclerinnen und Sch\u00fcler <strong>verboten<\/strong>.<br \/>\nVergehen haben disziplin\u00e4re Ma\u00dfnahmen bis hin zum Ausschluss aus der Schulgemeinschaft zur Folge.<\/p>\n<p style=\"text-align: left\"><strong>6. Ordnung<\/strong><br \/>\n\u00dcberall in der Schule und um die Schule herum wird <strong>Ordnung gehalten.<\/strong> Arbeitsplatz, Klassenr\u00e4ume und G\u00e4nge werden sauber gehalten. Die M\u00fclltrennungsvorschriften sind zu beachten.<br \/>\nF\u00fcr Besch\u00e4digungen an Schuleigentum oder fremden Eigentum haftet die Verursacherin\/der Verursachter.<\/p>\n<p>Den Sch\u00fclerinnen und Sch\u00fclern steht ein eigener, versperrbarer Garderobenkasten zur Verf\u00fcgung. Dort k\u00f6nnen \u00dcberbekleidung, Stra\u00dfenschuhe, aber auch Unterrichtsmaterialien abgelegt werden.<br \/>\nIn einem vorgegebenen Zeitraum gilt an der Schule <strong>Hausschuhpflicht<\/strong>. W\u00e4hrend dieser Zeit m\u00fcssen die<br \/>\nStra\u00dfenschuhe im Garderobenkasten aufbewahrt werden. Socken sind aus sicherheitstechnischen Gr\u00fcnden kein Hausschuhersatz. Sneakers, die ausschlie\u00dflich im Schulgeb\u00e4ude getragen werden, sind erlaubt.<\/p>\n<p style=\"text-align: left\"><strong>7. Verhalten<br \/>\n<\/strong>Wenn sp\u00e4testens 5 Minuten nach Unterrichtsbeginn noch keine Lehrerin\/kein Lehrer in der Klasse ist, muss die Klassensprecherin\/der Klassensprecher bzw. eine andere Person des Klassenverbandes dies sofort im Sekretariat melden.<br \/>\nIn der Zwischenzeit ist Ruhe zu bewahren und der Klassenraum darf nicht verlassen werden.<\/p>\n<p>Findet der Unterricht in den Funktionsr\u00e4umen statt, versammeln sich die Sch\u00fclerinnen und Sch\u00fcler erst kurz vor dem L\u00e4uten vor dem jeweiligen Raum. Die G\u00e4nge werden freigehalten:<br \/>\nDie Regeln des jeweiligen Funktionsraumes sind einzuhalten.<\/p>\n<p>Verl\u00e4sst eine Klasse den eigenen Klassenraum, wird dieser aufger\u00e4umt und sauber hinterlassen. Pers\u00f6nliche Gegenst\u00e4nde werden mitgenommen oder gut verwahrt. Die Fenster werden geschlossen, das Licht wird ausgeschaltet.<br \/>\nZu Unterrichtsende werden alle Sessel auf die B\u00e4nke gestellt.<\/p>\n<p>W\u00e4hrend des Unterrichtes bleiben alle elektronischen Ger\u00e4te (zum Beispiel Handys, Tablets, Laptops, usw.) ausgeschaltet &#8211; au\u00dfer deren Ben\u00fctzung wird von der unterrichtenden Person gestattet.<br \/>\nF\u00fcr die Unterstufe gilt dieses Verbot vom Betreten des Schulgeb\u00e4udes bis zum Unterrichtsende &#8211; auch in den Pausen.<\/p>\n<p>Bild- und Tonaufnahmen unterliegen der in \u00d6sterreich geltenden Rechtsordnung und d\u00fcrfen am Schulgel\u00e4nde nur mit Genehmigung der Schulleitung erfolgen.<\/p>\n<p>Kleidung und optisches Erscheinungsbild der Sch\u00fclerinnen und Sch\u00fcler sollen der jeweiligen Schul- und Wettersituation angemessen sein und dem Arbeitsplatz Schule sowie den Wertevorstellungen entsprechen (keine Hotpants, Bustiers oder Jogginghosen au\u00dferhalb des Sportunterrichts).<\/p>\n<p style=\"text-align: left\">\n","protected":false},"excerpt":{"rendered":"<p class=\"post-excerpt\">Viele unterschiedliche Menschen lernen und arbeiten zusammen in unserer Schule. Daf\u00fcr gelten folgende Regeln: 1. Gef\u00e4hrdung Auf sich selbst und&hellip;<\/p>\n<div class=\"link-more\"><a href=\"https:\/\/www.europagymnasium.at\/de\/hausordnung\/\">Continue reading<span class=\"screen-reader-text\"> \"Hausordnung\"<\/span>&hellip;<\/a><\/div>","protected":false},"author":1,"featured_media":0,"parent":0,"menu_order":0,"comment_status":"open","ping_status":"open","template":"","meta":{"footnotes":""},"class_list":["post-17","page","type-page","status-publish","hentry"],"_links":{"self":[{"href":"https:\/\/www.europagymnasium.at\/de\/wp-json\/wp\/v2\/pages\/17","targetHints":{"allow":["GET"]}}],"collection":[{"href":"https:\/\/www.europagymnasium.at\/de\/wp-json\/wp\/v2\/pages"}],"about":[{"href":"https:\/\/www.europagymnasium.at\/de\/wp-json\/wp\/v2\/types\/page"}],"author":[{"embeddable":true,"href":"https:\/\/www.europagymnasium.at\/de\/wp-json\/wp\/v2\/users\/1"}],"replies":[{"embeddable":true,"href":"https:\/\/www.europagymnasium.at\/de\/wp-json\/wp\/v2\/comments?post=17"}],"version-history":[{"count":11,"href":"https:\/\/www.europagymnasium.at\/de\/wp-json\/wp\/v2\/pages\/17\/revisions"}],"predecessor-version":[{"id":26308,"href":"https:\/\/www.europagymnasium.at\/de\/wp-json\/wp\/v2\/pages\/17\/revisions\/26308"}],"wp:attachment":[{"href":"https:\/\/www.europagymnasium.at\/de\/wp-json\/wp\/v2\/media?parent=17"}],"curies":[{"name":"wp","href":"https:\/\/api.w.org\/{rel}","templated":true}]}}