{"id":15,"date":"2011-11-25T08:31:13","date_gmt":"2011-11-25T08:31:13","guid":{"rendered":"http:\/\/carogruen.setanodus.net\/europagymnasium\/?page_id=15"},"modified":"2021-12-28T13:04:48","modified_gmt":"2021-12-28T12:04:48","slug":"leitlinien","status":"publish","type":"page","link":"https:\/\/www.europagymnasium.at\/de\/leitlinien\/","title":{"rendered":"Leitbild"},"content":{"rendered":"<p><a href=\"http:\/\/www.europagymnasium.at\/wp-content\/uploads\/2011\/11\/header-leitbild.jpg\"><img decoding=\"async\" class=\"alignnone wp-image-191\" title=\"header-leitbild\" src=\"http:\/\/www.europagymnasium.at\/wp-content\/uploads\/2011\/11\/header-leitbild.jpg\" alt=\"\" \/><\/a><\/p>\n<p><strong>Unser gemeinsames Ziel ist es, folgende Werte zu vermitteln:<\/strong><\/p>\n<table style=\"width: 100%;\" border=\"0\" cellpadding=\"5\">\n<tbody>\n<tr>\n<td style=\"background-color: #e5e5e5;\"><strong>Fundierte Allgemeinbildung, erweitert um<\/strong><\/td>\n<\/tr>\n<tr>\n<td>\n<ul>\n<li>maximale Sprachkompetenz durch umfassendes Fremdsprachenangebot<\/li>\n<li>Beherrschung der modernen Kulturtechniken (Internet, Computer-f\u00fchrerschein)<\/li>\n<li>zukunftsorientierten Unterricht<\/li>\n<li>f\u00e4cher\u00fcbergreifende Projektarbeit<\/li>\n<\/ul>\n<\/td>\n<\/tr>\n<tr>\n<td style=\"background-color: #e5e5e5;\"><strong>Humanistische Werte als \u00dcberbegriff f\u00fcr<\/strong><\/td>\n<\/tr>\n<tr>\n<td>\n<ul>\n<li>Aufgeschlossenheit<\/li>\n<li>Verst\u00e4ndnis<\/li>\n<li>gelebte Menschlichkeit<\/li>\n<li>Sinn und Halt<\/li>\n<\/ul>\n<\/td>\n<\/tr>\n<tr>\n<td style=\"background-color: #e5e5e5;\"><strong>Flexibilit\u00e4t und Dialogf\u00e4higkeit, bestehend aus den Schl\u00fcsselqualifikationen<\/strong><\/td>\n<\/tr>\n<tr>\n<td>\n<ul>\n<li>Eigenverantwortlichkeit<\/li>\n<li>Sozialkompetenz<\/li>\n<li>Kommunikationsbereitschaft<\/li>\n<li>Teamgeist<\/li>\n<\/ul>\n<\/td>\n<\/tr>\n<tr>\n<td style=\"background-color: #e5e5e5;\"><strong>Leistungsbereitschaft und Kreativit\u00e4t als Grundlage f\u00fcr<\/strong><\/td>\n<\/tr>\n<tr>\n<td>\n<ul>\n<li>Erwerb eines angemessenen Selbstwertgef\u00fchls<\/li>\n<li>Freude an positiven Arbeitsergebnissen<\/li>\n<li>Zufriedenheit im Team<\/li>\n<li>Erfolg in Studium und Beruf im zuk\u00fcnftigen Europa<\/li>\n<\/ul>\n<\/td>\n<\/tr>\n<\/tbody>\n<\/table>\n","protected":false},"excerpt":{"rendered":"<p class=\"post-excerpt\">Unser gemeinsames Ziel ist es, folgende Werte zu vermitteln: Fundierte Allgemeinbildung, erweitert um maximale Sprachkompetenz durch umfassendes Fremdsprachenangebot Beherrschung der&hellip;<\/p>\n<div class=\"link-more\"><a href=\"https:\/\/www.europagymnasium.at\/de\/leitlinien\/\">Continue reading<span class=\"screen-reader-text\"> \"Leitbild\"<\/span>&hellip;<\/a><\/div>","protected":false},"author":1,"featured_media":0,"parent":0,"menu_order":0,"comment_status":"open","ping_status":"open","template":"","meta":{"footnotes":""},"class_list":["post-15","page","type-page","status-publish","hentry"],"_links":{"self":[{"href":"https:\/\/www.europagymnasium.at\/de\/wp-json\/wp\/v2\/pages\/15","targetHints":{"allow":["GET"]}}],"collection":[{"href":"https:\/\/www.europagymnasium.at\/de\/wp-json\/wp\/v2\/pages"}],"about":[{"href":"https:\/\/www.europagymnasium.at\/de\/wp-json\/wp\/v2\/types\/page"}],"author":[{"embeddable":true,"href":"https:\/\/www.europagymnasium.at\/de\/wp-json\/wp\/v2\/users\/1"}],"replies":[{"embeddable":true,"href":"https:\/\/www.europagymnasium.at\/de\/wp-json\/wp\/v2\/comments?post=15"}],"version-history":[{"count":2,"href":"https:\/\/www.europagymnasium.at\/de\/wp-json\/wp\/v2\/pages\/15\/revisions"}],"predecessor-version":[{"id":17166,"href":"https:\/\/www.europagymnasium.at\/de\/wp-json\/wp\/v2\/pages\/15\/revisions\/17166"}],"wp:attachment":[{"href":"https:\/\/www.europagymnasium.at\/de\/wp-json\/wp\/v2\/media?parent=15"}],"curies":[{"name":"wp","href":"https:\/\/api.w.org\/{rel}","templated":true}]}}