{"id":13,"date":"2011-11-25T08:30:02","date_gmt":"2011-11-25T08:30:02","guid":{"rendered":"http:\/\/carogruen.setanodus.net\/europagymnasium\/?page_id=13"},"modified":"2025-12-10T10:42:08","modified_gmt":"2025-12-10T09:42:08","slug":"sprechstunden","status":"publish","type":"page","link":"https:\/\/www.europagymnasium.at\/de\/sprechstunden\/","title":{"rendered":"Sprechstunden"},"content":{"rendered":"<h3 class=\"x_MsoNormal\"><b><span lang=\"DE\" data-olk-copy-source=\"MessageBody\">Link zu den Sprechstunden: (nur mehr im eingeloggten Zustand \u2013 Elternaccount!)<\/span><\/b><\/h3>\n<p class=\"x_MsoNormal\"><span lang=\"DE\">&nbsp;<\/span><span lang=\"DE\"><a title=\"https:\/\/europagymnasium.webuntis.com\/WebUntis\/?school=europagymnasium#\/basic\/login\" href=\"https:\/\/europagymnasium.webuntis.com\/WebUntis\/?school=europagymnasium#\/basic\/login\" target=\"_blank\" rel=\"noopener noreferrer\" data-auth=\"NotApplicable\" data-linkindex=\"1\">https:\/\/europagymnasium.webuntis.com\/WebUntis\/?school=europagymnasium#\/basic\/login<\/a><\/span><\/p>\n<p>&nbsp;<\/p>\n<p>&nbsp;<\/p>\n<h3 class=\"x_MsoNormal\"><span lang=\"DE\">&nbsp;<\/span><b><span lang=\"DE\">Link und Anleitung zum Erstellen des Elternaccounts:<\/span><\/b><\/h3>\n<p class=\"x_MsoNormal\"><span lang=\"DE\">&nbsp;<\/span><span lang=\"DE\">Unbedingt in einem Browser \u00f6ffnen (nicht in der App!)<\/span><\/p>\n<p class=\"x_MsoNormal\"><span lang=\"DE\">&nbsp;<\/span><span lang=\"DE\"><a title=\"https:\/\/europagymnasium.webuntis.com\/WebUntis\/?school=europagymnasium#\/basic\/login\" href=\"https:\/\/europagymnasium.webuntis.com\/WebUntis\/?school=europagymnasium#\/basic\/login\" target=\"_blank\" rel=\"noopener noreferrer\" data-auth=\"NotApplicable\" data-linkindex=\"2\">https:\/\/europagymnasium.webuntis.com\/WebUntis\/?school=europagymnasium#\/basic\/login<\/a><\/span><\/p>\n<p class=\"x_MsoNormal\"><span lang=\"DE\">&nbsp;<\/span><span lang=\"DE\">und rechts unten auf \u201eRegistrieren\u201c klicken\u2026<\/span><\/p>\n<p class=\"x_MsoNormal\"><span lang=\"DE\">Anschlie\u00dfend mit der bekanntgegebenen Eltern-E-mail-Adresse als Benutzername registrieren, d.h., sie bekommen eine Mail mit den weiteren Informationen. Dort m\u00fcssen sie dann zum Benutzernamen (E-mail) ein Passwort erstellen und best\u00e4tigen.<\/span><\/p>\n<p class=\"x_MsoNormal\"><span lang=\"DE\">Haben sie alles korrekt durchgef\u00fchrt, k\u00f6nnen sie sich im Browser oder\/und der App anmelden und sie haben die gewohnten Informationen und M\u00f6glichkeiten.<\/span><\/p>\n<p>&nbsp;<\/p>\n<p><strong>Wir bitten um Verst\u00e4ndnis, dass die Professoren w\u00e4hrend des&nbsp;Unterrichts keine Auskunft erteilen k\u00f6nnen!<\/strong> Kurzfristige \u00c4nderungen der nachstehenden Liste sind aufgrund von Krankheit oder Schulveranstaltungen jederzeit m\u00f6glich.<\/p>\n<p>&nbsp;<\/p>\n","protected":false},"excerpt":{"rendered":"<p class=\"post-excerpt\">Link zu den Sprechstunden: (nur mehr im eingeloggten Zustand \u2013 Elternaccount!) &nbsp;https:\/\/europagymnasium.webuntis.com\/WebUntis\/?school=europagymnasium#\/basic\/login &nbsp; &nbsp; &nbsp;Link und Anleitung zum Erstellen des&hellip;<\/p>\n<div class=\"link-more\"><a href=\"https:\/\/www.europagymnasium.at\/de\/sprechstunden\/\">Continue reading<span class=\"screen-reader-text\"> \"Sprechstunden\"<\/span>&hellip;<\/a><\/div>","protected":false},"author":1,"featured_media":0,"parent":0,"menu_order":0,"comment_status":"open","ping_status":"open","template":"","meta":{"footnotes":""},"class_list":["post-13","page","type-page","status-publish","hentry"],"_links":{"self":[{"href":"https:\/\/www.europagymnasium.at\/de\/wp-json\/wp\/v2\/pages\/13","targetHints":{"allow":["GET"]}}],"collection":[{"href":"https:\/\/www.europagymnasium.at\/de\/wp-json\/wp\/v2\/pages"}],"about":[{"href":"https:\/\/www.europagymnasium.at\/de\/wp-json\/wp\/v2\/types\/page"}],"author":[{"embeddable":true,"href":"https:\/\/www.europagymnasium.at\/de\/wp-json\/wp\/v2\/users\/1"}],"replies":[{"embeddable":true,"href":"https:\/\/www.europagymnasium.at\/de\/wp-json\/wp\/v2\/comments?post=13"}],"version-history":[{"count":38,"href":"https:\/\/www.europagymnasium.at\/de\/wp-json\/wp\/v2\/pages\/13\/revisions"}],"predecessor-version":[{"id":27212,"href":"https:\/\/www.europagymnasium.at\/de\/wp-json\/wp\/v2\/pages\/13\/revisions\/27212"}],"wp:attachment":[{"href":"https:\/\/www.europagymnasium.at\/de\/wp-json\/wp\/v2\/media?parent=13"}],"curies":[{"name":"wp","href":"https:\/\/api.w.org\/{rel}","templated":true}]}}