{"id":11588,"date":"2018-05-25T08:56:49","date_gmt":"2018-05-25T06:56:49","guid":{"rendered":"http:\/\/www.europagymnasium.at\/\/?page_id=11588"},"modified":"2023-03-09T12:18:04","modified_gmt":"2023-03-09T11:18:04","slug":"datenschutzerklaerung","status":"publish","type":"page","link":"https:\/\/www.europagymnasium.at\/de\/datenschutzerklaerung\/","title":{"rendered":"Datenschutzerkl\u00e4rung"},"content":{"rendered":"&nbsp;\n\n<!-- \/wp:post-content -->\n\n<!-- wp:paragraph -->\n\nDer Schutz Ihrer pers\u00f6nlichen Daten ist uns ein besonderes Anliegen. Wir verarbeiten Ihre Daten daher ausschlie\u00dflich auf Grundlage der gesetzlichen Bestimmungen (DSGVO). In diesen Datenschutzinformationen informieren wir Sie \u00fcber die wichtigsten Aspekte der Datenverarbeitung im Rahmen unserer Website.\n\n<!-- \/wp:paragraph -->\n\n<!-- wp:paragraph -->\n\n<!-- \/wp:paragraph -->\n\n<!-- wp:paragraph -->\n\n<strong>YouTube<\/strong>\nUnsere Website nutzt Plugins der von Google betriebenen Seite YouTube. Betreiber der Seiten ist die YouTube, LLC, 901 Cherry Ave., San Bruno, CA 94066, USA.\n\n<!-- \/wp:paragraph -->\n\n<!-- wp:paragraph -->\n\nWenn Sie eine unserer mit einem YouTube-Plugin ausgestatteten Seiten besuchen, wird eine Verbindung zu den Servern von YouTube hergestellt. Dabei wird dem YouTube-Server mitgeteilt, welche unserer Seiten Sie besucht haben. Wenn Sie in Ihrem YouTube-Account eingeloggt sind, erm\u00f6glichen Sie YouTube, Ihr Surfverhalten direkt Ihrem pers\u00f6nlichen Profil zuzuordnen. Dies k\u00f6nnen Sie verhindern, indem Sie sich aus Ihrem YouTube-Account ausloggen.\n\n<!-- \/wp:paragraph -->\n\n<!-- wp:paragraph -->\n\nDie Nutzung von YouTube erfolgt im Interesse einer ansprechenden Darstellung unserer Online-Angebote. Dies stellt ein berechtigtes Interesse im Sinne von Art. 6 Abs. 1 lit. f DSGVO dar.\n\n<!-- \/wp:paragraph -->\n\n<!-- wp:paragraph -->\n\nWeitere Informationen zum Umgang mit Nutzerdaten finden Sie in der Datenschutzerkl\u00e4rung von YouTube unter: https:\/\/www.google.de\/intl\/de\/policies\/privacy.\n\n<!-- \/wp:paragraph -->\n\n<!-- wp:paragraph -->\n\n<!-- \/wp:paragraph -->\n\n<!-- wp:paragraph -->\n\n<strong>Server-Log-Dateien<\/strong>\nDer Webserver speichert tempor\u00e4r automatisch Informationen in so genannten Server-Log-Dateien, die Ihr Browser an uns \u00fcbermittelt.&nbsp;\n\n<!-- \/wp:paragraph -->\n\n<!-- wp:paragraph -->\n\nDies sind:\n\n<!-- \/wp:paragraph -->\n\n<!-- wp:list -->\n<ul>\n \t<li>Browsertyp und Browserversion<\/li>\n \t<li>verwendetes Betriebssystem<\/li>\n \t<li>Referrer URL<\/li>\n \t<li>Hostname des zugreifenden Rechners<\/li>\n \t<li>Uhrzeit der Serveranfrage<\/li>\n \t<li>IP-Adresse<\/li>\n<\/ul>\n<!-- \/wp:list -->\n\n<!-- wp:paragraph -->\n\nEine Zusammenf\u00fchrung dieser Daten mit anderen Datenquellen wird nicht vorgenommen.\n\n<!-- \/wp:paragraph -->\n\n<!-- wp:paragraph -->\n\n<!-- \/wp:paragraph -->\n\n<!-- wp:paragraph -->\n\n<strong>Links zu anderen Websites<\/strong>\nUnser Online-Angebot enth\u00e4lt Links zu anderen Websites. Wir haben keinen Einfluss darauf, dass deren Betreiber die Datenschutzbestimmungen einhalten.\n\n<!-- \/wp:paragraph -->\n\n<!-- wp:paragraph -->\n\n<!-- \/wp:paragraph -->\n\n<!-- wp:paragraph -->\n\n<strong>Ihre Rechte<\/strong>\nIhnen stehen grunds\u00e4tzlich die Rechte auf Auskunft, Berichtigung, L\u00f6schung, Einschr\u00e4nkung, Daten\u00fcbertragbarkeit, Widerruf und Widerspruch zu. Wenn Sie glauben, dass die Verarbeitung Ihrer Daten gegen das Datenschutzrecht verst\u00f6\u00dft oder Ihre datenschutzrechtlichen Anspr\u00fcche sonst in einer Weise verletzt worden sind, k\u00f6nnen Sie sich bei der Aufsichtsbeh\u00f6rde beschweren.\n\n<!-- \/wp:paragraph -->\n\n<!-- wp:paragraph -->\n\n&nbsp;\n\n<!-- \/wp:paragraph -->","protected":false},"excerpt":{"rendered":"<p class=\"post-excerpt\">&nbsp; Der Schutz Ihrer pers\u00f6nlichen Daten ist uns ein besonderes Anliegen. Wir verarbeiten Ihre Daten daher ausschlie\u00dflich auf Grundlage der&hellip;<\/p>\n<div class=\"link-more\"><a href=\"https:\/\/www.europagymnasium.at\/de\/datenschutzerklaerung\/\">Continue reading<span class=\"screen-reader-text\"> \"Datenschutzerkl\u00e4rung\"<\/span>&hellip;<\/a><\/div>","protected":false},"author":1,"featured_media":0,"parent":0,"menu_order":0,"comment_status":"closed","ping_status":"closed","template":"","meta":{"ngg_post_thumbnail":0,"footnotes":""},"class_list":["post-11588","page","type-page","status-publish","hentry"],"_links":{"self":[{"href":"https:\/\/www.europagymnasium.at\/de\/wp-json\/wp\/v2\/pages\/11588","targetHints":{"allow":["GET"]}}],"collection":[{"href":"https:\/\/www.europagymnasium.at\/de\/wp-json\/wp\/v2\/pages"}],"about":[{"href":"https:\/\/www.europagymnasium.at\/de\/wp-json\/wp\/v2\/types\/page"}],"author":[{"embeddable":true,"href":"https:\/\/www.europagymnasium.at\/de\/wp-json\/wp\/v2\/users\/1"}],"replies":[{"embeddable":true,"href":"https:\/\/www.europagymnasium.at\/de\/wp-json\/wp\/v2\/comments?post=11588"}],"version-history":[{"count":10,"href":"https:\/\/www.europagymnasium.at\/de\/wp-json\/wp\/v2\/pages\/11588\/revisions"}],"predecessor-version":[{"id":23098,"href":"https:\/\/www.europagymnasium.at\/de\/wp-json\/wp\/v2\/pages\/11588\/revisions\/23098"}],"wp:attachment":[{"href":"https:\/\/www.europagymnasium.at\/de\/wp-json\/wp\/v2\/media?parent=11588"}],"curies":[{"name":"wp","href":"https:\/\/api.w.org\/{rel}","templated":true}]}}