{"id":11,"date":"2011-11-25T08:29:35","date_gmt":"2011-11-25T08:29:35","guid":{"rendered":"http:\/\/carogruen.setanodus.net\/europagymnasium\/?page_id=11"},"modified":"2026-03-03T12:27:49","modified_gmt":"2026-03-03T11:27:49","slug":"termine","status":"publish","type":"page","link":"https:\/\/www.europagymnasium.at\/de\/termine\/","title":{"rendered":"Termine 2025\/26"},"content":{"rendered":"\n<p><strong>Schulf\u00fchrungen<\/strong>: Jederzeit nach telefonischer Vereinbarung<br><br><strong>ANMELDUNGEN<\/strong> f\u00fcr das Schuljahr 2025\/26 &#8211; jederzeit nach telefonischer R\u00fccksprache 0463\/57530<br><br><strong>ANMELDUNGEN<\/strong> f\u00fcr das Schuljahr 2026\/27 &#8211; siehe unter Link Anmeldung bzw. Downloads<br><\/p>\n\n\n\n<p><strong>Unterrichtsschnuppern: <\/strong>jederzeit nach telefonischer R\u00fccksprache<br><\/p>\n\n\n\n<p><strong>Tag der Offenen T\u00fcr:<\/strong> <br><\/p>\n\n\n\n<p><strong>Elternsprechtage<\/strong><br>1. Elternsprechtag:&nbsp;<br>2. Elternsprechtag:<\/p>\n\n\n\n<p><\/p>\n\n\n\n<p><strong>Ferientermine<\/strong><br>Herbstferien: 27.10.2025 \u2014 31.10.2025<br>Weihnachtsferien: 24.12.2025 \u2014 06.01.2026<br>Semesterferien: 07.02.2026 \u2014 15.02.2026<br>Osterferien: 28.03.2026 \u2014 06.04.2026<br>Pfingstferien: 23.05.2026 \u2014 25.05.2026<br>Sommerferien: 11.07.2026 \u2014 13.09.2026<\/p>\n\n\n\n<p><strong>schulautonom freie Tage<\/strong><br>Freitag, 15. Mai 2026<br>Freitag, 05. Juni 2026<\/p>\n\n\n\n<p><\/p>\n\n\n\n<p><strong>Feiertage (schulfreie Tage)<\/strong><br>Freitag, 10. Oktober 2025 (Landesfeiertag)<br>Montag, 08. Dezember 2025 (Mari\u00e4 Empf\u00e4ngnis)<br>Donnerstag, 19. M\u00e4rz 2026 (Landesfeiertag Hl. Josef\/Josefitag)<br>Freitag, 01. Mai 2026 (Staatsfeiertag)<br>Donnerstag, 14. Mai 2026 (Christi Himmelfahrt)<br>Donnerstag, 04. Juni 2026 (Fronleichnam)<\/p>\n\n\n\n<p><\/p>\n\n\n\n<p><strong>Termine Reifepr\u00fcfungen<br><\/strong>Deutsch, <strong>5. Mai 2026<\/strong><br>Mathematik, <strong>11. Mai 2026<\/strong><br>Englisch, <strong>7. Mai 2026<\/strong><br>Franz\u00f6sisch, <strong>8. Mai 2026<\/strong><br>Italienisch, <strong>13. Mai 2026<\/strong><br>Spanisch, <strong>12. Mai 2026<\/strong><br>Latein, Griechisch, <strong>6. Mai 2026<\/strong><br>Komp.Pr\u00fcfungen, <strong>2. &#8211; 3. Juni 2026<\/strong><\/p>\n\n\n\n<p>M\u00fcndliche Reifepr\u00fcfung: 8. Juni 2026 &#8211; 19. Juni 2026<\/p>\n\n\n\n<p><strong>Sprechtag der Schulpsychologie<\/strong>: <br>MMag. Christina Zankl<br>Montag, 23.02.2026 (09:00 &#8211; 12:00 Uhr)<br>Mittwoch, 25.03.2026 (08:00 &#8211; 12:00 Uhr)<br>Mittwoch, 15.04.2026 (08:00 &#8211; 12:00 Uhr)<br>Mittwoch, 13.05.2026 (08:00 &#8211; 12:00 Uhr)<br>Mittwoch, 17.06.2026 (08:00 &#8211; 12:00 Uhr)<\/p>\n\n\n\n<p><strong>Bitte melde dich bei der Schul\u00e4rztin DDr. Ulrike Bayer oder \u00fcber<\/strong><br><strong>folgende Kontaktdaten f\u00fcr einen Beratungstermin an!<\/strong><\/p>\n<p>Tel.Nr.: 050534-14104 oder per Email christina.zankl@bildung-ktn.gv.at<\/p>\n\n\n\n<p>&nbsp;<\/p>\n<p>&nbsp;<\/p>\n\n\n\n<p>&nbsp;<\/p>\n<p>&nbsp;<\/p>\n\n\n\n<p><\/p>\n\n\n\n\n\n\n\n<p><\/p>\n\n\n\n\n","protected":false},"excerpt":{"rendered":"<p class=\"post-excerpt\">Schulf\u00fchrungen: Jederzeit nach telefonischer Vereinbarung ANMELDUNGEN f\u00fcr das Schuljahr 2025\/26 &#8211; jederzeit nach telefonischer R\u00fccksprache 0463\/57530 ANMELDUNGEN f\u00fcr das Schuljahr&hellip;<\/p>\n<div class=\"link-more\"><a href=\"https:\/\/www.europagymnasium.at\/de\/termine\/\">Continue reading<span class=\"screen-reader-text\"> \"Termine 2025\/26\"<\/span>&hellip;<\/a><\/div>","protected":false},"author":1,"featured_media":0,"parent":0,"menu_order":0,"comment_status":"open","ping_status":"open","template":"","meta":{"footnotes":""},"class_list":["post-11","page","type-page","status-publish","hentry"],"_links":{"self":[{"href":"https:\/\/www.europagymnasium.at\/de\/wp-json\/wp\/v2\/pages\/11","targetHints":{"allow":["GET"]}}],"collection":[{"href":"https:\/\/www.europagymnasium.at\/de\/wp-json\/wp\/v2\/pages"}],"about":[{"href":"https:\/\/www.europagymnasium.at\/de\/wp-json\/wp\/v2\/types\/page"}],"author":[{"embeddable":true,"href":"https:\/\/www.europagymnasium.at\/de\/wp-json\/wp\/v2\/users\/1"}],"replies":[{"embeddable":true,"href":"https:\/\/www.europagymnasium.at\/de\/wp-json\/wp\/v2\/comments?post=11"}],"version-history":[{"count":130,"href":"https:\/\/www.europagymnasium.at\/de\/wp-json\/wp\/v2\/pages\/11\/revisions"}],"predecessor-version":[{"id":27524,"href":"https:\/\/www.europagymnasium.at\/de\/wp-json\/wp\/v2\/pages\/11\/revisions\/27524"}],"wp:attachment":[{"href":"https:\/\/www.europagymnasium.at\/de\/wp-json\/wp\/v2\/media?parent=11"}],"curies":[{"name":"wp","href":"https:\/\/api.w.org\/{rel}","templated":true}]}}