{"id":10228,"date":"2016-12-01T09:39:27","date_gmt":"2016-12-01T08:39:27","guid":{"rendered":"http:\/\/www.europagymnasium.at\/\/?page_id=10228"},"modified":"2022-07-22T18:04:04","modified_gmt":"2022-07-22T16:04:04","slug":"auszeichnungen","status":"publish","type":"page","link":"https:\/\/www.europagymnasium.at\/de\/auszeichnungen\/","title":{"rendered":"Auszeichnungen"},"content":{"rendered":"<p>eEducation Austria Expert+ Schule<\/p>\n<blockquote class=\"wp-embedded-content\" data-secret=\"YOB7xpKtaC\"><p><a href=\"http:\/\/www.europagymnasium.at\/de\/2022\/07\/eeducation-expert-schule-2\/\">eEducation Expert+ Schule<\/a><\/p><\/blockquote>\n<p><iframe loading=\"lazy\" class=\"wp-embedded-content\" sandbox=\"allow-scripts\" security=\"restricted\" style=\"position: absolute; clip: rect(1px, 1px, 1px, 1px);\" title=\"&#8222;eEducation Expert+ Schule&#8220; &#8212; Europagymnasium Klagenfurt am W\u00f6rthersee\" src=\"http:\/\/www.europagymnasium.at\/de\/2022\/07\/eeducation-expert-schule-2\/embed\/#?secret=bl1Bw95USs#?secret=YOB7xpKtaC\" data-secret=\"YOB7xpKtaC\" width=\"600\" height=\"338\" frameborder=\"0\" marginwidth=\"0\" marginheight=\"0\" scrolling=\"no\"><\/iframe><\/p>\n<p>&nbsp;<\/p>\n<p>Kooperationsschule 2017 &#8211; 2021<\/p>\n<blockquote class=\"wp-embedded-content\" data-secret=\"JCfqcDbhBl\"><p><a href=\"http:\/\/www.europagymnasium.at\/de\/2017\/11\/kooperationsschule-2017-2021\/\">Kooperationsschule 2017 &#8211; 2021<\/a><\/p><\/blockquote>\n<p><iframe loading=\"lazy\" class=\"wp-embedded-content\" sandbox=\"allow-scripts\" security=\"restricted\" style=\"position: absolute; clip: rect(1px, 1px, 1px, 1px);\" title=\"&#8222;Kooperationsschule 2017 &#8211; 2021&#8220; &#8212; Europagymnasium Klagenfurt am W\u00f6rthersee\" src=\"http:\/\/www.europagymnasium.at\/de\/2017\/11\/kooperationsschule-2017-2021\/embed\/#?secret=u8bgzMbVQF#?secret=JCfqcDbhBl\" data-secret=\"JCfqcDbhBl\" width=\"600\" height=\"338\" frameborder=\"0\" marginwidth=\"0\" marginheight=\"0\" scrolling=\"no\"><\/iframe><\/p>\n<p>&nbsp;<\/p>\n<p>&nbsp;<\/p>\n<p>\u00d6KO LOG<\/p>\n<blockquote class=\"wp-embedded-content\" data-secret=\"8Pt96OjSAs\"><p><a href=\"http:\/\/www.europagymnasium.at\/de\/2019\/12\/auszeichnung-oeko-log\/\">Auszeichnung: \u00d6KO LOG<\/a><\/p><\/blockquote>\n<p><iframe loading=\"lazy\" class=\"wp-embedded-content\" sandbox=\"allow-scripts\" security=\"restricted\" style=\"position: absolute; clip: rect(1px, 1px, 1px, 1px);\" title=\"&#8222;Auszeichnung: \u00d6KO LOG&#8220; &#8212; Europagymnasium Klagenfurt am W\u00f6rthersee\" src=\"http:\/\/www.europagymnasium.at\/de\/2019\/12\/auszeichnung-oeko-log\/embed\/#?secret=yYAxU4Oxov#?secret=8Pt96OjSAs\" data-secret=\"8Pt96OjSAs\" width=\"600\" height=\"338\" frameborder=\"0\" marginwidth=\"0\" marginheight=\"0\" scrolling=\"no\"><\/iframe><\/p>\n<p>&nbsp;<\/p>\n<p>Singende Klingende Schule<\/p>\n<blockquote class=\"wp-embedded-content\" data-secret=\"aWTTWbUdB9\"><p><a href=\"http:\/\/www.europagymnasium.at\/de\/2018\/03\/singende-klingende-schule-2\/\">SINGENDE-KLINGENDE-SCHULE<\/a><\/p><\/blockquote>\n<p><iframe loading=\"lazy\" class=\"wp-embedded-content\" sandbox=\"allow-scripts\" security=\"restricted\" style=\"position: absolute; clip: rect(1px, 1px, 1px, 1px);\" title=\"&#8222;SINGENDE-KLINGENDE-SCHULE&#8220; &#8212; Europagymnasium Klagenfurt am W\u00f6rthersee\" src=\"http:\/\/www.europagymnasium.at\/de\/2018\/03\/singende-klingende-schule-2\/embed\/#?secret=MJVom65265#?secret=aWTTWbUdB9\" data-secret=\"aWTTWbUdB9\" width=\"600\" height=\"338\" frameborder=\"0\" marginwidth=\"0\" marginheight=\"0\" scrolling=\"no\"><\/iframe><\/p>\n<p>Sportg\u00fctesiegel<\/p>\n<blockquote class=\"wp-embedded-content\" data-secret=\"c8JdoM502K\"><p><a href=\"http:\/\/www.europagymnasium.at\/de\/2015\/11\/sportguetesiegel-in-silber\/\">Sportg\u00fctesiegel in Silber<\/a><\/p><\/blockquote>\n<p><iframe loading=\"lazy\" class=\"wp-embedded-content\" sandbox=\"allow-scripts\" security=\"restricted\" style=\"position: absolute; clip: rect(1px, 1px, 1px, 1px);\" title=\"&#8222;Sportg\u00fctesiegel in Silber&#8220; &#8212; Europagymnasium Klagenfurt am W\u00f6rthersee\" src=\"http:\/\/www.europagymnasium.at\/de\/2015\/11\/sportguetesiegel-in-silber\/embed\/#?secret=juoZsWA4M0#?secret=c8JdoM502K\" data-secret=\"c8JdoM502K\" width=\"600\" height=\"338\" frameborder=\"0\" marginwidth=\"0\" marginheight=\"0\" scrolling=\"no\"><\/iframe><\/p>\n<p>VWA Pr\u00e4mierungen<\/p>\n<blockquote class=\"wp-embedded-content\" data-secret=\"j1QcFWLR9S\"><p><a href=\"http:\/\/www.europagymnasium.at\/de\/2016\/05\/erfolgreiches-europagymnasium\/\">ERFOLGREICHES EUROPAGYMNASIUM<\/a><\/p><\/blockquote>\n<p><iframe loading=\"lazy\" class=\"wp-embedded-content\" sandbox=\"allow-scripts\" security=\"restricted\" style=\"position: absolute; clip: rect(1px, 1px, 1px, 1px);\" title=\"&#8222;ERFOLGREICHES EUROPAGYMNASIUM&#8220; &#8212; Europagymnasium Klagenfurt am W\u00f6rthersee\" src=\"http:\/\/www.europagymnasium.at\/de\/2016\/05\/erfolgreiches-europagymnasium\/embed\/#?secret=FEdXh2NRmB#?secret=j1QcFWLR9S\" data-secret=\"j1QcFWLR9S\" width=\"600\" height=\"338\" frameborder=\"0\" marginwidth=\"0\" marginheight=\"0\" scrolling=\"no\"><\/iframe><\/p>\n<p>&nbsp;<\/p>\n<p>Sprachwettbewerbe<\/p>\n<blockquote class=\"wp-embedded-content\" data-secret=\"VpbhqELHPZ\"><p><a href=\"http:\/\/www.europagymnasium.at\/de\/2019\/06\/ehrung-fuer-besondere-schulische-und-ausserschulische-leistungen\/\">Ehrung f\u00fcr besondere schulische und au\u00dferschulische Leistungen<\/a><\/p><\/blockquote>\n<p><iframe loading=\"lazy\" class=\"wp-embedded-content\" sandbox=\"allow-scripts\" security=\"restricted\" style=\"position: absolute; clip: rect(1px, 1px, 1px, 1px);\" title=\"&#8222;Ehrung f\u00fcr besondere schulische und au\u00dferschulische Leistungen&#8220; &#8212; Europagymnasium Klagenfurt am W\u00f6rthersee\" src=\"http:\/\/www.europagymnasium.at\/de\/2019\/06\/ehrung-fuer-besondere-schulische-und-ausserschulische-leistungen\/embed\/#?secret=VTZ0wuwVys#?secret=VpbhqELHPZ\" data-secret=\"VpbhqELHPZ\" width=\"600\" height=\"338\" frameborder=\"0\" marginwidth=\"0\" marginheight=\"0\" scrolling=\"no\"><\/iframe><\/p>\n<p>Erste Hilfe Fit<\/p>\n<blockquote class=\"wp-embedded-content\" data-secret=\"S09VE6FTj7\"><p><a href=\"http:\/\/www.europagymnasium.at\/de\/2016\/11\/geschafft-wir-sind-erste-hilfe-fit\/\">Geschafft! \u2013 Wir sind Erste Hilfe Fit!<\/a><\/p><\/blockquote>\n<p><iframe loading=\"lazy\" class=\"wp-embedded-content\" sandbox=\"allow-scripts\" security=\"restricted\" style=\"position: absolute; clip: rect(1px, 1px, 1px, 1px);\" title=\"&#8222;Geschafft! \u2013 Wir sind Erste Hilfe Fit!&#8220; &#8212; Europagymnasium Klagenfurt am W\u00f6rthersee\" src=\"http:\/\/www.europagymnasium.at\/de\/2016\/11\/geschafft-wir-sind-erste-hilfe-fit\/embed\/#?secret=r4maXf8q5e#?secret=S09VE6FTj7\" data-secret=\"S09VE6FTj7\" width=\"600\" height=\"338\" frameborder=\"0\" marginwidth=\"0\" marginheight=\"0\" scrolling=\"no\"><\/iframe><\/p>\n<p>Kantine (Gesunde Jause)<\/p>\n<blockquote class=\"wp-embedded-content\" data-secret=\"OcU16OUpdC\"><p><a href=\"http:\/\/www.europagymnasium.at\/de\/2014\/03\/unser-schulbuffet-voll-gut-die-jause\/\">Unser Schulbuffet &#8211; Voll gut die Jause!<\/a><\/p><\/blockquote>\n<p><iframe loading=\"lazy\" class=\"wp-embedded-content\" sandbox=\"allow-scripts\" security=\"restricted\" style=\"position: absolute; clip: rect(1px, 1px, 1px, 1px);\" title=\"&#8222;Unser Schulbuffet &#8211; Voll gut die Jause!&#8220; &#8212; Europagymnasium Klagenfurt am W\u00f6rthersee\" src=\"http:\/\/www.europagymnasium.at\/de\/2014\/03\/unser-schulbuffet-voll-gut-die-jause\/embed\/#?secret=YCIQJ1XofE#?secret=OcU16OUpdC\" data-secret=\"OcU16OUpdC\" width=\"600\" height=\"338\" frameborder=\"0\" marginwidth=\"0\" marginheight=\"0\" scrolling=\"no\"><\/iframe><\/p>\n<p>&nbsp;<\/p>\n","protected":false},"excerpt":{"rendered":"<p class=\"post-excerpt\">eEducation Austria Expert+ Schule eEducation Expert+ Schule &nbsp; Kooperationsschule 2017 &#8211; 2021 Kooperationsschule 2017 &#8211; 2021 &nbsp; &nbsp; \u00d6KO LOG&hellip;<\/p>\n<div class=\"link-more\"><a href=\"https:\/\/www.europagymnasium.at\/de\/auszeichnungen\/\">Continue reading<span class=\"screen-reader-text\"> \"Auszeichnungen\"<\/span>&hellip;<\/a><\/div>","protected":false},"author":1,"featured_media":0,"parent":0,"menu_order":0,"comment_status":"closed","ping_status":"closed","template":"","meta":{"ngg_post_thumbnail":0,"footnotes":""},"class_list":["post-10228","page","type-page","status-publish","hentry"],"_links":{"self":[{"href":"https:\/\/www.europagymnasium.at\/de\/wp-json\/wp\/v2\/pages\/10228","targetHints":{"allow":["GET"]}}],"collection":[{"href":"https:\/\/www.europagymnasium.at\/de\/wp-json\/wp\/v2\/pages"}],"about":[{"href":"https:\/\/www.europagymnasium.at\/de\/wp-json\/wp\/v2\/types\/page"}],"author":[{"embeddable":true,"href":"https:\/\/www.europagymnasium.at\/de\/wp-json\/wp\/v2\/users\/1"}],"replies":[{"embeddable":true,"href":"https:\/\/www.europagymnasium.at\/de\/wp-json\/wp\/v2\/comments?post=10228"}],"version-history":[{"count":13,"href":"https:\/\/www.europagymnasium.at\/de\/wp-json\/wp\/v2\/pages\/10228\/revisions"}],"predecessor-version":[{"id":22140,"href":"https:\/\/www.europagymnasium.at\/de\/wp-json\/wp\/v2\/pages\/10228\/revisions\/22140"}],"wp:attachment":[{"href":"https:\/\/www.europagymnasium.at\/de\/wp-json\/wp\/v2\/media?parent=10228"}],"curies":[{"name":"wp","href":"https:\/\/api.w.org\/{rel}","templated":true}]}}